{"id":7765,"date":"2021-08-03T12:04:03","date_gmt":"2021-08-03T10:04:03","guid":{"rendered":"http:\/\/test.pdap.de\/?page_id=7765"},"modified":"2023-03-28T09:27:40","modified_gmt":"2023-03-28T07:27:40","slug":"digitalisierung","status":"publish","type":"page","link":"https:\/\/pdap.de\/en\/digitalisierung\/","title":{"rendered":"Digitalization"},"content":{"rendered":"<p>[et_pb_section fb_built=&#8220;1&#8243; fullwidth=&#8220;on&#8220; _builder_version=&#8220;4.19.5&#8243; _module_preset=&#8220;default&#8220; global_colors_info=&#8220;{}&#8220;][et_pb_fullwidth_slider use_bg_overlay=&#8220;off&#8220; use_text_overlay=&#8220;off&#8220; _builder_version=&#8220;4.19.5&#8243; _module_preset=&#8220;default&#8220; header_level=&#8220;h1&#8243; header_font=&#8220;||||||||&#8220; header_text_color=&#8220;#686868&#8243; header_font_size=&#8220;26px&#8220; body_font_size=&#8220;20px&#8220; custom_button=&#8220;on&#8220; button_text_size=&#8220;18px&#8220; button_text_color=&#8220;#868686&#8243; button_bg_color=&#8220;rgba(255,255,255,0.62)&#8220; button_border_width=&#8220;2px&#8220; button_border_color=&#8220;#ffffff&#8220; button_alignment=&#8220;right&#8220; content_width_tablet=&#8220;55%&#8220; content_width_phone=&#8220;100%&#8220; content_width_last_edited=&#8220;on|phone&#8220; height_tablet=&#8220;410px&#8220; height_phone=&#8220;380px&#8220; height_last_edited=&#8220;on|phone&#8220; max_height_last_edited=&#8220;off|desktop&#8220; custom_margin=&#8220;||||false|false&#8220; custom_padding=&#8220;||||false|false&#8220; auto=&#8220;on&#8220; auto_speed=&#8220;4500&#8243; hover_enabled=&#8220;0&#8243; header_font_size_tablet=&#8220;18px&#8220; header_font_size_phone=&#8220;16px&#8220; header_font_size_last_edited=&#8220;on|phone&#8220; button_text_size_tablet=&#8220;15px&#8220; button_text_size_phone=&#8220;14px&#8220; button_text_size_last_edited=&#8220;on|tablet&#8220; custom_css_slide_description=&#8220;animation-name: none; !important&#8220; header_text_shadow_style=&#8220;preset1&#8243; header_text_shadow_color=&#8220;rgba(127,127,127,0.4)&#8220; global_colors_info=&#8220;{}&#8220; custom_css_slide_description_last_edited=&#8220;off|tablet&#8220; sticky_enabled=&#8220;0&#8243;][et_pb_slide heading_last_edited=&#8220;off|tablet&#8220; _builder_version=&#8220;4.19.5&#8243; _module_preset=&#8220;default&#8220; background_enable_color=&#8220;off&#8220; background_image=&#8220;https:\/\/pdap.de\/wp-content\/uploads\/2023\/03\/banner-digitalisierung.jpg&#8220; background_enable_image=&#8220;on&#8220; custom_button=&#8220;on&#8220; button_text_color=&#8220;#ffffff&#8220; button_alignment=&#8220;center&#8220; hover_enabled=&#8220;0&#8243; background_last_edited=&#8220;on|phone&#8220; background_image_phone=&#8220;https:\/\/pdap.de\/wp-content\/uploads\/2023\/03\/banner-digitalisierung-mobil.jpg&#8220; background_enable_image_phone=&#8220;on&#8220; custom_css_slide_button=&#8220;position: absolute;||left: 10;||right: 0;||bottom: 0;||margin-left: 400px;||margin-right: 80px;||margin-bottom: 100px&#8220; global_colors_info=&#8220;{}&#8220; custom_css_slide_button_last_edited=&#8220;on|phone&#8220; custom_css_slide_button_tablet=&#8220;position: absolute;||left: 0;||right: 0;||bottom: 0;||margin-left: 100px;||margin-right: 100px;||margin-bottom: 130px;&#8220; custom_css_slide_button_phone=&#8220;position: absolute;||left: 0;||right: 0;||bottom: 0;||margin-left: 100px;||margin-right: 100px;||margin-bottom: 130px;&#8220; sticky_transition=&#8220;on&#8220; title_text=&#8220;Factory,Female,Industrial,Engineer,Working,With,Automation,Robot,Arms,Machine&#8220; sticky_enabled=&#8220;0&#8243;][\/et_pb_slide][\/et_pb_fullwidth_slider][\/et_pb_section][et_pb_section fb_built=&#8220;1&#8243; _builder_version=&#8220;4.19.5&#8243; _module_preset=&#8220;default&#8220; custom_margin=&#8220;-2px|||||&#8220; custom_padding=&#8220;||||false|false&#8220; global_colors_info=&#8220;{}&#8220;][et_pb_row _builder_version=&#8220;4.19.5&#8243; _module_preset=&#8220;default&#8220; custom_padding=&#8220;0px||4px||false|false&#8220; global_colors_info=&#8220;{}&#8220;][et_pb_column type=&#8220;4_4&#8243; _builder_version=&#8220;4.16&#8243; _module_preset=&#8220;default&#8220; global_colors_info=&#8220;{}&#8220;][lwp_divi_breadcrumbs home_text=&#8220;Start&#8220; _builder_version=&#8220;4.19.5&#8243; _module_preset=&#8220;default&#8220; custom_margin=&#8220;||||false|false&#8220; global_colors_info=&#8220;{}&#8220;][\/lwp_divi_breadcrumbs][et_pb_text _builder_version=&#8220;4.16&#8243; _module_preset=&#8220;default&#8220; custom_margin=&#8220;||||false|false&#8220; custom_padding=&#8220;||||false|false&#8220; global_colors_info=&#8220;{}&#8220;]<\/p>\n<h2>Opportunities of digitally networked IT systems<\/h2>\n<p><span>Digitization is uncovering great potential and opportunities. Digitizing companies means optimizing work processes with digital solutions and using data management to make work more efficient. Manageable digital processes are machine connections or the coupling of ERP and\/or other systems. We support companies in <\/span><span>Bringing data together for maximum benefit. <\/span><\/p>\n<p style=\"text-align: left;\">Particularly in the area of small and medium-sized enterprises, there are many opportunities to tackle this with smaller projects - whether in the area of machine connection or the coupling of ERP and\/or other systems.<\/p>\n<p style=\"text-align: left;\">Digital quality management can be not only part of, but also a pacemaker for the digitization of a company - an important part of the value chain. It will optimize the exchange within the company as well as with customers and business partners and make it more flexible.<\/p>\n<p style=\"text-align: left;\">Digitization is a strategic decision and requires a digitization roadmap with technical and organizational specifications.<\/p>\n<p>[\/et_pb_text][\/et_pb_column][\/et_pb_row][et_pb_row _builder_version=&#8220;4.16&#8243; _module_preset=&#8220;default&#8220; custom_padding=&#8220;2px||6px|||&#8220; global_colors_info=&#8220;{}&#8220;][et_pb_column type=&#8220;4_4&#8243; _builder_version=&#8220;4.16&#8243; _module_preset=&#8220;default&#8220; global_colors_info=&#8220;{}&#8220;][et_pb_divider divider_position=&#8220;center&#8220; divider_weight=&#8220;1px&#8220; _builder_version=&#8220;4.16&#8243; _module_preset=&#8220;default&#8220; background_color=&#8220;RGBA(0,0,0,0)&#8220; module_alignment=&#8220;center&#8220; custom_margin=&#8220;2px|||||&#8220; global_colors_info=&#8220;{}&#8220;][\/et_pb_divider][\/et_pb_column][\/et_pb_row][et_pb_row _builder_version=&#8220;4.16&#8243; _module_preset=&#8220;default&#8220; custom_padding=&#8220;||4px|||&#8220; global_colors_info=&#8220;{}&#8220;][et_pb_column type=&#8220;4_4&#8243; _builder_version=&#8220;4.16&#8243; _module_preset=&#8220;default&#8220; global_colors_info=&#8220;{}&#8220;][et_pb_text _builder_version=&#8220;4.16&#8243; _module_preset=&#8220;default&#8220; header_4_font_size=&#8220;16px&#8220; global_colors_info=&#8220;{}&#8220;]<\/p>\n<h3>Risk assessment and risk management matrix<\/h3>\n<h4>Example for the assessment of systemic risks with feedback<\/h4>\n<p>[\/et_pb_text][\/et_pb_column][\/et_pb_row][et_pb_row column_structure=&#8220;1_2,1_2&#8243; _builder_version=&#8220;4.16&#8243; _module_preset=&#8220;default&#8220; custom_margin=&#8220;1px|auto||auto||&#8220; custom_padding=&#8220;0px||0px|||&#8220; global_colors_info=&#8220;{}&#8220;][et_pb_column type=&#8220;1_2&#8243; _builder_version=&#8220;4.16&#8243; _module_preset=&#8220;default&#8220; global_colors_info=&#8220;{}&#8220;][et_pb_text _builder_version=&#8220;4.16&#8243; _module_preset=&#8220;default&#8220; header_4_font_size=&#8220;16px&#8220; custom_padding=&#8220;||0px|||&#8220; global_colors_info=&#8220;{}&#8220;]<\/p>\n<ul>\n<li>Analysis across all connected systems and machines over any period of time<\/li>\n<li>One-page views<\/li>\n<li>KPI boards and score cards (<a href=\"https:\/\/pdap.de\/en\/faq-2\/kontinuierliche-risikobegleitung-mit-3d-risk-matrix-dashboard-inkl-indikator-ampel\/\">Traffic light factor<\/a>)<\/li>\n<li>Basis for management reviews<\/li>\n<li>Display in browser<\/li>\n<\/ul>\n<h4>Additional areas include:<\/h4>\n<ul>\n<li>Traceability of production processes<\/li>\n<li>Presentation of production data for customers<\/li>\n<li>Linking with other companies<\/li>\n<li>Location-independent availability of the relevant data<\/li>\n<\/ul>\n<p>[\/et_pb_text][\/et_pb_column][et_pb_column type=&#8220;1_2&#8243; _builder_version=&#8220;4.16&#8243; _module_preset=&#8220;default&#8220; global_colors_info=&#8220;{}&#8220;][et_pb_image src=&#8220;https:\/\/pdap.de\/wp-content\/uploads\/2021\/10\/risk-matrix-dashboard-digitalisierung.png&#8220; alt=&#8220;Digitalisierung: Dashboard f\u00fcr Risk Assessment &#038; Risk Management Matrix&#8220; title_text=&#8220;Prozesse und Systeme in Risikobereichen beurteilen&#8220; show_in_lightbox=&#8220;on&#8220; align=&#8220;center&#8220; _builder_version=&#8220;4.16&#8243; _module_preset=&#8220;default&#8220; width=&#8220;100%&#8220; global_colors_info=&#8220;{}&#8220;][\/et_pb_image][\/et_pb_column][\/et_pb_row][et_pb_row _builder_version=&#8220;4.16&#8243; _module_preset=&#8220;default&#8220; custom_padding=&#8220;2px||0px|||&#8220; global_colors_info=&#8220;{}&#8220;][et_pb_column type=&#8220;4_4&#8243; _builder_version=&#8220;4.16&#8243; _module_preset=&#8220;default&#8220; global_colors_info=&#8220;{}&#8220;][et_pb_divider divider_position=&#8220;center&#8220; divider_weight=&#8220;1px&#8220; _builder_version=&#8220;4.16&#8243; _module_preset=&#8220;default&#8220; background_color=&#8220;RGBA(0,0,0,0)&#8220; module_alignment=&#8220;center&#8220; custom_margin=&#8220;2px||-2px|||&#8220; custom_padding=&#8220;||2px|||&#8220; global_colors_info=&#8220;{}&#8220;][\/et_pb_divider][et_pb_text _builder_version=&#8220;4.16&#8243; _module_preset=&#8220;default&#8220; custom_padding=&#8220;16px|||||&#8220; global_colors_info=&#8220;{}&#8220;]<\/p>\n<h3>Digitization means security<\/h3>\n<h4>Performance &amp; security for mission-critical requirements<\/h4>\n<p>[\/et_pb_text][\/et_pb_column][\/et_pb_row][et_pb_row column_structure=&#8220;1_2,1_2&#8243; _builder_version=&#8220;4.16&#8243; _module_preset=&#8220;default&#8220; custom_margin=&#8220;-3px|auto||auto||&#8220; custom_padding=&#8220;16px|||||&#8220; global_colors_info=&#8220;{}&#8220;][et_pb_column type=&#8220;1_2&#8243; _builder_version=&#8220;4.16&#8243; _module_preset=&#8220;default&#8220; global_colors_info=&#8220;{}&#8220;][et_pb_testimonial quote_icon=&#8220;off&#8220; _builder_version=&#8220;4.16&#8243; _module_preset=&#8220;default&#8220; custom_margin=&#8220;||||false|false&#8220; custom_padding=&#8220;18px||6px||false|false&#8220; global_colors_info=&#8220;{}&#8220;]<\/p>\n<p style=\"text-align: center;\"><em>Components for mission-critical security are a special focus. Meet the upcoming requirements of the ePrivacy Regulation today, which will expand the current regulations of the DSGVO.<\/em><\/p>\n<p>[\/et_pb_testimonial][et_pb_text _builder_version=&#8220;4.16&#8243; _module_preset=&#8220;default&#8220; global_colors_info=&#8220;{}&#8220;]<\/p>\n<p>PDAP supports the latest versions of Microsoft's flagship SQL Server database.<\/p>\n<p>Transparent Data Encryption (TDE) for the Reporting Portal supports you in coupling all important systems in a central platform while simultaneously delimiting access rights in the PDAP Management View in a security-relevant manner. Always Encrypted with Secure Enclaves also offers the option, if required, of specially secured process rooms in the server itself, to which neither administrators nor debug processes have access.<\/p>\n<p>[\/et_pb_text][et_pb_testimonial quote_icon=&#8220;off&#8220; _builder_version=&#8220;4.16&#8243; _module_preset=&#8220;default&#8220; custom_padding=&#8220;18px||6px||false|false&#8220; global_colors_info=&#8220;{}&#8220;]<\/p>\n<p style=\"text-align: center;\"><em>PDAP database security from encryption Trojans.<\/em><\/p>\n<p>[\/et_pb_testimonial][\/et_pb_column][et_pb_column type=&#8220;1_2&#8243; _builder_version=&#8220;4.16&#8243; _module_preset=&#8220;default&#8220; global_colors_info=&#8220;{}&#8220;][et_pb_image src=&#8220;https:\/\/pdap.de\/wp-content\/uploads\/2021\/10\/sicherheit-durch-digitalisierung.jpg&#8220; alt=&#8220;Digitalisierung mit PDAP&#8220; title_text=&#8220;Digitalisierung f\u00fcr mehr Sicherheit&#8220; show_in_lightbox=&#8220;on&#8220; align=&#8220;right&#8220; _builder_version=&#8220;4.16&#8243; _module_preset=&#8220;default&#8220; transform_scale=&#8220;90%|90%&#8220; global_colors_info=&#8220;{}&#8220;][\/et_pb_image][et_pb_text _builder_version=&#8220;4.16&#8243; _module_preset=&#8220;default&#8220; custom_margin=&#8220;-24px|||||&#8220; custom_padding=&#8220;0px|||||&#8220; global_colors_info=&#8220;{}&#8220;]<\/p>\n<p>The PDAP databases and files are permanently protected by the PDAP server processes and cannot be modified by other programs. Thus, they are also protected from access by malicious encryption programs, for example. The integrated authentication enables seamless integration of user accounts in the context of your corporate domain.<\/p>\n<p>[\/et_pb_text][\/et_pb_column][\/et_pb_row][et_pb_row _builder_version=&#8220;4.16&#8243; _module_preset=&#8220;default&#8220; custom_padding=&#8220;6px||3px||false|false&#8220; global_colors_info=&#8220;{}&#8220;][et_pb_column type=&#8220;4_4&#8243; _builder_version=&#8220;4.16&#8243; _module_preset=&#8220;default&#8220; global_colors_info=&#8220;{}&#8220;][et_pb_text _builder_version=&#8220;4.16&#8243; _module_preset=&#8220;default&#8220; custom_margin=&#8220;||-4px|||&#8220; global_colors_info=&#8220;{}&#8220;]<\/p>\n<h3>Key Features<\/h3>\n<p>[\/et_pb_text][\/et_pb_column][\/et_pb_row][et_pb_row column_structure=&#8220;1_2,1_2&#8243; _builder_version=&#8220;4.19.5&#8243; _module_preset=&#8220;default&#8220; custom_padding=&#8220;0px|||||&#8220; global_colors_info=&#8220;{}&#8220;][et_pb_column type=&#8220;1_2&#8243; _builder_version=&#8220;4.16&#8243; _module_preset=&#8220;default&#8220; global_colors_info=&#8220;{}&#8220;][et_pb_text _builder_version=&#8220;4.19.5&#8243; _module_preset=&#8220;default&#8220; global_colors_info=&#8220;{}&#8220;]<\/p>\n<ul>\n<li>\n<div><span>ERP e.g. SAP, MS Dynamics, Oracle, SAGE etc.<\/span><\/div>\n<\/li>\n<li>\n<div><span><\/span><span>Network-capable machines, devices, measuring systems<\/span><\/div>\n<\/li>\n<\/ul>\n<p>[\/et_pb_text][\/et_pb_column][et_pb_column type=&#8220;1_2&#8243; _builder_version=&#8220;4.16&#8243; _module_preset=&#8220;default&#8220; global_colors_info=&#8220;{}&#8220;][et_pb_text _builder_version=&#8220;4.19.5&#8243; _module_preset=&#8220;default&#8220; global_colors_info=&#8220;{}&#8220;]<\/p>\n<ul>\n<li>\n<div><span>External services<\/span><\/div>\n<\/li>\n<li>\n<div><span><\/span><span>Office Integration<\/span><\/div>\n<\/li>\n<\/ul>\n<p>[\/et_pb_text][\/et_pb_column][\/et_pb_row][\/et_pb_section]<\/p>","protected":false},"excerpt":{"rendered":"<p><div class=\"et_pb_module lwp_divi_breadcrumbs lwp_divi_breadcrumbs_0\">\n\t\t\t\t\n\t\t\t\t\n\t\t\t\t\n\t\t\t\t\n\t\t\t\t\n\t\t\t\t\n\t\t\t\t<div class=\"et_pb_module_inner\">\n\t\t\t\t\t<div class=\"lwp-breadcrumbs\"> <span class=\"before\"><\/span> <span vocab=\"https:\/\/schema.org\/\" typeof=\"BreadcrumbList\"><span property=\"itemListElement\" typeof=\"ListItem\"><a property=\"item\" typeof=\"WebPage\" href=\"https:\/\/pdap.de\/en\/\" class=\"home\"><span property=\"name\">Start<\/span><\/a><meta property=\"position\" content=\"1\"><\/span> <span class=\"separator et-pb-icon\">9<\/span> <\/span><\/div>\n\t\t\t\t<\/div>\n\t\t\t<\/div>Chancen digital vernetzter IT-Systeme Die Digitalisierung legt gro\u00dfe Potenziale und Chancen frei. Unternehmen zu digitalisieren bedeutet,\u00a0die Arbeitsprozesse durch digitale L\u00f6sungen zu optimieren und mit Hilfe des Datenmanagement die Arbeit effizienter zu gestalten. \u00dcberschaubare digitale Prozesse sind Maschinenanbindungen\u00a0oder die Kopplung\u00a0von ERP und\/oder anderen Systemen. Wir unterst\u00fctzen Unternehmen bei der Zusammenf\u00fchrung von [&hellip;]<\/p>","protected":false},"author":2,"featured_media":0,"parent":0,"menu_order":0,"comment_status":"closed","ping_status":"closed","template":"","meta":{"_et_pb_use_builder":"on","_et_pb_old_content":"","_et_gb_content_width":""},"yoast_head":"<!-- This site is optimized with the Yoast SEO plugin v20.6 - https:\/\/yoast.com\/wordpress\/plugins\/seo\/ -->\n<title>Digitalisierung als Risiko &amp; Chance f\u00fcr Ihre Produktion &amp; Fertigung &ndash; PDAP - Qualit\u00e4tsmanagement &amp; Digitalisierung<\/title>\n<meta name=\"description\" content=\"Digitalisierung: Heutzutage ein unerl\u00e4sslicher Teil im Unternehmen. Nutzen Sie durch neue Chancen das vollst\u00e4ndige Potenzial Ihres Erfolgs!\" \/>\n<meta name=\"robots\" content=\"index, follow, max-snippet:-1, max-image-preview:large, max-video-preview:-1\" \/>\n<link rel=\"canonical\" href=\"https:\/\/pdap.de\/en\/digitalisierung\/\" \/>\n<meta property=\"og:locale\" content=\"en_US\" \/>\n<meta property=\"og:type\" content=\"article\" \/>\n<meta property=\"og:title\" content=\"Digitalisierung als Risiko &amp; Chance f\u00fcr Ihre Produktion &amp; Fertigung &ndash; PDAP - Qualit\u00e4tsmanagement &amp; Digitalisierung\" \/>\n<meta property=\"og:description\" content=\"Digitalisierung: Heutzutage ein unerl\u00e4sslicher Teil im Unternehmen. Nutzen Sie durch neue Chancen das vollst\u00e4ndige Potenzial Ihres Erfolgs!\" \/>\n<meta property=\"og:url\" content=\"https:\/\/pdap.de\/en\/digitalisierung\/\" \/>\n<meta property=\"og:site_name\" content=\"PDAP - Qualit\u00e4tsmanagement &amp; Digitalisierung\" \/>\n<meta property=\"article:modified_time\" content=\"2023-03-28T07:27:40+00:00\" \/>\n<meta name=\"twitter:card\" content=\"summary_large_image\" \/>\n<script type=\"application\/ld+json\" class=\"yoast-schema-graph\">{\"@context\":\"https:\/\/schema.org\",\"@graph\":[{\"@type\":\"WebPage\",\"@id\":\"https:\/\/pdap.de\/digitalisierung\/\",\"url\":\"https:\/\/pdap.de\/digitalisierung\/\",\"name\":\"Digitalisierung als Risiko & Chance f\u00fcr Ihre Produktion & Fertigung &ndash; PDAP - Qualit\u00e4tsmanagement &amp; Digitalisierung\",\"isPartOf\":{\"@id\":\"https:\/\/pdap.de\/#website\"},\"datePublished\":\"2021-08-03T10:04:03+00:00\",\"dateModified\":\"2023-03-28T07:27:40+00:00\",\"description\":\"Digitalisierung: Heutzutage ein unerl\u00e4sslicher Teil im Unternehmen. Nutzen Sie durch neue Chancen das vollst\u00e4ndige Potenzial Ihres Erfolgs!\",\"breadcrumb\":{\"@id\":\"https:\/\/pdap.de\/digitalisierung\/#breadcrumb\"},\"inLanguage\":\"en-US\",\"potentialAction\":[{\"@type\":\"ReadAction\",\"target\":[\"https:\/\/pdap.de\/digitalisierung\/\"]}]},{\"@type\":\"BreadcrumbList\",\"@id\":\"https:\/\/pdap.de\/digitalisierung\/#breadcrumb\",\"itemListElement\":[{\"@type\":\"ListItem\",\"position\":1,\"name\":\"Startseite\",\"item\":\"https:\/\/pdap.de\/\"},{\"@type\":\"ListItem\",\"position\":2,\"name\":\"Digitalisierung\"}]},{\"@type\":\"WebSite\",\"@id\":\"https:\/\/pdap.de\/#website\",\"url\":\"https:\/\/pdap.de\/\",\"name\":\"PDAP - Qualit\u00e4tsmanagement &amp; Digitalisierung\",\"description\":\"by JessenLenz\",\"publisher\":{\"@id\":\"https:\/\/pdap.de\/#organization\"},\"potentialAction\":[{\"@type\":\"SearchAction\",\"target\":{\"@type\":\"EntryPoint\",\"urlTemplate\":\"https:\/\/pdap.de\/?s={search_term_string}\"},\"query-input\":\"required name=search_term_string\"}],\"inLanguage\":\"en-US\"},{\"@type\":\"Organization\",\"@id\":\"https:\/\/pdap.de\/#organization\",\"name\":\"PDAP by JessenLenz\",\"url\":\"https:\/\/pdap.de\/\",\"logo\":{\"@type\":\"ImageObject\",\"inLanguage\":\"en-US\",\"@id\":\"https:\/\/pdap.de\/#\/schema\/logo\/image\/\",\"url\":\"https:\/\/pdap.de\/wp-content\/uploads\/2021\/08\/pdap-logo-1.png\",\"contentUrl\":\"https:\/\/pdap.de\/wp-content\/uploads\/2021\/08\/pdap-logo-1.png\",\"width\":800,\"height\":377,\"caption\":\"PDAP by JessenLenz\"},\"image\":{\"@id\":\"https:\/\/pdap.de\/#\/schema\/logo\/image\/\"}}]}<\/script>\n<!-- \/ Yoast SEO plugin. -->","yoast_head_json":{"title":"Digitalisierung als Risiko & Chance f\u00fcr Ihre Produktion & Fertigung &ndash; PDAP - Qualit\u00e4tsmanagement &amp; Digitalisierung","description":"Digitalisierung: Heutzutage ein unerl\u00e4sslicher Teil im Unternehmen. Nutzen Sie durch neue Chancen das vollst\u00e4ndige Potenzial Ihres Erfolgs!","robots":{"index":"index","follow":"follow","max-snippet":"max-snippet:-1","max-image-preview":"max-image-preview:large","max-video-preview":"max-video-preview:-1"},"canonical":"https:\/\/pdap.de\/en\/digitalisierung\/","og_locale":"en_US","og_type":"article","og_title":"Digitalisierung als Risiko & Chance f\u00fcr Ihre Produktion & Fertigung &ndash; PDAP - Qualit\u00e4tsmanagement &amp; Digitalisierung","og_description":"Digitalisierung: Heutzutage ein unerl\u00e4sslicher Teil im Unternehmen. Nutzen Sie durch neue Chancen das vollst\u00e4ndige Potenzial Ihres Erfolgs!","og_url":"https:\/\/pdap.de\/en\/digitalisierung\/","og_site_name":"PDAP - Qualit\u00e4tsmanagement &amp; Digitalisierung","article_modified_time":"2023-03-28T07:27:40+00:00","twitter_card":"summary_large_image","schema":{"@context":"https:\/\/schema.org","@graph":[{"@type":"WebPage","@id":"https:\/\/pdap.de\/digitalisierung\/","url":"https:\/\/pdap.de\/digitalisierung\/","name":"Digitalisierung als Risiko & Chance f\u00fcr Ihre Produktion & Fertigung &ndash; PDAP - Qualit\u00e4tsmanagement &amp; Digitalisierung","isPartOf":{"@id":"https:\/\/pdap.de\/#website"},"datePublished":"2021-08-03T10:04:03+00:00","dateModified":"2023-03-28T07:27:40+00:00","description":"Digitalisierung: Heutzutage ein unerl\u00e4sslicher Teil im Unternehmen. Nutzen Sie durch neue Chancen das vollst\u00e4ndige Potenzial Ihres Erfolgs!","breadcrumb":{"@id":"https:\/\/pdap.de\/digitalisierung\/#breadcrumb"},"inLanguage":"en-US","potentialAction":[{"@type":"ReadAction","target":["https:\/\/pdap.de\/digitalisierung\/"]}]},{"@type":"BreadcrumbList","@id":"https:\/\/pdap.de\/digitalisierung\/#breadcrumb","itemListElement":[{"@type":"ListItem","position":1,"name":"Startseite","item":"https:\/\/pdap.de\/"},{"@type":"ListItem","position":2,"name":"Digitalisierung"}]},{"@type":"WebSite","@id":"https:\/\/pdap.de\/#website","url":"https:\/\/pdap.de\/","name":"PDAP - Qualit\u00e4tsmanagement &amp; Digitalisierung","description":"by JessenLenz","publisher":{"@id":"https:\/\/pdap.de\/#organization"},"potentialAction":[{"@type":"SearchAction","target":{"@type":"EntryPoint","urlTemplate":"https:\/\/pdap.de\/?s={search_term_string}"},"query-input":"required name=search_term_string"}],"inLanguage":"en-US"},{"@type":"Organization","@id":"https:\/\/pdap.de\/#organization","name":"PDAP by JessenLenz","url":"https:\/\/pdap.de\/","logo":{"@type":"ImageObject","inLanguage":"en-US","@id":"https:\/\/pdap.de\/#\/schema\/logo\/image\/","url":"https:\/\/pdap.de\/wp-content\/uploads\/2021\/08\/pdap-logo-1.png","contentUrl":"https:\/\/pdap.de\/wp-content\/uploads\/2021\/08\/pdap-logo-1.png","width":800,"height":377,"caption":"PDAP by JessenLenz"},"image":{"@id":"https:\/\/pdap.de\/#\/schema\/logo\/image\/"}}]}},"_links":{"self":[{"href":"https:\/\/pdap.de\/en\/wp-json\/wp\/v2\/pages\/7765"}],"collection":[{"href":"https:\/\/pdap.de\/en\/wp-json\/wp\/v2\/pages"}],"about":[{"href":"https:\/\/pdap.de\/en\/wp-json\/wp\/v2\/types\/page"}],"author":[{"embeddable":true,"href":"https:\/\/pdap.de\/en\/wp-json\/wp\/v2\/users\/2"}],"replies":[{"embeddable":true,"href":"https:\/\/pdap.de\/en\/wp-json\/wp\/v2\/comments?post=7765"}],"version-history":[{"count":108,"href":"https:\/\/pdap.de\/en\/wp-json\/wp\/v2\/pages\/7765\/revisions"}],"predecessor-version":[{"id":14688,"href":"https:\/\/pdap.de\/en\/wp-json\/wp\/v2\/pages\/7765\/revisions\/14688"}],"wp:attachment":[{"href":"https:\/\/pdap.de\/en\/wp-json\/wp\/v2\/media?parent=7765"}],"curies":[{"name":"wp","href":"https:\/\/api.w.org\/{rel}","templated":true}]}}