{"id":7750,"date":"2021-08-03T11:58:31","date_gmt":"2021-08-03T09:58:31","guid":{"rendered":"http:\/\/test.pdap.de\/?page_id=7750"},"modified":"2023-05-04T15:35:11","modified_gmt":"2023-05-04T13:35:11","slug":"datenmanagement","status":"publish","type":"page","link":"https:\/\/pdap.de\/en\/datenmanagement\/","title":{"rendered":"Data management"},"content":{"rendered":"<p>[et_pb_section fb_built=&#8220;1&#8243; fullwidth=&#8220;on&#8220; _builder_version=&#8220;4.19.5&#8243; _module_preset=&#8220;default&#8220; global_colors_info=&#8220;{}&#8220;][et_pb_fullwidth_slider use_bg_overlay=&#8220;off&#8220; use_text_overlay=&#8220;off&#8220; _builder_version=&#8220;4.20.2&#8243; _module_preset=&#8220;default&#8220; header_level=&#8220;h1&#8243; header_font=&#8220;||||||||&#8220; header_text_color=&#8220;#686868&#8243; header_font_size=&#8220;26px&#8220; body_font_size=&#8220;20px&#8220; custom_button=&#8220;on&#8220; button_text_size=&#8220;18px&#8220; button_text_color=&#8220;#868686&#8243; button_bg_color=&#8220;rgba(255,255,255,0.62)&#8220; button_border_width=&#8220;2px&#8220; button_border_color=&#8220;#ffffff&#8220; button_alignment=&#8220;right&#8220; content_width_tablet=&#8220;55%&#8220; content_width_phone=&#8220;100%&#8220; content_width_last_edited=&#8220;on|phone&#8220; height_tablet=&#8220;410px&#8220; height_phone=&#8220;380px&#8220; height_last_edited=&#8220;on|phone&#8220; max_height_last_edited=&#8220;off|desktop&#8220; custom_margin=&#8220;||||false|false&#8220; custom_padding=&#8220;||||false|false&#8220; auto=&#8220;on&#8220; auto_speed=&#8220;4500&#8243; header_font_size_tablet=&#8220;18px&#8220; header_font_size_phone=&#8220;16px&#8220; header_font_size_last_edited=&#8220;on|phone&#8220; button_text_size_tablet=&#8220;15px&#8220; button_text_size_phone=&#8220;14px&#8220; button_text_size_last_edited=&#8220;on|tablet&#8220; custom_css_slide_description=&#8220;animation-name: none; !important&#8220; header_text_shadow_style=&#8220;preset1&#8243; header_text_shadow_color=&#8220;rgba(127,127,127,0.4)&#8220; global_colors_info=&#8220;{}&#8220; custom_css_slide_description_last_edited=&#8220;off|tablet&#8220;][et_pb_slide heading_last_edited=&#8220;off|tablet&#8220; _builder_version=&#8220;4.20.2&#8243; _module_preset=&#8220;default&#8220; background_enable_color=&#8220;off&#8220; background_image=&#8220;https:\/\/pdap.de\/wp-content\/uploads\/2023\/02\/slider-datenmanagement.jpg&#8220; background_enable_image=&#8220;on&#8220; custom_button=&#8220;on&#8220; button_text_color=&#8220;#ffffff&#8220; button_alignment=&#8220;center&#8220; hover_enabled=&#8220;0&#8243; background_last_edited=&#8220;on|phone&#8220; background_image_phone=&#8220;https:\/\/pdap.de\/wp-content\/uploads\/2023\/02\/slider-datenmanagement-mobil.jpg&#8220; background_enable_image_phone=&#8220;on&#8220; custom_css_slide_button=&#8220;position: absolute;||left: 10;||right: 0;||bottom: 0;||margin-left: 400px;||margin-right: 80px;||margin-bottom: 100px&#8220; global_colors_info=&#8220;{}&#8220; custom_css_slide_button_last_edited=&#8220;on|phone&#8220; custom_css_slide_button_tablet=&#8220;position: absolute;||left: 0;||right: 0;||bottom: 0;||margin-left: 100px;||margin-right: 100px;||margin-bottom: 130px;&#8220; custom_css_slide_button_phone=&#8220;position: absolute;||left: 0;||right: 0;||bottom: 0;||margin-left: 100px;||margin-right: 100px;||margin-bottom: 130px;&#8220; sticky_transition=&#8220;on&#8220; sticky_enabled=&#8220;0&#8243;][\/et_pb_slide][\/et_pb_fullwidth_slider][\/et_pb_section][et_pb_section fb_built=&#8220;1&#8243; _builder_version=&#8220;4.19.5&#8243; _module_preset=&#8220;default&#8220; custom_margin=&#8220;||||false|false&#8220; custom_padding=&#8220;||||false|false&#8220; global_colors_info=&#8220;{}&#8220;][et_pb_row _builder_version=&#8220;4.19.5&#8243; _module_preset=&#8220;default&#8220; custom_margin=&#8220;||-15px||false|false&#8220; custom_padding=&#8220;0px||||false|false&#8220; global_colors_info=&#8220;{}&#8220;][et_pb_column type=&#8220;4_4&#8243; _builder_version=&#8220;4.16&#8243; _module_preset=&#8220;default&#8220; global_colors_info=&#8220;{}&#8220;][lwp_divi_breadcrumbs home_text=&#8220;Start&#8220; _builder_version=&#8220;4.16&#8243; _module_preset=&#8220;default&#8220; global_colors_info=&#8220;{}&#8220;][\/lwp_divi_breadcrumbs][et_pb_text _builder_version=&#8220;4.16&#8243; _module_preset=&#8220;default&#8220; custom_margin=&#8220;||||false|false&#8220; custom_padding=&#8220;||||false|false&#8220; global_colors_info=&#8220;{}&#8220;]<\/p>\n<h2>IT-Integration bei heterogenen Netzwerkumgebungen<\/h2>\n<p>[\/et_pb_text][\/et_pb_column][\/et_pb_row][et_pb_row column_structure=&#8220;1_2,1_2&#8243; _builder_version=&#8220;4.19.5&#8243; _module_preset=&#8220;default&#8220; custom_padding=&#8220;0px||||false|false&#8220; global_colors_info=&#8220;{}&#8220;][et_pb_column type=&#8220;1_2&#8243; _builder_version=&#8220;4.16&#8243; _module_preset=&#8220;default&#8220; global_colors_info=&#8220;{}&#8220;][et_pb_text _builder_version=&#8220;4.16&#8243; _module_preset=&#8220;default&#8220; global_colors_info=&#8220;{}&#8220;]<\/p>\n<p>Das ERP-System bildet den Sternpunkt bei den Betrachtungen f\u00fcr ein effektives Datenmanagement. Allerdings sind Produktionsanlagen und angeschlossene Drittsysteme sowie deren prozessbegleitende Tools und Datenbanken der Planungssysteme auch heute noch prim\u00e4r auf ihre jeweiligen Anwendungsf\u00e4lle ausgelegt. Sie bilden in erster Linie Expertensysteme, die nicht daf\u00fcr vorbereitet sind, optimal als Glied einer Kette innerhalb eines Kommunikationsprozesses zu fungieren.<\/p>\n<p>Hier kommt die PDAP-Digitalisierungsstrategie ins Spiel. PDAP bietet Ihnen ein leistungsstarkes, zentrales Datenbankserver-Konzept, das auch mit den Anforderungen an Big Data zurechtkommt. Dazu bieten wir eine browserbasierte Enterprise Reporting Plattform mit der Kopplungsm\u00f6glichkeit von interaktiven <a href=\"https:\/\/pdap.de\/datenanalyse\/\">BI-Analysen<\/a>.<\/p>\n<p>[\/et_pb_text][\/et_pb_column][et_pb_column type=&#8220;1_2&#8243; _builder_version=&#8220;4.16&#8243; _module_preset=&#8220;default&#8220; global_colors_info=&#8220;{}&#8220;][et_pb_image src=&#8220;https:\/\/pdap.de\/wp-content\/uploads\/2021\/09\/digitalisierungsnetzwerk.png&#8220; alt=&#8220;Datenmanagement: Digitalisierungsnetzwerk&#8220; title_text=&#8220;Digitalisierung f\u00fcr ein gelungenes Datenmanagement&#8220; show_in_lightbox=&#8220;on&#8220; _builder_version=&#8220;4.16&#8243; _module_preset=&#8220;default&#8220; transform_scale=&#8220;90%|90%&#8220; global_colors_info=&#8220;{}&#8220;][\/et_pb_image][et_pb_text _builder_version=&#8220;4.16&#8243; _module_preset=&#8220;default&#8220; text_font=&#8220;Open Sans||||||||&#8220; custom_margin=&#8220;-38px||||false|false&#8220; global_colors_info=&#8220;{}&#8220;]<\/p>\n<p style=\"text-align: center;\"><em>Digitalisierungsnetzwerk<\/em><\/p>\n<p>[\/et_pb_text][\/et_pb_column][\/et_pb_row][et_pb_row _builder_version=&#8220;4.16&#8243; _module_preset=&#8220;default&#8220; global_colors_info=&#8220;{}&#8220;][et_pb_column type=&#8220;4_4&#8243; _builder_version=&#8220;4.16&#8243; _module_preset=&#8220;default&#8220; global_colors_info=&#8220;{}&#8220;][et_pb_text _builder_version=&#8220;4.16&#8243; _module_preset=&#8220;default&#8220; global_colors_info=&#8220;{}&#8220;]<\/p>\n<p>PDAP setzt dabei wesentlich auf den Technologie-Stack des Microsoft SQL Servers sowie auf bedarfsgerechte Erweiterungen mit Web Service Technologien und der Microsoft Power BI Plattform f\u00fcr interaktive Analysen. Bei Bedarf mit weltweiten Zugriffsm\u00f6glichkeiten auf allen g\u00e4ngigen und mobilen Plattformen.<\/p>\n<p>[\/et_pb_text][et_pb_divider divider_position=&#8220;center&#8220; divider_weight=&#8220;1px&#8220; _builder_version=&#8220;4.16&#8243; _module_preset=&#8220;default&#8220; background_color=&#8220;RGBA(0,0,0,0)&#8220; module_alignment=&#8220;center&#8220; custom_margin=&#8220;1px|||||&#8220; global_colors_info=&#8220;{}&#8220;][\/et_pb_divider][\/et_pb_column][\/et_pb_row][et_pb_row _builder_version=&#8220;4.16&#8243; _module_preset=&#8220;default&#8220; global_colors_info=&#8220;{}&#8220;][et_pb_column type=&#8220;4_4&#8243; _builder_version=&#8220;4.16&#8243; _module_preset=&#8220;default&#8220; global_colors_info=&#8220;{}&#8220;][et_pb_testimonial quote_icon=&#8220;off&#8220; _builder_version=&#8220;4.16&#8243; _module_preset=&#8220;default&#8220; custom_padding=&#8220;18px||6px||false|false&#8220; global_colors_info=&#8220;{}&#8220;]<\/p>\n<p style=\"text-align: center;\"><em>Unterschiedliche Formate bilden ein einheitliches Gesamtbild.<\/em><\/p>\n<p>[\/et_pb_testimonial][\/et_pb_column][\/et_pb_row][et_pb_row column_structure=&#8220;1_2,1_2&#8243; _builder_version=&#8220;4.16&#8243; _module_preset=&#8220;default&#8220; min_height=&#8220;666.1px&#8220; custom_padding=&#8220;||26px|||&#8220; global_colors_info=&#8220;{}&#8220;][et_pb_column type=&#8220;1_2&#8243; _builder_version=&#8220;4.16&#8243; _module_preset=&#8220;default&#8220; global_colors_info=&#8220;{}&#8220;][et_pb_text _builder_version=&#8220;4.16&#8243; _module_preset=&#8220;default&#8220; header_4_font=&#8220;||||||||&#8220; header_4_font_size=&#8220;16px&#8220; custom_padding=&#8220;||0px|||&#8220; global_colors_info=&#8220;{}&#8220;]<\/p>\n<p>Die PDAP-Schnittstellen verbinden sowohl textbasierte Protokollformate im klassischen dateibasierenden Kontext als auch State of the Art Service Infrastrukturen zu einem ganzheitlichen Ansatz. Darauf aufsetzend erm\u00f6glicht das system\u00fcbergreifende Reporting Analysem\u00f6glichkeiten, die weit jenseits der M\u00f6glichkeiten der einzelnen Systeme selber liegen.<\/p>\n<p>[\/et_pb_text][et_pb_testimonial quote_icon=&#8220;off&#8220; _builder_version=&#8220;4.16&#8243; _module_preset=&#8220;default&#8220; custom_margin=&#8220;2px|||||&#8220; custom_padding=&#8220;18px||6px||false|false&#8220; global_colors_info=&#8220;{}&#8220;]<\/p>\n<p><em><strong>Beispiel:<\/strong> Ein monatlicher automatisierter Fehlerkosten Review verbindet die Produktionsinformationen aus dem ERP mit St\u00fcckzahlen und Aufw\u00e4nden, mit den Root Cause Analysen aus den internen und externen Reklamationsvorg\u00e4ngen im CAQ-System. Daraus wird ein ganzheitlicher Bericht gebildet.<\/em><\/p>\n<p>[\/et_pb_testimonial][et_pb_image src=&#8220;https:\/\/pdap.de\/wp-content\/uploads\/2021\/10\/digitale-analysen.jpg&#8220; alt=&#8220;Datenmanagement: Digitale Analysen&#8220; title_text=&#8220;Datenmanagement mit Digitalisierung&#8220; show_in_lightbox=&#8220;on&#8220; _builder_version=&#8220;4.16&#8243; _module_preset=&#8220;default&#8220; transform_scale=&#8220;92%|92%&#8220; global_colors_info=&#8220;{}&#8220;][\/et_pb_image][et_pb_text _builder_version=&#8220;4.16&#8243; _module_preset=&#8220;default&#8220; text_font=&#8220;Open Sans||||||||&#8220; custom_margin=&#8220;-32px||||false|false&#8220; global_colors_info=&#8220;{}&#8220;]<\/p>\n<p style=\"text-align: center;\"><em>Digitale Analysen mit PDAP-L\u00f6sungen<\/em><\/p>\n<p>[\/et_pb_text][\/et_pb_column][et_pb_column type=&#8220;1_2&#8243; _builder_version=&#8220;4.16&#8243; _module_preset=&#8220;default&#8220; global_colors_info=&#8220;{}&#8220;][et_pb_text _builder_version=&#8220;4.16&#8243; _module_preset=&#8220;default&#8220; header_4_font=&#8220;||||||||&#8220; header_4_font_size=&#8220;16px&#8220; custom_padding=&#8220;||0px|||&#8220; global_colors_info=&#8220;{}&#8220;]<\/p>\n<p>Ebenso lassen sich Shop-Floor-Daten \u00fcber BDE-MDE und die Kapazit\u00e4tsplanung miteinander in Verbindung bringen, um z. B. St\u00fccklistenaufl\u00f6sung und die Auftragsplanung zu optimieren.<\/p>\n<p>[\/et_pb_text][et_pb_testimonial quote_icon=&#8220;off&#8220; _builder_version=&#8220;4.16&#8243; _module_preset=&#8220;default&#8220; custom_padding=&#8220;18px||6px||false|false&#8220; global_colors_info=&#8220;{}&#8220;]<\/p>\n<p style=\"text-align: center;\"><em>Extract\u00a0<\/em><i><span>\/ Transform \/ Load\u00a0<\/span><\/i><i><span>\u2013\u00a0<\/span><\/i><i><span>ETL<\/span><\/i><\/p>\n<div style=\"text-align: center;\"><\/div>\n<p>[\/et_pb_testimonial][et_pb_text _builder_version=&#8220;4.16&#8243; _module_preset=&#8220;default&#8220; header_4_font=&#8220;||||||||&#8220; header_4_font_size=&#8220;16px&#8220; custom_padding=&#8220;||0px|||&#8220; global_colors_info=&#8220;{}&#8220;]<\/p>\n<p>Alle Datenstr\u00f6me arbeiten auf der Basis von Input-Output Pipelines, die in Verbindung mit Transformationsprozessen nach dem ETL-Prinzip aufgebaut sind.<\/p>\n<p>Den Sternpunkt der Daten bildet der zentrale Server mit einheitlichem Recht und Zugriffsmanagement.<\/p>\n<p>[\/et_pb_text][et_pb_text _builder_version=&#8220;4.16&#8243; _module_preset=&#8220;default&#8220; header_4_font=&#8220;||||||||&#8220; header_4_font_size=&#8220;16px&#8220; custom_padding=&#8220;||0px|||&#8220; global_colors_info=&#8220;{}&#8220;]<\/p>\n<h3>Wichtige Vorteile<\/h3>\n<ul>\n<li>Schnittstellen f\u00fcr heterogene Systeme<\/li>\n<li>Anbindung von Datenbanken, Protokolldateien und Services<\/li>\n<li>Zentraler Server f\u00fcr Datenbank und Analyse<\/li>\n<li>Echtzeit-Kopplung durch Ereignis-Trigger<\/li>\n<li>Verbindung zwischen ERP, CAQ und Shop Floor<\/li>\n<li>Browserbasierte Enterprise Reporting Plattform<\/li>\n<li>PDAP-BI Kopplung mit Power BI und Excel<\/li>\n<li>Dienst f\u00fcr Daten, Alarme und Benachrichtigungen<\/li>\n<\/ul>\n<p>[\/et_pb_text][\/et_pb_column][\/et_pb_row][\/et_pb_section]<\/p>\n","protected":false},"excerpt":{"rendered":"<p><div class=\"et_pb_module lwp_divi_breadcrumbs lwp_divi_breadcrumbs_0\">\n\t\t\t\t\n\t\t\t\t\n\t\t\t\t\n\t\t\t\t\n\t\t\t\t\n\t\t\t\t\n\t\t\t\t<div class=\"et_pb_module_inner\">\n\t\t\t\t\t<div class=\"lwp-breadcrumbs\"> <span class=\"before\"><\/span> <span vocab=\"https:\/\/schema.org\/\" typeof=\"BreadcrumbList\"><span property=\"itemListElement\" typeof=\"ListItem\"><a property=\"item\" typeof=\"WebPage\" href=\"https:\/\/pdap.de\/en\/\" class=\"home\"><span property=\"name\">Start<\/span><\/a><meta property=\"position\" content=\"1\"><\/span> <span class=\"separator et-pb-icon\">&#x39;<\/span> <\/span><\/div>\n\t\t\t\t<\/div>\n\t\t\t<\/div>IT-Integration bei heterogenen NetzwerkumgebungenDas ERP-System bildet den Sternpunkt bei den Betrachtungen f\u00fcr ein effektives Datenmanagement. Allerdings sind Produktionsanlagen und angeschlossene Drittsysteme sowie deren prozessbegleitende Tools und Datenbanken der Planungssysteme auch heute noch prim\u00e4r auf ihre jeweiligen Anwendungsf\u00e4lle ausgelegt. Sie bilden in erster Linie Expertensysteme, die nicht daf\u00fcr vorbereitet sind, optimal als [&hellip;]<\/p>\n","protected":false},"author":2,"featured_media":0,"parent":0,"menu_order":0,"comment_status":"closed","ping_status":"closed","template":"","meta":{"_et_pb_use_builder":"on","_et_pb_old_content":"","_et_gb_content_width":"","footnotes":""},"class_list":["post-7750","page","type-page","status-publish","hentry"],"yoast_head":"<!-- This site is optimized with the Yoast SEO plugin v27.5 - https:\/\/yoast.com\/product\/yoast-seo-wordpress\/ -->\n<title>Datenmanagement mithilfe von Schnittstellen &#8211; PDAP - Qualit\u00e4tsmanagement &amp; Digitalisierung<\/title>\n<meta name=\"description\" content=\"Datenmanagement effizient integrieren: Bringen Sie Ihre Produktionsdaten miteinander in Beziehung. Wir helfen Ihnen dabei!\" \/>\n<meta name=\"robots\" content=\"index, follow, max-snippet:-1, max-image-preview:large, max-video-preview:-1\" \/>\n<link rel=\"canonical\" href=\"https:\/\/pdap.de\/en\/datenmanagement\/\" \/>\n<meta property=\"og:locale\" content=\"en_US\" \/>\n<meta property=\"og:type\" content=\"article\" \/>\n<meta property=\"og:title\" content=\"Datenmanagement mithilfe von Schnittstellen &#8211; PDAP - Qualit\u00e4tsmanagement &amp; Digitalisierung\" \/>\n<meta property=\"og:description\" content=\"Datenmanagement effizient integrieren: Bringen Sie Ihre Produktionsdaten miteinander in Beziehung. Wir helfen Ihnen dabei!\" \/>\n<meta property=\"og:url\" content=\"https:\/\/pdap.de\/en\/datenmanagement\/\" \/>\n<meta property=\"og:site_name\" content=\"PDAP - Qualit\u00e4tsmanagement &amp; Digitalisierung\" \/>\n<meta property=\"article:modified_time\" content=\"2023-05-04T13:35:11+00:00\" \/>\n<meta name=\"twitter:card\" content=\"summary_large_image\" \/>\n<script type=\"application\/ld+json\" class=\"yoast-schema-graph\">{\"@context\":\"https:\\\/\\\/schema.org\",\"@graph\":[{\"@type\":\"WebPage\",\"@id\":\"https:\\\/\\\/pdap.de\\\/datenmanagement\\\/\",\"url\":\"https:\\\/\\\/pdap.de\\\/datenmanagement\\\/\",\"name\":\"Datenmanagement mithilfe von Schnittstellen &#8211; PDAP - Qualit\u00e4tsmanagement &amp; Digitalisierung\",\"isPartOf\":{\"@id\":\"https:\\\/\\\/pdap.de\\\/#website\"},\"datePublished\":\"2021-08-03T09:58:31+00:00\",\"dateModified\":\"2023-05-04T13:35:11+00:00\",\"description\":\"Datenmanagement effizient integrieren: Bringen Sie Ihre Produktionsdaten miteinander in Beziehung. Wir helfen Ihnen dabei!\",\"breadcrumb\":{\"@id\":\"https:\\\/\\\/pdap.de\\\/datenmanagement\\\/#breadcrumb\"},\"inLanguage\":\"en-US\",\"potentialAction\":[{\"@type\":\"ReadAction\",\"target\":[\"https:\\\/\\\/pdap.de\\\/datenmanagement\\\/\"]}]},{\"@type\":\"BreadcrumbList\",\"@id\":\"https:\\\/\\\/pdap.de\\\/datenmanagement\\\/#breadcrumb\",\"itemListElement\":[{\"@type\":\"ListItem\",\"position\":1,\"name\":\"Startseite\",\"item\":\"https:\\\/\\\/pdap.de\\\/\"},{\"@type\":\"ListItem\",\"position\":2,\"name\":\"Datenmanagement\"}]},{\"@type\":\"WebSite\",\"@id\":\"https:\\\/\\\/pdap.de\\\/#website\",\"url\":\"https:\\\/\\\/pdap.de\\\/\",\"name\":\"PDAP - Qualit\u00e4tsmanagement &amp; Digitalisierung\",\"description\":\"by JessenLenz\",\"publisher\":{\"@id\":\"https:\\\/\\\/pdap.de\\\/#organization\"},\"potentialAction\":[{\"@type\":\"SearchAction\",\"target\":{\"@type\":\"EntryPoint\",\"urlTemplate\":\"https:\\\/\\\/pdap.de\\\/?s={search_term_string}\"},\"query-input\":{\"@type\":\"PropertyValueSpecification\",\"valueRequired\":true,\"valueName\":\"search_term_string\"}}],\"inLanguage\":\"en-US\"},{\"@type\":\"Organization\",\"@id\":\"https:\\\/\\\/pdap.de\\\/#organization\",\"name\":\"PDAP by JessenLenz\",\"url\":\"https:\\\/\\\/pdap.de\\\/\",\"logo\":{\"@type\":\"ImageObject\",\"inLanguage\":\"en-US\",\"@id\":\"https:\\\/\\\/pdap.de\\\/#\\\/schema\\\/logo\\\/image\\\/\",\"url\":\"https:\\\/\\\/pdap.de\\\/wp-content\\\/uploads\\\/2021\\\/08\\\/pdap-logo-1.png\",\"contentUrl\":\"https:\\\/\\\/pdap.de\\\/wp-content\\\/uploads\\\/2021\\\/08\\\/pdap-logo-1.png\",\"width\":800,\"height\":377,\"caption\":\"PDAP by JessenLenz\"},\"image\":{\"@id\":\"https:\\\/\\\/pdap.de\\\/#\\\/schema\\\/logo\\\/image\\\/\"}}]}<\/script>\n<!-- \/ Yoast SEO plugin. -->","yoast_head_json":{"title":"Datenmanagement mithilfe von Schnittstellen &#8211; PDAP - Qualit\u00e4tsmanagement &amp; Digitalisierung","description":"Datenmanagement effizient integrieren: Bringen Sie Ihre Produktionsdaten miteinander in Beziehung. Wir helfen Ihnen dabei!","robots":{"index":"index","follow":"follow","max-snippet":"max-snippet:-1","max-image-preview":"max-image-preview:large","max-video-preview":"max-video-preview:-1"},"canonical":"https:\/\/pdap.de\/en\/datenmanagement\/","og_locale":"en_US","og_type":"article","og_title":"Datenmanagement mithilfe von Schnittstellen &#8211; PDAP - Qualit\u00e4tsmanagement &amp; Digitalisierung","og_description":"Datenmanagement effizient integrieren: Bringen Sie Ihre Produktionsdaten miteinander in Beziehung. Wir helfen Ihnen dabei!","og_url":"https:\/\/pdap.de\/en\/datenmanagement\/","og_site_name":"PDAP - Qualit\u00e4tsmanagement &amp; Digitalisierung","article_modified_time":"2023-05-04T13:35:11+00:00","twitter_card":"summary_large_image","schema":{"@context":"https:\/\/schema.org","@graph":[{"@type":"WebPage","@id":"https:\/\/pdap.de\/datenmanagement\/","url":"https:\/\/pdap.de\/datenmanagement\/","name":"Datenmanagement mithilfe von Schnittstellen &#8211; PDAP - Qualit\u00e4tsmanagement &amp; Digitalisierung","isPartOf":{"@id":"https:\/\/pdap.de\/#website"},"datePublished":"2021-08-03T09:58:31+00:00","dateModified":"2023-05-04T13:35:11+00:00","description":"Datenmanagement effizient integrieren: Bringen Sie Ihre Produktionsdaten miteinander in Beziehung. Wir helfen Ihnen dabei!","breadcrumb":{"@id":"https:\/\/pdap.de\/datenmanagement\/#breadcrumb"},"inLanguage":"en-US","potentialAction":[{"@type":"ReadAction","target":["https:\/\/pdap.de\/datenmanagement\/"]}]},{"@type":"BreadcrumbList","@id":"https:\/\/pdap.de\/datenmanagement\/#breadcrumb","itemListElement":[{"@type":"ListItem","position":1,"name":"Startseite","item":"https:\/\/pdap.de\/"},{"@type":"ListItem","position":2,"name":"Datenmanagement"}]},{"@type":"WebSite","@id":"https:\/\/pdap.de\/#website","url":"https:\/\/pdap.de\/","name":"PDAP - Qualit\u00e4tsmanagement &amp; Digitalisierung","description":"by JessenLenz","publisher":{"@id":"https:\/\/pdap.de\/#organization"},"potentialAction":[{"@type":"SearchAction","target":{"@type":"EntryPoint","urlTemplate":"https:\/\/pdap.de\/?s={search_term_string}"},"query-input":{"@type":"PropertyValueSpecification","valueRequired":true,"valueName":"search_term_string"}}],"inLanguage":"en-US"},{"@type":"Organization","@id":"https:\/\/pdap.de\/#organization","name":"PDAP by JessenLenz","url":"https:\/\/pdap.de\/","logo":{"@type":"ImageObject","inLanguage":"en-US","@id":"https:\/\/pdap.de\/#\/schema\/logo\/image\/","url":"https:\/\/pdap.de\/wp-content\/uploads\/2021\/08\/pdap-logo-1.png","contentUrl":"https:\/\/pdap.de\/wp-content\/uploads\/2021\/08\/pdap-logo-1.png","width":800,"height":377,"caption":"PDAP by JessenLenz"},"image":{"@id":"https:\/\/pdap.de\/#\/schema\/logo\/image\/"}}]}},"_links":{"self":[{"href":"https:\/\/pdap.de\/en\/wp-json\/wp\/v2\/pages\/7750","targetHints":{"allow":["GET"]}}],"collection":[{"href":"https:\/\/pdap.de\/en\/wp-json\/wp\/v2\/pages"}],"about":[{"href":"https:\/\/pdap.de\/en\/wp-json\/wp\/v2\/types\/page"}],"author":[{"embeddable":true,"href":"https:\/\/pdap.de\/en\/wp-json\/wp\/v2\/users\/2"}],"replies":[{"embeddable":true,"href":"https:\/\/pdap.de\/en\/wp-json\/wp\/v2\/comments?post=7750"}],"version-history":[{"count":152,"href":"https:\/\/pdap.de\/en\/wp-json\/wp\/v2\/pages\/7750\/revisions"}],"predecessor-version":[{"id":15044,"href":"https:\/\/pdap.de\/en\/wp-json\/wp\/v2\/pages\/7750\/revisions\/15044"}],"wp:attachment":[{"href":"https:\/\/pdap.de\/en\/wp-json\/wp\/v2\/media?parent=7750"}],"curies":[{"name":"wp","href":"https:\/\/api.w.org\/{rel}","templated":true}]}}