{"id":7717,"date":"2021-08-03T11:25:27","date_gmt":"2021-08-03T09:25:27","guid":{"rendered":"http:\/\/test.pdap.de\/?page_id=7717"},"modified":"2023-03-28T12:55:49","modified_gmt":"2023-03-28T10:55:49","slug":"qualitaetsmanagement","status":"publish","type":"page","link":"https:\/\/pdap.de\/en\/qualitaetsmanagement\/","title":{"rendered":"Quality management"},"content":{"rendered":"<p>[et_pb_section fb_built=&#8220;1&#8243; fullwidth=&#8220;on&#8220; _builder_version=&#8220;4.19.5&#8243; _module_preset=&#8220;default&#8220; global_colors_info=&#8220;{}&#8220;][et_pb_fullwidth_slider use_bg_overlay=&#8220;off&#8220; use_text_overlay=&#8220;off&#8220; _builder_version=&#8220;4.20.2&#8243; _module_preset=&#8220;default&#8220; header_level=&#8220;h1&#8243; header_font=&#8220;||||||||&#8220; header_text_color=&#8220;#686868&#8243; header_font_size=&#8220;26px&#8220; body_font_size=&#8220;20px&#8220; custom_button=&#8220;on&#8220; button_text_size=&#8220;18px&#8220; button_text_color=&#8220;#868686&#8243; button_bg_color=&#8220;rgba(255,255,255,0.62)&#8220; button_border_width=&#8220;2px&#8220; button_border_color=&#8220;#ffffff&#8220; button_alignment=&#8220;right&#8220; content_width_tablet=&#8220;55%&#8220; content_width_phone=&#8220;100%&#8220; content_width_last_edited=&#8220;on|phone&#8220; height_tablet=&#8220;410px&#8220; height_phone=&#8220;380px&#8220; height_last_edited=&#8220;on|phone&#8220; max_height_last_edited=&#8220;off|desktop&#8220; custom_margin=&#8220;||||false|false&#8220; custom_padding=&#8220;||||false|false&#8220; auto=&#8220;on&#8220; auto_speed=&#8220;4500&#8243; hover_enabled=&#8220;0&#8243; header_font_size_tablet=&#8220;18px&#8220; header_font_size_phone=&#8220;16px&#8220; header_font_size_last_edited=&#8220;on|phone&#8220; button_text_size_tablet=&#8220;15px&#8220; button_text_size_phone=&#8220;14px&#8220; button_text_size_last_edited=&#8220;on|tablet&#8220; custom_css_slide_description=&#8220;animation-name: none; !important&#8220; header_text_shadow_style=&#8220;preset1&#8243; header_text_shadow_color=&#8220;rgba(127,127,127,0.4)&#8220; global_colors_info=&#8220;{}&#8220; custom_css_slide_description_last_edited=&#8220;off|tablet&#8220; sticky_enabled=&#8220;0&#8243;][et_pb_slide heading_last_edited=&#8220;off|tablet&#8220; _builder_version=&#8220;4.20.2&#8243; _module_preset=&#8220;default&#8220; background_enable_color=&#8220;off&#8220; background_image=&#8220;https:\/\/pdap.de\/wp-content\/uploads\/2023\/03\/banner-qualitaetsmanagement.jpg&#8220; background_enable_image=&#8220;on&#8220; custom_button=&#8220;on&#8220; button_text_color=&#8220;#ffffff&#8220; button_alignment=&#8220;center&#8220; hover_enabled=&#8220;0&#8243; background_last_edited=&#8220;on|phone&#8220; background_image_phone=&#8220;https:\/\/pdap.de\/wp-content\/uploads\/2023\/03\/banner-qualitaetsmanagement-mobil.jpg&#8220; background_enable_image_phone=&#8220;on&#8220; custom_css_slide_button=&#8220;position: absolute;||left: 10;||right: 0;||bottom: 0;||margin-left: 400px;||margin-right: 80px;||margin-bottom: 100px&#8220; global_colors_info=&#8220;{}&#8220; custom_css_slide_button_last_edited=&#8220;on|phone&#8220; custom_css_slide_button_tablet=&#8220;position: absolute;||left: 0;||right: 0;||bottom: 0;||margin-left: 100px;||margin-right: 100px;||margin-bottom: 130px;&#8220; custom_css_slide_button_phone=&#8220;position: absolute;||left: 0;||right: 0;||bottom: 0;||margin-left: 100px;||margin-right: 100px;||margin-bottom: 130px;&#8220; sticky_transition=&#8220;on&#8220; title_text=&#8220;Smart,Industry,Robot,Arms,For,Digital,Factory,Production,Technology,Showing&#8220; sticky_enabled=&#8220;0&#8243;][\/et_pb_slide][\/et_pb_fullwidth_slider][\/et_pb_section][et_pb_section fb_built=&#8220;1&#8243; _builder_version=&#8220;4.19.5&#8243; _module_preset=&#8220;default&#8220; custom_padding=&#8220;||0px||false|false&#8220; global_colors_info=&#8220;{}&#8220;][et_pb_row _builder_version=&#8220;4.19.5&#8243; _module_preset=&#8220;default&#8220; custom_padding=&#8220;0px||||false|false&#8220; global_colors_info=&#8220;{}&#8220;][et_pb_column type=&#8220;4_4&#8243; _builder_version=&#8220;4.16&#8243; _module_preset=&#8220;default&#8220; global_colors_info=&#8220;{}&#8220;][lwp_divi_breadcrumbs home_text=&#8220;Start&#8220; _builder_version=&#8220;4.19.5&#8243; _module_preset=&#8220;default&#8220; custom_margin=&#8220;||||false|false&#8220; global_colors_info=&#8220;{}&#8220;][\/lwp_divi_breadcrumbs][et_pb_text _builder_version=&#8220;4.16&#8243; _module_preset=&#8220;default&#8220; custom_margin=&#8220;||2px||false|false&#8220; custom_padding=&#8220;||||false|false&#8220; global_colors_info=&#8220;{}&#8220;]<\/p>\n<h2>Computer-aided quality<\/h2>\n<p><span>Computer-aided quality (CAQ) unterst\u00fctzt Sie bei dem Qualit\u00e4tsmanagement sowie der -sicherung Ihrer Unternehmensprozesse. Es regelt die Umsetzung aller Ma\u00dfnahmen, \u00fcberwacht die Einhaltung von Qualit\u00e4tszielen und stellt kontinuierlich Informationen aus den qualit\u00e4tsrelevanten Prozessen als Entscheidungsgrundlage bereit \u2013 denn nur fehlerfreie Prozesse liefern fehlerfreie Produkte.<\/span><\/p>\n<p><span>W<\/span><span>ebbasierte Auswertungen von PDAP8 sind der Dreh- und Angelpunkt Ihrer Unternehmensdaten. Hier l\u00e4uft alles zusammen. <\/span><span>Bereits vor der Produktion werden die Standards definiert, deren Einhaltung w\u00e4hrend des Fertigungsprozesses fortlaufend \u00fcberpr\u00fcft werden.\u00a0<\/span>Durch eine Auswertung mit Business Intelligence und grafisches Aufbereiten l\u00e4sst sich schnell ein \u00dcberblick \u00fcber die wichtigen Kennzahlen gewinnen. Das ist die Basis f\u00fcr ein konstruktives Ma\u00dfnahmenmanagement und einen langfristigen Unternehmenserfolg.<\/p>\n<p>[\/et_pb_text][et_pb_divider divider_position=&#8220;center&#8220; divider_weight=&#8220;1px&#8220; _builder_version=&#8220;4.16&#8243; _module_preset=&#8220;default&#8220; background_color=&#8220;RGBA(0,0,0,0)&#8220; module_alignment=&#8220;center&#8220; custom_margin=&#8220;1px|||||&#8220; custom_padding=&#8220;20px||0px|||&#8220; global_colors_info=&#8220;{}&#8220;][\/et_pb_divider][\/et_pb_column][\/et_pb_row][\/et_pb_section][et_pb_section fb_built=&#8220;1&#8243; _builder_version=&#8220;4.19.5&#8243; _module_preset=&#8220;default&#8220; custom_padding=&#8220;0px||||false|false&#8220; global_colors_info=&#8220;{}&#8220;][et_pb_row column_structure=&#8220;1_3,1_3,1_3&#8243; _builder_version=&#8220;4.16&#8243; _module_preset=&#8220;default&#8220; custom_margin=&#8220;-23px|auto||auto||&#8220; global_colors_info=&#8220;{}&#8220;][et_pb_column type=&#8220;1_3&#8243; _builder_version=&#8220;4.16&#8243; _module_preset=&#8220;default&#8220; global_colors_info=&#8220;{}&#8220;][et_pb_blurb title=&#8220;Qualit\u00e4tsvorausplanung&#8220; url=&#8220;https:\/\/pdap.de\/qualitaetsvorausplanung\/&#8220; image=&#8220;https:\/\/pdap.de\/wp-content\/uploads\/2023\/03\/icon-qualitaetsvorausplanung.png&#8220; alt=&#8220;Qualit\u00e4tsmanagement: Grafik zur Qualit\u00e4tsvorausplanung&#8220; image_icon_width=&#8220;50%&#8220; icon_alignment=&#8220;left&#8220; image_icon_width_tablet=&#8220;20%&#8220; image_icon_width_phone=&#8220;20%&#8220; image_icon_width_last_edited=&#8220;on|phone&#8220; _builder_version=&#8220;4.19.5&#8243; _module_preset=&#8220;default&#8220; link_option_url=&#8220;https:\/\/pdap.de\/qualitaetsvorausplanung\/&#8220; image_max_width=&#8220;30%&#8220; global_colors_info=&#8220;{}&#8220;]<\/p>\n<p style=\"text-align: left;\"><em>Schon vor Beginn der Produktion auf Basis von APQP Qualit\u00e4tsstandards definieren<\/em><\/p>\n<ul>\n<li style=\"text-align: left;\">Fehlerm\u00f6glichkeits- &amp; Einflussanalyse (FMEA)<\/li>\n<li style=\"text-align: left;\">Kontrollplan<\/li>\n<li style=\"text-align: left;\">Erstmusterpr\u00fcfbericht<\/li>\n<\/ul>\n<p><a href=\"https:\/\/pdap.de\/qualitaetsmanagement\/qualitaetsvorausplanung\/\">Mehr erfahren &#8230;<\/a><\/p>\n<p>[\/et_pb_blurb][\/et_pb_column][et_pb_column type=&#8220;1_3&#8243; _builder_version=&#8220;4.16&#8243; _module_preset=&#8220;default&#8220; global_colors_info=&#8220;{}&#8220;][et_pb_blurb title=&#8220;Fertigungsbegleitung&#8220; url=&#8220;https:\/\/pdap.de\/fertigungsbegleitung\/&#8220; image=&#8220;https:\/\/pdap.de\/wp-content\/uploads\/2023\/03\/icon-fertigungsbegleitung.png&#8220; alt=&#8220;Qualit\u00e4tsmanagement: Grafik zum Bereich %22Fertigungsbegleitung%22 in PDAP8&#8243; image_icon_width=&#8220;50%&#8220; icon_alignment=&#8220;left&#8220; image_icon_width_tablet=&#8220;20%&#8220; image_icon_width_phone=&#8220;20%&#8220; image_icon_width_last_edited=&#8220;on|tablet&#8220; _builder_version=&#8220;4.19.5&#8243; _module_preset=&#8220;default&#8220; link_option_url=&#8220;https:\/\/pdap.de\/fertigungsbegleitung\/&#8220; image_max_width=&#8220;30%&#8220; global_colors_info=&#8220;{}&#8220;]<\/p>\n<p style=\"text-align: left;\"><em>Fr\u00fchzeitiges Erkennen von Prozessabweichungen mit SPC-Verfahren<\/em><\/p>\n<ul>\n<li>Statistische Prozesskontrolle (SPC)<\/li>\n<li>Pr\u00fcfplanverwaltung und Pr\u00fcfauftragssteuerung<\/li>\n<\/ul>\n<p><a href=\"https:\/\/pdap.de\/qualitaetsmanagement\/fertigungsbegleitung\/\">Mehr erfahren &#8230;<\/a><\/p>\n<p>[\/et_pb_blurb][\/et_pb_column][et_pb_column type=&#8220;1_3&#8243; _builder_version=&#8220;4.16&#8243; _module_preset=&#8220;default&#8220; global_colors_info=&#8220;{}&#8220;][et_pb_blurb title=&#8220;Ma\u00dfnahmen&#8220; url=&#8220;https:\/\/pdap.de\/qualitaetsmanagement\/massnahmen\/&#8220; image=&#8220;https:\/\/pdap.de\/wp-content\/uploads\/2023\/03\/icon-massnahmen.png&#8220; alt=&#8220;Qualit\u00e4tsmanagement: Grafik zum Ma\u00dfnahmenmanagement in PDAP8&#8243; image_icon_width=&#8220;50%&#8220; icon_alignment=&#8220;left&#8220; image_icon_width_tablet=&#8220;20%&#8220; image_icon_width_phone=&#8220;20%&#8220; image_icon_width_last_edited=&#8220;on|tablet&#8220; _builder_version=&#8220;4.19.5&#8243; _module_preset=&#8220;default&#8220; link_option_url=&#8220;https:\/\/pdap.de\/qualitaetsmanagement\/massnahmen\/&#8220; image_max_width=&#8220;30%&#8220; global_colors_info=&#8220;{}&#8220;]<\/p>\n<p><em>Immer im Blick: Aufgabenvergabe und -\u00fcberwachung mit R\u00fccksicht auf den Ausbildungsstand der Mitarbeiter<\/em><em><\/em><\/p>\n<ul>\n<li>Aufgabenmanagement<\/li>\n<li>Qualifizierungsmanagement<\/li>\n<li>Gef\u00e4hrdungsbeurteilung<\/li>\n<\/ul>\n<p><a href=\"https:\/\/pdap.de\/qualitaetsmanagement\/massnahmen\/\">Mehr erfahren &#8230;<\/a><\/p>\n<p>[\/et_pb_blurb][\/et_pb_column][\/et_pb_row][et_pb_row column_structure=&#8220;1_3,1_3,1_3&#8243; _builder_version=&#8220;4.19.5&#8243; _module_preset=&#8220;default&#8220; global_colors_info=&#8220;{}&#8220;][et_pb_column type=&#8220;1_3&#8243; _builder_version=&#8220;4.16&#8243; _module_preset=&#8220;default&#8220; global_colors_info=&#8220;{}&#8220;][et_pb_blurb title=&#8220;Warenmanagement&#8220; url=&#8220;https:\/\/pdap.de\/warenmanagement\/&#8220; image=&#8220;https:\/\/pdap.de\/wp-content\/uploads\/2023\/03\/icon-warenmanagement.png&#8220; alt=&#8220;Qualit\u00e4tsmanagement: Grafik zum Warenmanagement in PDAP8&#8243; image_icon_width=&#8220;50%&#8220; icon_alignment=&#8220;left&#8220; image_icon_width_tablet=&#8220;20%&#8220; image_icon_width_phone=&#8220;20%&#8220; image_icon_width_last_edited=&#8220;on|tablet&#8220; _builder_version=&#8220;4.19.5&#8243; _module_preset=&#8220;default&#8220; link_option_url=&#8220;https:\/\/pdap.de\/warenmanagement\/&#8220; image_max_width=&#8220;30%&#8220; global_colors_info=&#8220;{}&#8220;]<\/p>\n<p><em>Mit 8D-Reporten die Waren, Reklamationen und Lieferanten managen<\/em><\/p>\n<ul>\n<li>Wareneingang<\/li>\n<li>Reklamation<\/li>\n<li>Lieferantenbewertung<\/li>\n<li>Lieferantenportal<\/li>\n<li>8D-Reports<\/li>\n<li>Verbesserungen<\/li>\n<\/ul>\n<p><a href=\"https:\/\/pdap.de\/qualitaetsmanagement\/warenmanagement\/\">Mehr erfahren &#8230;<\/a><\/p>\n<p>[\/et_pb_blurb][\/et_pb_column][et_pb_column type=&#8220;1_3&#8243; _builder_version=&#8220;4.16&#8243; _module_preset=&#8220;default&#8220; global_colors_info=&#8220;{}&#8220;][et_pb_blurb title=&#8220;Pr\u00fcf- &#038; Betriebsmittel&#8220; url=&#8220;https:\/\/pdap.de\/qualitaetsmanagement\/pruef-betriebsmittel\/&#8220; image=&#8220;https:\/\/pdap.de\/wp-content\/uploads\/2023\/03\/icon-pruef-und-betriebsmittel.png&#8220; alt=&#8220;Grafik zum Bereich %22Pr\u00fcf- &#038; Betriebsmittel%22 in PDAP8&#8243; image_icon_width=&#8220;50%&#8220; icon_alignment=&#8220;left&#8220; image_icon_width_tablet=&#8220;20%&#8220; image_icon_width_phone=&#8220;20%&#8220; image_icon_width_last_edited=&#8220;on|tablet&#8220; _builder_version=&#8220;4.19.5&#8243; _module_preset=&#8220;default&#8220; link_option_url=&#8220;https:\/\/pdap.de\/qualitaetsmanagement\/pruef-betriebsmittel\/&#8220; image_max_width=&#8220;30%&#8220; global_colors_info=&#8220;{}&#8220;]<\/p>\n<p><em>F\u00fcr Sicherheit und Qualit\u00e4t:\u00a0In welchem Zustand befinden sich meine Arbeitsmittel?<\/em><\/p>\n<ul>\n<li>Pr\u00fcfmittel pro Bereich<\/li>\n<li>Betriebsmittel pro Bereich<\/li>\n<li>Individuelle To-Do-Listen<\/li>\n<li>Terminierung der Pr\u00fcftermine<\/li>\n<li>Auswertungen &amp; Analysen<\/li>\n<\/ul>\n<p><a href=\"https:\/\/pdap.de\/qualitaetsmanagement\/pruef-betriebsmittel\/\">Mehr erfahren &#8230;<\/a><\/p>\n<p>[\/et_pb_blurb][\/et_pb_column][et_pb_column type=&#8220;1_3&#8243; _builder_version=&#8220;4.19.5&#8243; _module_preset=&#8220;default&#8220; global_colors_info=&#8220;{}&#8220;][et_pb_blurb title=&#8220;Wissensdatenbank&#8220; url=&#8220;https:\/\/pdap.de\/qualitaetsmanagement\/wissensdatenbank\/&#8220; image=&#8220;https:\/\/pdap.de\/wp-content\/uploads\/2023\/03\/icon-wissensdatenbank.png&#8220; alt=&#8220;Grafik zur Wissensdatenbank in PDAP8&#8243; image_icon_width=&#8220;50%&#8220; icon_alignment=&#8220;left&#8220; image_icon_width_tablet=&#8220;20%&#8220; image_icon_width_phone=&#8220;20%&#8220; image_icon_width_last_edited=&#8220;on|tablet&#8220; _builder_version=&#8220;4.19.5&#8243; _module_preset=&#8220;default&#8220; link_option_url=&#8220;https:\/\/pdap.de\/qualitaetsmanagement\/wissensdatenbank\/&#8220; image_max_width=&#8220;30%&#8220; global_colors_info=&#8220;{}&#8220;]<\/p>\n<p><em>Firmenrelevantes Wissen sichern und den Mitarbeitern zur Verf\u00fcgung stellen<\/em><em><\/em><\/p>\n<ul>\n<li>Zugriff per Intranet oder Internet<\/li>\n<li>gesicherter Zugriff \u00fcber Rechtevergabe<\/li>\n<\/ul>\n<p><a href=\"https:\/\/pdap.de\/qualitaetsmanagement\/wissensdatenbank\/\">Mehr erfahren &#8230;<\/a><\/p>\n<p>[\/et_pb_blurb][\/et_pb_column][\/et_pb_row][\/et_pb_section]<\/p>\n","protected":false},"excerpt":{"rendered":"<p><div class=\"et_pb_module lwp_divi_breadcrumbs lwp_divi_breadcrumbs_0\">\n\t\t\t\t\n\t\t\t\t\n\t\t\t\t\n\t\t\t\t\n\t\t\t\t\n\t\t\t\t\n\t\t\t\t<div class=\"et_pb_module_inner\">\n\t\t\t\t\t<div class=\"lwp-breadcrumbs\"> <span class=\"before\"><\/span> <span vocab=\"https:\/\/schema.org\/\" typeof=\"BreadcrumbList\"><span property=\"itemListElement\" typeof=\"ListItem\"><a property=\"item\" typeof=\"WebPage\" href=\"https:\/\/pdap.de\/en\/\" class=\"home\"><span property=\"name\">Start<\/span><\/a><meta property=\"position\" content=\"1\"><\/span> <span class=\"separator et-pb-icon\">&#x39;<\/span> <\/span><\/div>\n\t\t\t\t<\/div>\n\t\t\t<\/div>Computer-aided quality Computer-aided quality (CAQ) unterst\u00fctzt Sie bei dem Qualit\u00e4tsmanagement sowie der -sicherung Ihrer Unternehmensprozesse. Es regelt die Umsetzung aller Ma\u00dfnahmen, \u00fcberwacht die Einhaltung von Qualit\u00e4tszielen und stellt kontinuierlich Informationen aus den qualit\u00e4tsrelevanten Prozessen als Entscheidungsgrundlage bereit \u2013 denn nur fehlerfreie Prozesse liefern fehlerfreie Produkte. Webbasierte Auswertungen von PDAP8 sind [&hellip;]<\/p>\n","protected":false},"author":2,"featured_media":0,"parent":0,"menu_order":0,"comment_status":"closed","ping_status":"closed","template":"","meta":{"_et_pb_use_builder":"on","_et_pb_old_content":"","_et_gb_content_width":"","footnotes":""},"class_list":["post-7717","page","type-page","status-publish","hentry"],"yoast_head":"<!-- This site is optimized with the Yoast SEO plugin v27.5 - https:\/\/yoast.com\/product\/yoast-seo-wordpress\/ -->\n<title>Qualit\u00e4tsmanagement mit Computer-aided quality &#8211; PDAP - Qualit\u00e4tsmanagement &amp; Digitalisierung<\/title>\n<meta name=\"description\" content=\"Qualit\u00e4tsmanagement f\u00fcr den langfristigen Unternehmenserfolg. PDAP8 bietet Ihnen die passende Software zur Sicherung Ihrer Qualit\u00e4tsstandards!\" \/>\n<meta name=\"robots\" content=\"index, follow, max-snippet:-1, max-image-preview:large, max-video-preview:-1\" \/>\n<link rel=\"canonical\" href=\"https:\/\/pdap.de\/en\/qualitaetsmanagement\/\" \/>\n<meta property=\"og:locale\" content=\"en_US\" \/>\n<meta property=\"og:type\" content=\"article\" \/>\n<meta property=\"og:title\" content=\"Qualit\u00e4tsmanagement mit Computer-aided quality &#8211; PDAP - Qualit\u00e4tsmanagement &amp; Digitalisierung\" \/>\n<meta property=\"og:description\" content=\"Qualit\u00e4tsmanagement f\u00fcr den langfristigen Unternehmenserfolg. PDAP8 bietet Ihnen die passende Software zur Sicherung Ihrer Qualit\u00e4tsstandards!\" \/>\n<meta property=\"og:url\" content=\"https:\/\/pdap.de\/en\/qualitaetsmanagement\/\" \/>\n<meta property=\"og:site_name\" content=\"PDAP - Qualit\u00e4tsmanagement &amp; Digitalisierung\" \/>\n<meta property=\"article:modified_time\" content=\"2023-03-28T10:55:49+00:00\" \/>\n<meta name=\"twitter:card\" content=\"summary_large_image\" \/>\n<script type=\"application\/ld+json\" class=\"yoast-schema-graph\">{\"@context\":\"https:\\\/\\\/schema.org\",\"@graph\":[{\"@type\":\"WebPage\",\"@id\":\"https:\\\/\\\/pdap.de\\\/qualitaetsmanagement\\\/\",\"url\":\"https:\\\/\\\/pdap.de\\\/qualitaetsmanagement\\\/\",\"name\":\"Qualit\u00e4tsmanagement mit Computer-aided quality &#8211; PDAP - Qualit\u00e4tsmanagement &amp; Digitalisierung\",\"isPartOf\":{\"@id\":\"https:\\\/\\\/pdap.de\\\/#website\"},\"datePublished\":\"2021-08-03T09:25:27+00:00\",\"dateModified\":\"2023-03-28T10:55:49+00:00\",\"description\":\"Qualit\u00e4tsmanagement f\u00fcr den langfristigen Unternehmenserfolg. PDAP8 bietet Ihnen die passende Software zur Sicherung Ihrer Qualit\u00e4tsstandards!\",\"breadcrumb\":{\"@id\":\"https:\\\/\\\/pdap.de\\\/qualitaetsmanagement\\\/#breadcrumb\"},\"inLanguage\":\"en-US\",\"potentialAction\":[{\"@type\":\"ReadAction\",\"target\":[\"https:\\\/\\\/pdap.de\\\/qualitaetsmanagement\\\/\"]}]},{\"@type\":\"BreadcrumbList\",\"@id\":\"https:\\\/\\\/pdap.de\\\/qualitaetsmanagement\\\/#breadcrumb\",\"itemListElement\":[{\"@type\":\"ListItem\",\"position\":1,\"name\":\"Startseite\",\"item\":\"https:\\\/\\\/pdap.de\\\/\"},{\"@type\":\"ListItem\",\"position\":2,\"name\":\"Qualit\u00e4tsmanagement\"}]},{\"@type\":\"WebSite\",\"@id\":\"https:\\\/\\\/pdap.de\\\/#website\",\"url\":\"https:\\\/\\\/pdap.de\\\/\",\"name\":\"PDAP - Qualit\u00e4tsmanagement &amp; Digitalisierung\",\"description\":\"by JessenLenz\",\"publisher\":{\"@id\":\"https:\\\/\\\/pdap.de\\\/#organization\"},\"potentialAction\":[{\"@type\":\"SearchAction\",\"target\":{\"@type\":\"EntryPoint\",\"urlTemplate\":\"https:\\\/\\\/pdap.de\\\/?s={search_term_string}\"},\"query-input\":{\"@type\":\"PropertyValueSpecification\",\"valueRequired\":true,\"valueName\":\"search_term_string\"}}],\"inLanguage\":\"en-US\"},{\"@type\":\"Organization\",\"@id\":\"https:\\\/\\\/pdap.de\\\/#organization\",\"name\":\"PDAP by JessenLenz\",\"url\":\"https:\\\/\\\/pdap.de\\\/\",\"logo\":{\"@type\":\"ImageObject\",\"inLanguage\":\"en-US\",\"@id\":\"https:\\\/\\\/pdap.de\\\/#\\\/schema\\\/logo\\\/image\\\/\",\"url\":\"https:\\\/\\\/pdap.de\\\/wp-content\\\/uploads\\\/2021\\\/08\\\/pdap-logo-1.png\",\"contentUrl\":\"https:\\\/\\\/pdap.de\\\/wp-content\\\/uploads\\\/2021\\\/08\\\/pdap-logo-1.png\",\"width\":800,\"height\":377,\"caption\":\"PDAP by JessenLenz\"},\"image\":{\"@id\":\"https:\\\/\\\/pdap.de\\\/#\\\/schema\\\/logo\\\/image\\\/\"}}]}<\/script>\n<!-- \/ Yoast SEO plugin. -->","yoast_head_json":{"title":"Qualit\u00e4tsmanagement mit Computer-aided quality &#8211; PDAP - Qualit\u00e4tsmanagement &amp; Digitalisierung","description":"Qualit\u00e4tsmanagement f\u00fcr den langfristigen Unternehmenserfolg. PDAP8 bietet Ihnen die passende Software zur Sicherung Ihrer Qualit\u00e4tsstandards!","robots":{"index":"index","follow":"follow","max-snippet":"max-snippet:-1","max-image-preview":"max-image-preview:large","max-video-preview":"max-video-preview:-1"},"canonical":"https:\/\/pdap.de\/en\/qualitaetsmanagement\/","og_locale":"en_US","og_type":"article","og_title":"Qualit\u00e4tsmanagement mit Computer-aided quality &#8211; PDAP - Qualit\u00e4tsmanagement &amp; Digitalisierung","og_description":"Qualit\u00e4tsmanagement f\u00fcr den langfristigen Unternehmenserfolg. PDAP8 bietet Ihnen die passende Software zur Sicherung Ihrer Qualit\u00e4tsstandards!","og_url":"https:\/\/pdap.de\/en\/qualitaetsmanagement\/","og_site_name":"PDAP - Qualit\u00e4tsmanagement &amp; Digitalisierung","article_modified_time":"2023-03-28T10:55:49+00:00","twitter_card":"summary_large_image","schema":{"@context":"https:\/\/schema.org","@graph":[{"@type":"WebPage","@id":"https:\/\/pdap.de\/qualitaetsmanagement\/","url":"https:\/\/pdap.de\/qualitaetsmanagement\/","name":"Qualit\u00e4tsmanagement mit Computer-aided quality &#8211; PDAP - Qualit\u00e4tsmanagement &amp; Digitalisierung","isPartOf":{"@id":"https:\/\/pdap.de\/#website"},"datePublished":"2021-08-03T09:25:27+00:00","dateModified":"2023-03-28T10:55:49+00:00","description":"Qualit\u00e4tsmanagement f\u00fcr den langfristigen Unternehmenserfolg. PDAP8 bietet Ihnen die passende Software zur Sicherung Ihrer Qualit\u00e4tsstandards!","breadcrumb":{"@id":"https:\/\/pdap.de\/qualitaetsmanagement\/#breadcrumb"},"inLanguage":"en-US","potentialAction":[{"@type":"ReadAction","target":["https:\/\/pdap.de\/qualitaetsmanagement\/"]}]},{"@type":"BreadcrumbList","@id":"https:\/\/pdap.de\/qualitaetsmanagement\/#breadcrumb","itemListElement":[{"@type":"ListItem","position":1,"name":"Startseite","item":"https:\/\/pdap.de\/"},{"@type":"ListItem","position":2,"name":"Qualit\u00e4tsmanagement"}]},{"@type":"WebSite","@id":"https:\/\/pdap.de\/#website","url":"https:\/\/pdap.de\/","name":"PDAP - Qualit\u00e4tsmanagement &amp; Digitalisierung","description":"by JessenLenz","publisher":{"@id":"https:\/\/pdap.de\/#organization"},"potentialAction":[{"@type":"SearchAction","target":{"@type":"EntryPoint","urlTemplate":"https:\/\/pdap.de\/?s={search_term_string}"},"query-input":{"@type":"PropertyValueSpecification","valueRequired":true,"valueName":"search_term_string"}}],"inLanguage":"en-US"},{"@type":"Organization","@id":"https:\/\/pdap.de\/#organization","name":"PDAP by JessenLenz","url":"https:\/\/pdap.de\/","logo":{"@type":"ImageObject","inLanguage":"en-US","@id":"https:\/\/pdap.de\/#\/schema\/logo\/image\/","url":"https:\/\/pdap.de\/wp-content\/uploads\/2021\/08\/pdap-logo-1.png","contentUrl":"https:\/\/pdap.de\/wp-content\/uploads\/2021\/08\/pdap-logo-1.png","width":800,"height":377,"caption":"PDAP by JessenLenz"},"image":{"@id":"https:\/\/pdap.de\/#\/schema\/logo\/image\/"}}]}},"_links":{"self":[{"href":"https:\/\/pdap.de\/en\/wp-json\/wp\/v2\/pages\/7717","targetHints":{"allow":["GET"]}}],"collection":[{"href":"https:\/\/pdap.de\/en\/wp-json\/wp\/v2\/pages"}],"about":[{"href":"https:\/\/pdap.de\/en\/wp-json\/wp\/v2\/types\/page"}],"author":[{"embeddable":true,"href":"https:\/\/pdap.de\/en\/wp-json\/wp\/v2\/users\/2"}],"replies":[{"embeddable":true,"href":"https:\/\/pdap.de\/en\/wp-json\/wp\/v2\/comments?post=7717"}],"version-history":[{"count":209,"href":"https:\/\/pdap.de\/en\/wp-json\/wp\/v2\/pages\/7717\/revisions"}],"predecessor-version":[{"id":14698,"href":"https:\/\/pdap.de\/en\/wp-json\/wp\/v2\/pages\/7717\/revisions\/14698"}],"wp:attachment":[{"href":"https:\/\/pdap.de\/en\/wp-json\/wp\/v2\/media?parent=7717"}],"curies":[{"name":"wp","href":"https:\/\/api.w.org\/{rel}","templated":true}]}}