{"id":75,"date":"2021-07-14T13:48:44","date_gmt":"2021-07-14T11:48:44","guid":{"rendered":"http:\/\/test.pdap.de\/?page_id=75"},"modified":"2023-03-15T08:33:13","modified_gmt":"2023-03-15T07:33:13","slug":"ueber-pdap","status":"publish","type":"page","link":"https:\/\/pdap.de\/en\/ueber-pdap\/","title":{"rendered":"About PDAP"},"content":{"rendered":"<p>[et_pb_section fb_built=&#8220;1&#8243; fullwidth=&#8220;on&#8220; _builder_version=&#8220;4.16&#8243; _module_preset=&#8220;default&#8220; global_colors_info=&#8220;{}&#8220;][et_pb_fullwidth_slider show_arrows=&#8220;off&#8220; show_pagination=&#8220;off&#8220; _builder_version=&#8220;4.19.5&#8243; _module_preset=&#8220;default&#8220; background_enable_color=&#8220;off&#8220; background_enable_image=&#8220;off&#8220; width_tablet=&#8220;&#8220; width_phone=&#8220;&#8220; width_last_edited=&#8220;on|phone&#8220; content_width_last_edited=&#8220;off|desktop&#8220; min_height_tablet=&#8220;&#8220; min_height_phone=&#8220;&#8220; min_height_last_edited=&#8220;on|tablet&#8220; height=&#8220;220px&#8220; height_tablet=&#8220;200px&#8220; height_phone=&#8220;180px&#8220; height_last_edited=&#8220;on|phone&#8220; background_last_edited=&#8220;on|phone&#8220; background_image_phone=&#8220;https:\/\/pdap.de\/wp-content\/uploads\/2021\/08\/ueber-pdap-1.jpg&#8220; background_enable_image_phone=&#8220;on&#8220; global_colors_info=&#8220;{}&#8220;][et_pb_slide _builder_version=&#8220;4.19.5&#8243; _module_preset=&#8220;default&#8220; header_font_size=&#8220;24px&#8220; background_enable_color=&#8220;on&#8220; background_image=&#8220;https:\/\/pdap.de\/wp-content\/uploads\/2023\/02\/ueber-pdap-icon.png&#8220; background_enable_image=&#8220;on&#8220; background_size=&#8220;initial&#8220; custom_padding=&#8220;||||false|false&#8220; background_last_edited=&#8220;on|phone&#8220; background_image_phone=&#8220;https:\/\/pdap.de\/wp-content\/uploads\/2023\/02\/ueber-pdap-icon-mobil.png&#8220; background_enable_image_phone=&#8220;on&#8220; background_size_phone=&#8220;initial&#8220; global_colors_info=&#8220;{}&#8220; background__hover_enabled=&#8220;off|desktop&#8220; sticky_transition=&#8220;on&#8220;][\/et_pb_slide][\/et_pb_fullwidth_slider][\/et_pb_section][et_pb_section fb_built=&#8220;1&#8243; _builder_version=&#8220;4.16&#8243; _module_preset=&#8220;default&#8220; min_height=&#8220;493px&#8220; custom_padding=&#8220;4px||70px|||&#8220; global_colors_info=&#8220;{}&#8220;][et_pb_row _builder_version=&#8220;4.16&#8243; _module_preset=&#8220;default&#8220; global_colors_info=&#8220;{}&#8220;][et_pb_column type=&#8220;4_4&#8243; _builder_version=&#8220;4.16&#8243; _module_preset=&#8220;default&#8220; global_colors_info=&#8220;{}&#8220;][lwp_divi_breadcrumbs home_text=&#8220;Start&#8220; _builder_version=&#8220;4.16&#8243; _module_preset=&#8220;default&#8220; global_colors_info=&#8220;{}&#8220;][\/lwp_divi_breadcrumbs][et_pb_testimonial _builder_version=&#8220;4.19.5&#8243; _module_preset=&#8220;default&#8220; body_font=&#8220;Open Sans||||||||&#8220; body_font_size=&#8220;22px&#8220; author_font=&#8220;Open Sans||||||||&#8220; position_font=&#8220;Open Sans||||||||&#8220; global_colors_info=&#8220;{}&#8220;]<\/p>\n<p style=\"text-align: center;\"><em>Quality ensures the long-term success of the company.<\/em><\/p>\n<p>[\/et_pb_testimonial][et_pb_text _builder_version=&#8220;4.16&#8243; _module_preset=&#8220;default&#8220; global_colors_info=&#8220;{}&#8220;]<\/p>\n<p>As a division of the L\u00fcbeck-based company JessenLenz, we have specialized in the implementation of innovative and forward-looking technologies since 1983. We stand for processes, data, analyses and projects in quality management - in short: PDAP. From incoming goods to production to the analysis and handling of complaints.<\/p>\n<p>With PDAP 8, you have an overview of the quality of your products and processes. You can assess your risks and secure your company's success in the long term.<\/p>\n<p>In the current time, climate change is more present and urgent than ever. Although the terms quality and sustainability refer to different fields, there is a close connection between them. \"Quality\" and \"sustainability\" strive for a high quality of product, life and environment. This not only saves costs, but also conserves resources.<\/p>\n<p>If you are interested or have any questions, we are always at your disposal!<\/p>\n<p>[\/et_pb_text][et_pb_button button_url=&#8220;https:\/\/pdap.de\/kontakt\/&#8220; button_text=&#8220;Kontaktieren Sie uns&#8220; _builder_version=&#8220;4.16&#8243; _module_preset=&#8220;default&#8220; custom_button=&#8220;on&#8220; button_text_size=&#8220;18px&#8220; button_text_color=&#8220;#FFFFFF&#8220; button_bg_color=&#8220;#003087&#8243; button_border_radius=&#8220;5px&#8220; button_icon=&#8220;&#x35;||divi||400&#8243; custom_margin=&#8220;-10px|||-2px|false|false&#8220; global_colors_info=&#8220;{}&#8220;][\/et_pb_button][\/et_pb_column][\/et_pb_row][\/et_pb_section]<\/p>","protected":false},"excerpt":{"rendered":"<p><div class=\"et_pb_module lwp_divi_breadcrumbs lwp_divi_breadcrumbs_0\">\n\t\t\t\t\n\t\t\t\t\n\t\t\t\t\n\t\t\t\t\n\t\t\t\t\n\t\t\t\t\n\t\t\t\t<div class=\"et_pb_module_inner\">\n\t\t\t\t\t<div class=\"lwp-breadcrumbs\"> <span class=\"before\"><\/span> <span vocab=\"https:\/\/schema.org\/\" typeof=\"BreadcrumbList\"><span property=\"itemListElement\" typeof=\"ListItem\"><a property=\"item\" typeof=\"WebPage\" href=\"https:\/\/pdap.de\/en\/\" class=\"home\"><span property=\"name\">Start<\/span><\/a><meta property=\"position\" content=\"1\"><\/span> <span class=\"separator et-pb-icon\">9<\/span> <\/span><\/div>\n\t\t\t\t<\/div>\n\t\t\t<\/div>Qualit\u00e4t sichert den langfristigen Unternehmenserfolg.Als Gesch\u00e4ftsbereich der L\u00fcbecker Unternehmung JessenLenz sind wir seit 1983 auf die Umsetzung innovativer und zukunftsweisender Technologien spezialisiert. Dabei stehen wir f\u00fcr\u00a0Prozesse,\u00a0Daten,\u00a0Analysen\u00a0und\u00a0Projekte\u00a0im Qualit\u00e4tsmanagement \u2013 kurz gesagt: PDAP. Vom Wareneingang \u00fcber die Produktion bis hin zur Analyse und Abwicklung von Reklamationen. Mit PDAP 8 haben Sie\u00a0den \u00dcberblick \u00fcber [&hellip;]<\/p>","protected":false},"author":2,"featured_media":0,"parent":0,"menu_order":0,"comment_status":"closed","ping_status":"closed","template":"","meta":{"_et_pb_use_builder":"on","_et_pb_old_content":"","_et_gb_content_width":""},"yoast_head":"<!-- This site is optimized with the Yoast SEO plugin v20.6 - https:\/\/yoast.com\/wordpress\/plugins\/seo\/ -->\n<title>CAQ-L\u00f6sungen: \u00dcber PDAP &ndash; PDAP - Qualit\u00e4tsmanagement &amp; Digitalisierung by JessenLenz<\/title>\n<meta name=\"description\" content=\"Sie sind neugierig, was und wer genau hinter PDAP steht? Was ist unsere Unternehmensphilosophie? Wir stellen uns f\u00fcr Sie vor!\" \/>\n<meta name=\"robots\" content=\"index, follow, max-snippet:-1, max-image-preview:large, max-video-preview:-1\" \/>\n<link rel=\"canonical\" href=\"https:\/\/pdap.de\/en\/ueber-pdap\/\" \/>\n<meta property=\"og:locale\" content=\"en_US\" \/>\n<meta property=\"og:type\" content=\"article\" \/>\n<meta property=\"og:title\" content=\"CAQ-L\u00f6sungen: \u00dcber PDAP &ndash; PDAP - Qualit\u00e4tsmanagement &amp; Digitalisierung by JessenLenz\" \/>\n<meta property=\"og:description\" content=\"Sie sind neugierig, was und wer genau hinter PDAP steht? Was ist unsere Unternehmensphilosophie? Wir stellen uns f\u00fcr Sie vor!\" \/>\n<meta property=\"og:url\" content=\"https:\/\/pdap.de\/en\/ueber-pdap\/\" \/>\n<meta property=\"og:site_name\" content=\"PDAP - Qualit\u00e4tsmanagement &amp; Digitalisierung\" \/>\n<meta property=\"article:modified_time\" content=\"2023-03-15T07:33:13+00:00\" \/>\n<meta name=\"twitter:card\" content=\"summary_large_image\" \/>\n<script type=\"application\/ld+json\" class=\"yoast-schema-graph\">{\"@context\":\"https:\/\/schema.org\",\"@graph\":[{\"@type\":\"WebPage\",\"@id\":\"https:\/\/pdap.de\/ueber-pdap\/\",\"url\":\"https:\/\/pdap.de\/ueber-pdap\/\",\"name\":\"CAQ-L\u00f6sungen: \u00dcber PDAP &ndash; PDAP - Qualit\u00e4tsmanagement &amp; Digitalisierung by JessenLenz\",\"isPartOf\":{\"@id\":\"https:\/\/pdap.de\/#website\"},\"datePublished\":\"2021-07-14T11:48:44+00:00\",\"dateModified\":\"2023-03-15T07:33:13+00:00\",\"description\":\"Sie sind neugierig, was und wer genau hinter PDAP steht? Was ist unsere Unternehmensphilosophie? Wir stellen uns f\u00fcr Sie vor!\",\"breadcrumb\":{\"@id\":\"https:\/\/pdap.de\/ueber-pdap\/#breadcrumb\"},\"inLanguage\":\"en-US\",\"potentialAction\":[{\"@type\":\"ReadAction\",\"target\":[\"https:\/\/pdap.de\/ueber-pdap\/\"]}]},{\"@type\":\"BreadcrumbList\",\"@id\":\"https:\/\/pdap.de\/ueber-pdap\/#breadcrumb\",\"itemListElement\":[{\"@type\":\"ListItem\",\"position\":1,\"name\":\"Startseite\",\"item\":\"https:\/\/pdap.de\/\"},{\"@type\":\"ListItem\",\"position\":2,\"name\":\"\u00dcber PDAP\"}]},{\"@type\":\"WebSite\",\"@id\":\"https:\/\/pdap.de\/#website\",\"url\":\"https:\/\/pdap.de\/\",\"name\":\"PDAP - Qualit\u00e4tsmanagement &amp; Digitalisierung\",\"description\":\"by JessenLenz\",\"publisher\":{\"@id\":\"https:\/\/pdap.de\/#organization\"},\"potentialAction\":[{\"@type\":\"SearchAction\",\"target\":{\"@type\":\"EntryPoint\",\"urlTemplate\":\"https:\/\/pdap.de\/?s={search_term_string}\"},\"query-input\":\"required name=search_term_string\"}],\"inLanguage\":\"en-US\"},{\"@type\":\"Organization\",\"@id\":\"https:\/\/pdap.de\/#organization\",\"name\":\"PDAP by JessenLenz\",\"url\":\"https:\/\/pdap.de\/\",\"logo\":{\"@type\":\"ImageObject\",\"inLanguage\":\"en-US\",\"@id\":\"https:\/\/pdap.de\/#\/schema\/logo\/image\/\",\"url\":\"https:\/\/pdap.de\/wp-content\/uploads\/2021\/08\/pdap-logo-1.png\",\"contentUrl\":\"https:\/\/pdap.de\/wp-content\/uploads\/2021\/08\/pdap-logo-1.png\",\"width\":800,\"height\":377,\"caption\":\"PDAP by JessenLenz\"},\"image\":{\"@id\":\"https:\/\/pdap.de\/#\/schema\/logo\/image\/\"}}]}<\/script>\n<!-- \/ Yoast SEO plugin. -->","yoast_head_json":{"title":"CAQ-L\u00f6sungen: \u00dcber PDAP &ndash; PDAP - Qualit\u00e4tsmanagement &amp; Digitalisierung by JessenLenz","description":"Sie sind neugierig, was und wer genau hinter PDAP steht? Was ist unsere Unternehmensphilosophie? Wir stellen uns f\u00fcr Sie vor!","robots":{"index":"index","follow":"follow","max-snippet":"max-snippet:-1","max-image-preview":"max-image-preview:large","max-video-preview":"max-video-preview:-1"},"canonical":"https:\/\/pdap.de\/en\/ueber-pdap\/","og_locale":"en_US","og_type":"article","og_title":"CAQ-L\u00f6sungen: \u00dcber PDAP &ndash; PDAP - Qualit\u00e4tsmanagement &amp; Digitalisierung by JessenLenz","og_description":"Sie sind neugierig, was und wer genau hinter PDAP steht? Was ist unsere Unternehmensphilosophie? Wir stellen uns f\u00fcr Sie vor!","og_url":"https:\/\/pdap.de\/en\/ueber-pdap\/","og_site_name":"PDAP - Qualit\u00e4tsmanagement &amp; Digitalisierung","article_modified_time":"2023-03-15T07:33:13+00:00","twitter_card":"summary_large_image","schema":{"@context":"https:\/\/schema.org","@graph":[{"@type":"WebPage","@id":"https:\/\/pdap.de\/ueber-pdap\/","url":"https:\/\/pdap.de\/ueber-pdap\/","name":"CAQ-L\u00f6sungen: \u00dcber PDAP &ndash; PDAP - Qualit\u00e4tsmanagement &amp; Digitalisierung by JessenLenz","isPartOf":{"@id":"https:\/\/pdap.de\/#website"},"datePublished":"2021-07-14T11:48:44+00:00","dateModified":"2023-03-15T07:33:13+00:00","description":"Sie sind neugierig, was und wer genau hinter PDAP steht? Was ist unsere Unternehmensphilosophie? Wir stellen uns f\u00fcr Sie vor!","breadcrumb":{"@id":"https:\/\/pdap.de\/ueber-pdap\/#breadcrumb"},"inLanguage":"en-US","potentialAction":[{"@type":"ReadAction","target":["https:\/\/pdap.de\/ueber-pdap\/"]}]},{"@type":"BreadcrumbList","@id":"https:\/\/pdap.de\/ueber-pdap\/#breadcrumb","itemListElement":[{"@type":"ListItem","position":1,"name":"Startseite","item":"https:\/\/pdap.de\/"},{"@type":"ListItem","position":2,"name":"\u00dcber PDAP"}]},{"@type":"WebSite","@id":"https:\/\/pdap.de\/#website","url":"https:\/\/pdap.de\/","name":"PDAP - Qualit\u00e4tsmanagement &amp; Digitalisierung","description":"by JessenLenz","publisher":{"@id":"https:\/\/pdap.de\/#organization"},"potentialAction":[{"@type":"SearchAction","target":{"@type":"EntryPoint","urlTemplate":"https:\/\/pdap.de\/?s={search_term_string}"},"query-input":"required name=search_term_string"}],"inLanguage":"en-US"},{"@type":"Organization","@id":"https:\/\/pdap.de\/#organization","name":"PDAP by JessenLenz","url":"https:\/\/pdap.de\/","logo":{"@type":"ImageObject","inLanguage":"en-US","@id":"https:\/\/pdap.de\/#\/schema\/logo\/image\/","url":"https:\/\/pdap.de\/wp-content\/uploads\/2021\/08\/pdap-logo-1.png","contentUrl":"https:\/\/pdap.de\/wp-content\/uploads\/2021\/08\/pdap-logo-1.png","width":800,"height":377,"caption":"PDAP by JessenLenz"},"image":{"@id":"https:\/\/pdap.de\/#\/schema\/logo\/image\/"}}]}},"_links":{"self":[{"href":"https:\/\/pdap.de\/en\/wp-json\/wp\/v2\/pages\/75"}],"collection":[{"href":"https:\/\/pdap.de\/en\/wp-json\/wp\/v2\/pages"}],"about":[{"href":"https:\/\/pdap.de\/en\/wp-json\/wp\/v2\/types\/page"}],"author":[{"embeddable":true,"href":"https:\/\/pdap.de\/en\/wp-json\/wp\/v2\/users\/2"}],"replies":[{"embeddable":true,"href":"https:\/\/pdap.de\/en\/wp-json\/wp\/v2\/comments?post=75"}],"version-history":[{"count":85,"href":"https:\/\/pdap.de\/en\/wp-json\/wp\/v2\/pages\/75\/revisions"}],"predecessor-version":[{"id":14621,"href":"https:\/\/pdap.de\/en\/wp-json\/wp\/v2\/pages\/75\/revisions\/14621"}],"wp:attachment":[{"href":"https:\/\/pdap.de\/en\/wp-json\/wp\/v2\/media?parent=75"}],"curies":[{"name":"wp","href":"https:\/\/api.w.org\/{rel}","templated":true}]}}