{"id":54,"date":"2021-07-14T13:06:17","date_gmt":"2021-07-14T11:06:17","guid":{"rendered":"http:\/\/test.pdap.de\/?page_id=54"},"modified":"2023-03-15T08:43:38","modified_gmt":"2023-03-15T07:43:38","slug":"branchen","status":"publish","type":"page","link":"https:\/\/pdap.de\/en\/branchen\/","title":{"rendered":"Branches"},"content":{"rendered":"<p>[et_pb_section fb_built=&#8220;1&#8243; fullwidth=&#8220;on&#8220; _builder_version=&#8220;4.19.5&#8243; _module_preset=&#8220;default&#8220; global_colors_info=&#8220;{}&#8220;][et_pb_fullwidth_slider use_bg_overlay=&#8220;off&#8220; use_text_overlay=&#8220;off&#8220; _builder_version=&#8220;4.19.5&#8243; _module_preset=&#8220;default&#8220; header_level=&#8220;h1&#8243; header_font=&#8220;||||||||&#8220; header_text_color=&#8220;#686868&#8243; header_font_size=&#8220;26px&#8220; body_font_size=&#8220;20px&#8220; custom_button=&#8220;on&#8220; button_text_size=&#8220;18px&#8220; button_text_color=&#8220;#868686&#8243; button_bg_color=&#8220;rgba(255,255,255,0.62)&#8220; button_border_width=&#8220;2px&#8220; button_border_color=&#8220;#ffffff&#8220; button_alignment=&#8220;right&#8220; content_width_tablet=&#8220;55%&#8220; content_width_phone=&#8220;100%&#8220; content_width_last_edited=&#8220;on|phone&#8220; height_tablet=&#8220;410px&#8220; height_phone=&#8220;380px&#8220; height_last_edited=&#8220;on|phone&#8220; max_height_last_edited=&#8220;off|desktop&#8220; custom_margin=&#8220;||||false|false&#8220; custom_padding=&#8220;||||false|false&#8220; auto=&#8220;on&#8220; auto_speed=&#8220;4500&#8243; header_font_size_tablet=&#8220;18px&#8220; header_font_size_phone=&#8220;16px&#8220; header_font_size_last_edited=&#8220;on|phone&#8220; button_text_size_tablet=&#8220;15px&#8220; button_text_size_phone=&#8220;14px&#8220; button_text_size_last_edited=&#8220;on|tablet&#8220; custom_css_slide_description=&#8220;animation-name: none; !important&#8220; header_text_shadow_style=&#8220;preset1&#8243; header_text_shadow_color=&#8220;rgba(127,127,127,0.4)&#8220; global_colors_info=&#8220;{}&#8220; custom_css_slide_description_last_edited=&#8220;off|tablet&#8220;][et_pb_slide heading_last_edited=&#8220;off|tablet&#8220; _builder_version=&#8220;4.19.5&#8243; _module_preset=&#8220;default&#8220; background_enable_color=&#8220;off&#8220; background_image=&#8220;https:\/\/pdap.de\/wp-content\/uploads\/2023\/03\/banner-branchen.jpg&#8220; background_enable_image=&#8220;on&#8220; custom_button=&#8220;on&#8220; button_text_color=&#8220;#ffffff&#8220; button_alignment=&#8220;center&#8220; background_last_edited=&#8220;on|phone&#8220; background_image_phone=&#8220;https:\/\/pdap.de\/wp-content\/uploads\/2023\/03\/banner-branchen-mobil.jpg&#8220; background_enable_image_phone=&#8220;on&#8220; custom_css_slide_button=&#8220;position: absolute;||left: 10;||right: 0;||bottom: 0;||margin-left: 400px;||margin-right: 80px;||margin-bottom: 100px&#8220; global_colors_info=&#8220;{}&#8220; custom_css_slide_button_last_edited=&#8220;on|phone&#8220; custom_css_slide_button_tablet=&#8220;position: absolute;||left: 0;||right: 0;||bottom: 0;||margin-left: 100px;||margin-right: 100px;||margin-bottom: 130px;&#8220; custom_css_slide_button_phone=&#8220;position: absolute;||left: 0;||right: 0;||bottom: 0;||margin-left: 100px;||margin-right: 100px;||margin-bottom: 130px;&#8220; sticky_transition=&#8220;on&#8220;][\/et_pb_slide][\/et_pb_fullwidth_slider][\/et_pb_section][et_pb_section fb_built=&#8220;1&#8243; _builder_version=&#8220;4.19.5&#8243; _module_preset=&#8220;default&#8220; min_height=&#8220;350.7px&#8220; custom_padding=&#8220;||55px||false|false&#8220; global_colors_info=&#8220;{}&#8220;][et_pb_row _builder_version=&#8220;4.19.5&#8243; _module_preset=&#8220;default&#8220; custom_margin=&#8220;|auto||auto|false|false&#8220; custom_padding=&#8220;0px||||false|false&#8220; hover_enabled=&#8220;0&#8243; global_colors_info=&#8220;{}&#8220; sticky_enabled=&#8220;0&#8243;][et_pb_column type=&#8220;4_4&#8243; _builder_version=&#8220;4.16&#8243; _module_preset=&#8220;default&#8220; global_colors_info=&#8220;{}&#8220;][lwp_divi_breadcrumbs home_text=&#8220;Start&#8220; _builder_version=&#8220;4.19.5&#8243; _module_preset=&#8220;default&#8220; global_colors_info=&#8220;{}&#8220;][\/lwp_divi_breadcrumbs][et_pb_text _builder_version=&#8220;4.16&#8243; _module_preset=&#8220;default&#8220; text_font_size=&#8220;16px&#8220; header_2_font_size=&#8220;18px&#8220; global_colors_info=&#8220;{}&#8220;]<\/p>\n<p style=\"text-align: center;\">In these industries our know-how has been successfully incorporated and we support our customers in their daily work with their quality management in different national languages:<\/p>\n<p>[\/et_pb_text][\/et_pb_column][\/et_pb_row][et_pb_row column_structure=&#8220;1_3,1_3,1_3&#8243; _builder_version=&#8220;4.16&#8243; _module_preset=&#8220;default&#8220; transform_translate=&#8220;75px|0px&#8220; transform_translate_linked=&#8220;off&#8220; global_colors_info=&#8220;{}&#8220;][et_pb_column type=&#8220;1_3&#8243; _builder_version=&#8220;4.16&#8243; _module_preset=&#8220;default&#8220; global_colors_info=&#8220;{}&#8220;][et_pb_blurb image=&#8220;https:\/\/pdap.de\/wp-content\/uploads\/2021\/08\/automotive-icon.png&#8220; alt=&#8220;Branchen: Automotive&#8220; icon_placement=&#8220;left&#8220; _builder_version=&#8220;4.16&#8243; _module_preset=&#8220;default&#8220; body_text_align=&#8220;left&#8220; body_line_height=&#8220;2.2em&#8220; transform_scale=&#8220;120%|120%&#8220; global_colors_info=&#8220;{}&#8220;]<\/p>\n<p>Automotive<\/p>\n<p>[\/et_pb_blurb][et_pb_blurb image=&#8220;https:\/\/pdap.de\/wp-content\/uploads\/2021\/08\/maschinen-und-anlagebau-icon.png&#8220; alt=&#8220;Branchen: Maschinen- &#038; Anlagenbau&#8220; icon_placement=&#8220;left&#8220; _builder_version=&#8220;4.16&#8243; _module_preset=&#8220;default&#8220; body_line_height=&#8220;2.2em&#8220; transform_scale=&#8220;120%|120%&#8220; global_colors_info=&#8220;{}&#8220;]<\/p>\n<p>Mechanical and plant manufacturing<\/p>\n<p>[\/et_pb_blurb][et_pb_blurb image=&#8220;https:\/\/pdap.de\/wp-content\/uploads\/2021\/08\/metallverarbeitung-icon.png&#8220; alt=&#8220;Icon Metallverarbeitung&#8220; icon_placement=&#8220;left&#8220; _builder_version=&#8220;4.16&#8243; _module_preset=&#8220;default&#8220; body_line_height=&#8220;2.2em&#8220; transform_scale=&#8220;120%|120%&#8220; global_colors_info=&#8220;{}&#8220;]<\/p>\n<p>Metal processing<\/p>\n<p>[\/et_pb_blurb][et_pb_blurb image=&#8220;https:\/\/pdap.de\/wp-content\/uploads\/2021\/08\/handel-icon.png&#8220; alt=&#8220;Icon Handel&#8220; icon_placement=&#8220;left&#8220; _builder_version=&#8220;4.16&#8243; _module_preset=&#8220;default&#8220; body_line_height=&#8220;2.2em&#8220; transform_scale=&#8220;120%|120%&#8220; global_colors_info=&#8220;{}&#8220;]<\/p>\n<p>Trade<\/p>\n<p>[\/et_pb_blurb][\/et_pb_column][et_pb_column type=&#8220;1_3&#8243; _builder_version=&#8220;4.16&#8243; _module_preset=&#8220;default&#8220; global_colors_info=&#8220;{}&#8220;][et_pb_blurb image=&#8220;https:\/\/pdap.de\/wp-content\/uploads\/2021\/08\/kunststofftechnik-icon.png&#8220; alt=&#8220;Branchen: Kunststofftechnik&#8220; icon_placement=&#8220;left&#8220; _builder_version=&#8220;4.16&#8243; _module_preset=&#8220;default&#8220; body_line_height=&#8220;2.2em&#8220; transform_scale=&#8220;120%|120%&#8220; global_colors_info=&#8220;{}&#8220;]<\/p>\n<p>Plastics technology<\/p>\n<p>[\/et_pb_blurb][et_pb_blurb image=&#8220;https:\/\/pdap.de\/wp-content\/uploads\/2021\/08\/elektronik-icon.png&#8220; alt=&#8220;Icon Elektronik&#8220; icon_placement=&#8220;left&#8220; _builder_version=&#8220;4.16&#8243; _module_preset=&#8220;default&#8220; body_line_height=&#8220;2.2em&#8220; transform_scale=&#8220;120%|120%&#8220; global_colors_info=&#8220;{}&#8220;]<\/p>\n<p>Electronics<\/p>\n<p>[\/et_pb_blurb][et_pb_blurb image=&#8220;https:\/\/pdap.de\/wp-content\/uploads\/2021\/08\/chemie-icon.png&#8220; alt=&#8220;Icon Chemie&#8220; icon_placement=&#8220;left&#8220; _builder_version=&#8220;4.16&#8243; _module_preset=&#8220;default&#8220; body_line_height=&#8220;2.2em&#8220; transform_scale=&#8220;120%|120%&#8220; global_colors_info=&#8220;{}&#8220;]<\/p>\n<p>Chemistry<\/p>\n<p>[\/et_pb_blurb][et_pb_blurb image=&#8220;https:\/\/pdap.de\/wp-content\/uploads\/2021\/08\/lebensmittelindustrie-icon.png&#8220; alt=&#8220;Icon Lebensmittel&#8220; icon_placement=&#8220;left&#8220; _builder_version=&#8220;4.16&#8243; _module_preset=&#8220;default&#8220; body_line_height=&#8220;2.2em&#8220; transform_scale=&#8220;120%|120%&#8220; global_colors_info=&#8220;{}&#8220;]<\/p>\n<p>Food<\/p>\n<p>[\/et_pb_blurb][\/et_pb_column][et_pb_column type=&#8220;1_3&#8243; _builder_version=&#8220;4.16&#8243; _module_preset=&#8220;default&#8220; global_colors_info=&#8220;{}&#8220;][et_pb_blurb image=&#8220;https:\/\/pdap.de\/wp-content\/uploads\/2021\/08\/medizintechnik-icon-1.png&#8220; alt=&#8220;Branchen: Medizintechnik&#8220; icon_placement=&#8220;left&#8220; _builder_version=&#8220;4.16&#8243; _module_preset=&#8220;default&#8220; body_line_height=&#8220;2.2em&#8220; transform_scale=&#8220;120%|120%&#8220; global_colors_info=&#8220;{}&#8220;]<\/p>\n<p>Medical technology<\/p>\n<p>[\/et_pb_blurb][et_pb_blurb image=&#8220;https:\/\/pdap.de\/wp-content\/uploads\/2021\/08\/labor-icon.png&#8220; alt=&#8220;Icon Labor \/ LIMS&#8220; icon_placement=&#8220;left&#8220; _builder_version=&#8220;4.16&#8243; _module_preset=&#8220;default&#8220; body_line_height=&#8220;2.2em&#8220; transform_scale=&#8220;120%|120%&#8220; global_colors_info=&#8220;{}&#8220;]<\/p>\n<p>Laboratory \/ Laboratory information and management system<\/p>\n<p>[\/et_pb_blurb][et_pb_blurb image=&#8220;https:\/\/pdap.de\/wp-content\/uploads\/2021\/08\/pharma-icon.png&#8220; alt=&#8220;Icon Pharma&#8220; icon_placement=&#8220;left&#8220; _builder_version=&#8220;4.16&#8243; _module_preset=&#8220;default&#8220; body_line_height=&#8220;2.2em&#8220; transform_scale=&#8220;120%|120%&#8220; global_colors_info=&#8220;{}&#8220;]<\/p>\n<p>Pharma<\/p>\n<p>[\/et_pb_blurb][\/et_pb_column][\/et_pb_row][et_pb_row _builder_version=&#8220;4.16&#8243; _module_preset=&#8220;default&#8220; custom_padding=&#8220;||2px|||&#8220; global_colors_info=&#8220;{}&#8220;][et_pb_column type=&#8220;4_4&#8243; _builder_version=&#8220;4.16&#8243; _module_preset=&#8220;default&#8220; global_colors_info=&#8220;{}&#8220;][et_pb_text _builder_version=&#8220;4.16&#8243; _module_preset=&#8220;default&#8220; text_font_size=&#8220;16px&#8220; link_font=&#8220;|||||||#0C71C3|&#8220; link_text_color=&#8220;#003087&#8243; header_2_font_size=&#8220;18px&#8220; header_3_font_size=&#8220;18px&#8220; custom_margin=&#8220;14px|||||&#8220; global_colors_info=&#8220;{}&#8220;]<\/p>\n<p style=\"text-align: center;\"><em>Would you like to exchange ideas with reference customers first? We are happy to make <a href=\"https:\/\/pdap.de\/en\/kontakt\/\">Contact<\/a> f\u00fcr Sie her.<\/em><\/p>\n<p>[\/et_pb_text][\/et_pb_column][\/et_pb_row][et_pb_row column_structure=&#8220;1_2,1_2&#8243; _builder_version=&#8220;4.16&#8243; _module_preset=&#8220;default&#8220; global_colors_info=&#8220;{}&#8220;][et_pb_column type=&#8220;1_2&#8243; _builder_version=&#8220;4.16&#8243; _module_preset=&#8220;default&#8220; global_colors_info=&#8220;{}&#8220;][et_pb_blurb image=&#8220;https:\/\/pdap.de\/wp-content\/uploads\/2021\/08\/mail-icon.jpg&#8220; alt=&#8220;Icon Mail&#8220; icon_placement=&#8220;left&#8220; image_tablet=&#8220;https:\/\/pdap.de\/wp-content\/uploads\/2021\/08\/mail-icon.jpg&#8220; image_phone=&#8220;https:\/\/pdap.de\/wp-content\/uploads\/2021\/08\/mail-icon.jpg&#8220; image_last_edited=&#8220;on|phone&#8220; _builder_version=&#8220;4.19.5&#8243; _module_preset=&#8220;default&#8220; body_font_size=&#8220;16px&#8220; custom_margin_last_edited=&#8220;off|desktop&#8220; custom_padding=&#8220;|||274px|false|false&#8220; custom_padding_tablet=&#8220;|||60px|false|false&#8220; custom_padding_phone=&#8220;|||54px|false|false&#8220; custom_padding_last_edited=&#8220;on|phone&#8220; global_colors_info=&#8220;{}&#8220;]<\/p>\n<p>contact@pdap.de<\/p>\n<p>[\/et_pb_blurb][\/et_pb_column][et_pb_column type=&#8220;1_2&#8243; _builder_version=&#8220;4.16&#8243; _module_preset=&#8220;default&#8220; global_colors_info=&#8220;{}&#8220;][et_pb_blurb image=&#8220;https:\/\/pdap.de\/wp-content\/uploads\/2021\/08\/telefon-icon.jpg&#8220; icon_placement=&#8220;left&#8220; _builder_version=&#8220;4.16&#8243; _module_preset=&#8220;default&#8220; body_font_size=&#8220;16px&#8220; custom_padding=&#8220;|||50px|false|false&#8220; custom_padding_tablet=&#8220;|||60px|false|false&#8220; custom_padding_phone=&#8220;|||54px|false|false&#8220; custom_padding_last_edited=&#8220;on|tablet&#8220; global_colors_info=&#8220;{}&#8220;]<\/p>\n<p><span>+49 451 \u2013 87 360 12<\/span><\/p>\n<p>[\/et_pb_blurb][\/et_pb_column][\/et_pb_row][\/et_pb_section]<\/p>","protected":false},"excerpt":{"rendered":"<p><div class=\"et_pb_module lwp_divi_breadcrumbs lwp_divi_breadcrumbs_0\">\n\t\t\t\t\n\t\t\t\t\n\t\t\t\t\n\t\t\t\t\n\t\t\t\t\n\t\t\t\t\n\t\t\t\t<div class=\"et_pb_module_inner\">\n\t\t\t\t\t<div class=\"lwp-breadcrumbs\"> <span class=\"before\"><\/span> <span vocab=\"https:\/\/schema.org\/\" typeof=\"BreadcrumbList\"><span property=\"itemListElement\" typeof=\"ListItem\"><a property=\"item\" typeof=\"WebPage\" href=\"https:\/\/pdap.de\/en\/\" class=\"home\"><span property=\"name\">Start<\/span><\/a><meta property=\"position\" content=\"1\"><\/span> <span class=\"separator et-pb-icon\">9<\/span> <\/span><\/div>\n\t\t\t\t<\/div>\n\t\t\t<\/div>In diesen Branchen ist unser Knowhow erfolgreich eingeflossen und unterst\u00fctzen wir unsere Kunden bei der t\u00e4glichen Arbeit mit ihrem Qualit\u00e4tsmanagement in unterschiedlichen Landessprachen:AutomotiveMaschinen- &amp; AnlagenbauMetallverarbeitungHandelKunststofftechnikElektronikChemieLebensmittelMedizintechnikLabor \/ LIMSPharmaSie m\u00f6chten sich zun\u00e4chst mit Referenzkunden austauschen? Wir stellen gerne den Kontakt f\u00fcr Sie her.contact@pdap.de0451 \u2013 87 360 12<\/p>","protected":false},"author":2,"featured_media":0,"parent":0,"menu_order":0,"comment_status":"closed","ping_status":"closed","template":"","meta":{"_et_pb_use_builder":"on","_et_pb_old_content":"","_et_gb_content_width":""},"yoast_head":"<!-- This site is optimized with the Yoast SEO plugin v20.6 - https:\/\/yoast.com\/wordpress\/plugins\/seo\/ -->\n<title>Branchen, in denen wir bisher t\u00e4tig waren &ndash; PDAP - Qualit\u00e4tsmanagement &amp; Digitalisierung<\/title>\n<meta name=\"description\" content=\"Wir sind auf Betriebe in der Fertigung, Produktion und Handel spezialisiert. Erfahren Sie, um welche Branchen es sich bisher konkret handelt!\" \/>\n<meta name=\"robots\" content=\"index, follow, max-snippet:-1, max-image-preview:large, max-video-preview:-1\" \/>\n<link rel=\"canonical\" href=\"https:\/\/pdap.de\/en\/branchen\/\" \/>\n<meta property=\"og:locale\" content=\"en_US\" \/>\n<meta property=\"og:type\" content=\"article\" \/>\n<meta property=\"og:title\" content=\"Branchen, in denen wir bisher t\u00e4tig waren &ndash; PDAP - Qualit\u00e4tsmanagement &amp; Digitalisierung\" \/>\n<meta property=\"og:description\" content=\"Wir sind auf Betriebe in der Fertigung, Produktion und Handel spezialisiert. Erfahren Sie, um welche Branchen es sich bisher konkret handelt!\" \/>\n<meta property=\"og:url\" content=\"https:\/\/pdap.de\/en\/branchen\/\" \/>\n<meta property=\"og:site_name\" content=\"PDAP - Qualit\u00e4tsmanagement &amp; Digitalisierung\" \/>\n<meta property=\"article:modified_time\" content=\"2023-03-15T07:43:38+00:00\" \/>\n<meta name=\"twitter:card\" content=\"summary_large_image\" \/>\n<script type=\"application\/ld+json\" class=\"yoast-schema-graph\">{\"@context\":\"https:\/\/schema.org\",\"@graph\":[{\"@type\":\"WebPage\",\"@id\":\"https:\/\/pdap.de\/branchen\/\",\"url\":\"https:\/\/pdap.de\/branchen\/\",\"name\":\"Branchen, in denen wir bisher t\u00e4tig waren &ndash; PDAP - Qualit\u00e4tsmanagement &amp; Digitalisierung\",\"isPartOf\":{\"@id\":\"https:\/\/pdap.de\/#website\"},\"datePublished\":\"2021-07-14T11:06:17+00:00\",\"dateModified\":\"2023-03-15T07:43:38+00:00\",\"description\":\"Wir sind auf Betriebe in der Fertigung, Produktion und Handel spezialisiert. Erfahren Sie, um welche Branchen es sich bisher konkret handelt!\",\"breadcrumb\":{\"@id\":\"https:\/\/pdap.de\/branchen\/#breadcrumb\"},\"inLanguage\":\"en-US\",\"potentialAction\":[{\"@type\":\"ReadAction\",\"target\":[\"https:\/\/pdap.de\/branchen\/\"]}]},{\"@type\":\"BreadcrumbList\",\"@id\":\"https:\/\/pdap.de\/branchen\/#breadcrumb\",\"itemListElement\":[{\"@type\":\"ListItem\",\"position\":1,\"name\":\"Startseite\",\"item\":\"https:\/\/pdap.de\/\"},{\"@type\":\"ListItem\",\"position\":2,\"name\":\"Branchen\"}]},{\"@type\":\"WebSite\",\"@id\":\"https:\/\/pdap.de\/#website\",\"url\":\"https:\/\/pdap.de\/\",\"name\":\"PDAP - Qualit\u00e4tsmanagement &amp; Digitalisierung\",\"description\":\"by JessenLenz\",\"publisher\":{\"@id\":\"https:\/\/pdap.de\/#organization\"},\"potentialAction\":[{\"@type\":\"SearchAction\",\"target\":{\"@type\":\"EntryPoint\",\"urlTemplate\":\"https:\/\/pdap.de\/?s={search_term_string}\"},\"query-input\":\"required name=search_term_string\"}],\"inLanguage\":\"en-US\"},{\"@type\":\"Organization\",\"@id\":\"https:\/\/pdap.de\/#organization\",\"name\":\"PDAP by JessenLenz\",\"url\":\"https:\/\/pdap.de\/\",\"logo\":{\"@type\":\"ImageObject\",\"inLanguage\":\"en-US\",\"@id\":\"https:\/\/pdap.de\/#\/schema\/logo\/image\/\",\"url\":\"https:\/\/pdap.de\/wp-content\/uploads\/2021\/08\/pdap-logo-1.png\",\"contentUrl\":\"https:\/\/pdap.de\/wp-content\/uploads\/2021\/08\/pdap-logo-1.png\",\"width\":800,\"height\":377,\"caption\":\"PDAP by JessenLenz\"},\"image\":{\"@id\":\"https:\/\/pdap.de\/#\/schema\/logo\/image\/\"}}]}<\/script>\n<!-- \/ Yoast SEO plugin. -->","yoast_head_json":{"title":"Branchen, in denen wir bisher t\u00e4tig waren &ndash; PDAP - Qualit\u00e4tsmanagement &amp; Digitalisierung","description":"Wir sind auf Betriebe in der Fertigung, Produktion und Handel spezialisiert. Erfahren Sie, um welche Branchen es sich bisher konkret handelt!","robots":{"index":"index","follow":"follow","max-snippet":"max-snippet:-1","max-image-preview":"max-image-preview:large","max-video-preview":"max-video-preview:-1"},"canonical":"https:\/\/pdap.de\/en\/branchen\/","og_locale":"en_US","og_type":"article","og_title":"Branchen, in denen wir bisher t\u00e4tig waren &ndash; PDAP - Qualit\u00e4tsmanagement &amp; Digitalisierung","og_description":"Wir sind auf Betriebe in der Fertigung, Produktion und Handel spezialisiert. Erfahren Sie, um welche Branchen es sich bisher konkret handelt!","og_url":"https:\/\/pdap.de\/en\/branchen\/","og_site_name":"PDAP - Qualit\u00e4tsmanagement &amp; Digitalisierung","article_modified_time":"2023-03-15T07:43:38+00:00","twitter_card":"summary_large_image","schema":{"@context":"https:\/\/schema.org","@graph":[{"@type":"WebPage","@id":"https:\/\/pdap.de\/branchen\/","url":"https:\/\/pdap.de\/branchen\/","name":"Branchen, in denen wir bisher t\u00e4tig waren &ndash; PDAP - Qualit\u00e4tsmanagement &amp; Digitalisierung","isPartOf":{"@id":"https:\/\/pdap.de\/#website"},"datePublished":"2021-07-14T11:06:17+00:00","dateModified":"2023-03-15T07:43:38+00:00","description":"Wir sind auf Betriebe in der Fertigung, Produktion und Handel spezialisiert. Erfahren Sie, um welche Branchen es sich bisher konkret handelt!","breadcrumb":{"@id":"https:\/\/pdap.de\/branchen\/#breadcrumb"},"inLanguage":"en-US","potentialAction":[{"@type":"ReadAction","target":["https:\/\/pdap.de\/branchen\/"]}]},{"@type":"BreadcrumbList","@id":"https:\/\/pdap.de\/branchen\/#breadcrumb","itemListElement":[{"@type":"ListItem","position":1,"name":"Startseite","item":"https:\/\/pdap.de\/"},{"@type":"ListItem","position":2,"name":"Branchen"}]},{"@type":"WebSite","@id":"https:\/\/pdap.de\/#website","url":"https:\/\/pdap.de\/","name":"PDAP - Qualit\u00e4tsmanagement &amp; Digitalisierung","description":"by JessenLenz","publisher":{"@id":"https:\/\/pdap.de\/#organization"},"potentialAction":[{"@type":"SearchAction","target":{"@type":"EntryPoint","urlTemplate":"https:\/\/pdap.de\/?s={search_term_string}"},"query-input":"required name=search_term_string"}],"inLanguage":"en-US"},{"@type":"Organization","@id":"https:\/\/pdap.de\/#organization","name":"PDAP by JessenLenz","url":"https:\/\/pdap.de\/","logo":{"@type":"ImageObject","inLanguage":"en-US","@id":"https:\/\/pdap.de\/#\/schema\/logo\/image\/","url":"https:\/\/pdap.de\/wp-content\/uploads\/2021\/08\/pdap-logo-1.png","contentUrl":"https:\/\/pdap.de\/wp-content\/uploads\/2021\/08\/pdap-logo-1.png","width":800,"height":377,"caption":"PDAP by JessenLenz"},"image":{"@id":"https:\/\/pdap.de\/#\/schema\/logo\/image\/"}}]}},"_links":{"self":[{"href":"https:\/\/pdap.de\/en\/wp-json\/wp\/v2\/pages\/54"}],"collection":[{"href":"https:\/\/pdap.de\/en\/wp-json\/wp\/v2\/pages"}],"about":[{"href":"https:\/\/pdap.de\/en\/wp-json\/wp\/v2\/types\/page"}],"author":[{"embeddable":true,"href":"https:\/\/pdap.de\/en\/wp-json\/wp\/v2\/users\/2"}],"replies":[{"embeddable":true,"href":"https:\/\/pdap.de\/en\/wp-json\/wp\/v2\/comments?post=54"}],"version-history":[{"count":167,"href":"https:\/\/pdap.de\/en\/wp-json\/wp\/v2\/pages\/54\/revisions"}],"predecessor-version":[{"id":14627,"href":"https:\/\/pdap.de\/en\/wp-json\/wp\/v2\/pages\/54\/revisions\/14627"}],"wp:attachment":[{"href":"https:\/\/pdap.de\/en\/wp-json\/wp\/v2\/media?parent=54"}],"curies":[{"name":"wp","href":"https:\/\/api.w.org\/{rel}","templated":true}]}}