{"id":12518,"date":"2021-10-14T13:54:18","date_gmt":"2021-10-14T11:54:18","guid":{"rendered":"https:\/\/pdap.de\/?page_id=12518"},"modified":"2024-09-05T15:43:35","modified_gmt":"2024-09-05T13:43:35","slug":"service","status":"publish","type":"page","link":"https:\/\/pdap.de\/en\/service\/","title":{"rendered":"Service"},"content":{"rendered":"<p>[et_pb_section fb_built=&#8220;1&#8243; fullwidth=&#8220;on&#8220; _builder_version=&#8220;4.19.5&#8243; _module_preset=&#8220;default&#8220; global_colors_info=&#8220;{}&#8220;][et_pb_fullwidth_slider use_bg_overlay=&#8220;off&#8220; use_text_overlay=&#8220;off&#8220; _builder_version=&#8220;4.20.2&#8243; _module_preset=&#8220;default&#8220; header_level=&#8220;h1&#8243; header_font=&#8220;||||||||&#8220; header_text_color=&#8220;#686868&#8243; header_font_size=&#8220;26px&#8220; body_font_size=&#8220;20px&#8220; custom_button=&#8220;on&#8220; button_text_size=&#8220;18px&#8220; button_text_color=&#8220;#868686&#8243; button_bg_color=&#8220;rgba(255,255,255,0.62)&#8220; button_border_width=&#8220;2px&#8220; button_border_color=&#8220;#ffffff&#8220; button_alignment=&#8220;right&#8220; content_width_tablet=&#8220;55%&#8220; content_width_phone=&#8220;100%&#8220; content_width_last_edited=&#8220;on|phone&#8220; height_tablet=&#8220;410px&#8220; height_phone=&#8220;380px&#8220; height_last_edited=&#8220;on|phone&#8220; max_height_last_edited=&#8220;off|desktop&#8220; custom_margin=&#8220;||||false|false&#8220; custom_padding=&#8220;||||false|false&#8220; auto=&#8220;on&#8220; auto_speed=&#8220;4500&#8243; header_font_size_tablet=&#8220;18px&#8220; header_font_size_phone=&#8220;16px&#8220; header_font_size_last_edited=&#8220;on|phone&#8220; button_text_size_tablet=&#8220;15px&#8220; button_text_size_phone=&#8220;14px&#8220; button_text_size_last_edited=&#8220;on|tablet&#8220; custom_css_slide_description=&#8220;animation-name: none; !important&#8220; header_text_shadow_style=&#8220;preset1&#8243; header_text_shadow_color=&#8220;rgba(127,127,127,0.4)&#8220; global_colors_info=&#8220;{}&#8220; custom_css_slide_description_last_edited=&#8220;off|tablet&#8220;][et_pb_slide heading_last_edited=&#8220;off|tablet&#8220; _builder_version=&#8220;4.20.2&#8243; _module_preset=&#8220;default&#8220; background_enable_color=&#8220;off&#8220; background_image=&#8220;https:\/\/pdap.de\/wp-content\/uploads\/2023\/03\/banner-fernwartung.jpg&#8220; background_enable_image=&#8220;on&#8220; custom_button=&#8220;on&#8220; button_text_color=&#8220;#ffffff&#8220; button_alignment=&#8220;center&#8220; background_last_edited=&#8220;on|desktop&#8220; background_image_phone=&#8220;https:\/\/pdap.de\/wp-content\/uploads\/2023\/03\/banner-fernwartung-mobil.jpg&#8220; background_enable_image_phone=&#8220;on&#8220; custom_css_slide_button=&#8220;position: absolute;||left: 10;||right: 0;||bottom: 0;||margin-left: 400px;||margin-right: 80px;||margin-bottom: 100px&#8220; global_colors_info=&#8220;{}&#8220; custom_css_slide_button_last_edited=&#8220;on|phone&#8220; custom_css_slide_button_tablet=&#8220;position: absolute;||left: 0;||right: 0;||bottom: 0;||margin-left: 100px;||margin-right: 100px;||margin-bottom: 130px;&#8220; custom_css_slide_button_phone=&#8220;position: absolute;||left: 0;||right: 0;||bottom: 0;||margin-left: 100px;||margin-right: 100px;||margin-bottom: 130px;&#8220; sticky_transition=&#8220;on&#8220;][\/et_pb_slide][\/et_pb_fullwidth_slider][\/et_pb_section][et_pb_section fb_built=&#8220;1&#8243; _builder_version=&#8220;4.19.5&#8243; _module_preset=&#8220;default&#8220; custom_padding=&#8220;||||false|false&#8220; global_colors_info=&#8220;{}&#8220;][et_pb_row _builder_version=&#8220;4.19.5&#8243; _module_preset=&#8220;default&#8220; custom_margin_tablet=&#8220;&#8220; custom_margin_phone=&#8220;&#8220; custom_margin_last_edited=&#8220;on|phone&#8220; custom_padding=&#8220;0px||||false|false&#8220; global_colors_info=&#8220;{}&#8220;][et_pb_column type=&#8220;4_4&#8243; _builder_version=&#8220;4.16&#8243; _module_preset=&#8220;default&#8220; global_colors_info=&#8220;{}&#8220;][lwp_divi_breadcrumbs home_text=&#8220;Start&#8220; _builder_version=&#8220;4.19.5&#8243; _module_preset=&#8220;default&#8220; global_colors_info=&#8220;{}&#8220;][\/lwp_divi_breadcrumbs][\/et_pb_column][\/et_pb_row][et_pb_row column_structure=&#8220;1_2,1_2&#8243; _builder_version=&#8220;4.20.2&#8243; _module_preset=&#8220;default&#8220; custom_padding=&#8220;||15px|||&#8220; global_colors_info=&#8220;{}&#8220;][et_pb_column type=&#8220;1_2&#8243; _builder_version=&#8220;4.16&#8243; _module_preset=&#8220;default&#8220; global_colors_info=&#8220;{}&#8220;][et_pb_text _builder_version=&#8220;4.20.2&#8243; _module_preset=&#8220;default&#8220; header_font_size=&#8220;24px&#8220; custom_margin=&#8220;||15px||false|false&#8220; custom_padding=&#8220;||||false|false&#8220; global_colors_info=&#8220;{}&#8220;]<\/p>\n<h2>Remote maintenance<\/h2>\n<p><strong>Wir unterst\u00fctzen Sie gerne!<\/strong><\/p>\n<p>Mit dem TeamViewer l\u00f6sen wir Ihre Probleme, w\u00e4hrend Sie ganz bequem an Ihrem Arbeitsplatz oder zu Hause sind. So k\u00f6nnen wir Ihnen einen besonders schnellen Service gew\u00e4hrleisten.<\/p>\n<p>Laden Sie das entsprechende Programm f\u00fcr Mac oder Windows runter und teilen Sie uns telefonisch Ihre ID sowie das Passwort mit.<\/p>\n<p>[\/et_pb_text][et_pb_button button_url=&#8220;https:\/\/get.teamviewer.com\/jessenlenz&#8220; url_new_window=&#8220;on&#8220; button_text=&#8220;TeamViewer downloaden&#8220; _builder_version=&#8220;4.20.2&#8243; _module_preset=&#8220;default&#8220; custom_button=&#8220;on&#8220; button_text_size=&#8220;17px&#8220; button_bg_color=&#8220;#003087&#8243; button_border_radius=&#8220;5px&#8220; background_layout=&#8220;dark&#8220; global_colors_info=&#8220;{}&#8220;][\/et_pb_button][\/et_pb_column][et_pb_column type=&#8220;1_2&#8243; _builder_version=&#8220;4.16&#8243; _module_preset=&#8220;default&#8220; global_colors_info=&#8220;{}&#8220;][et_pb_text _builder_version=&#8220;4.21.0&#8243; _module_preset=&#8220;default&#8220; header_font_size=&#8220;24px&#8220; custom_margin=&#8220;||15px||false|false&#8220; custom_padding=&#8220;||||false|false&#8220; hover_enabled=&#8220;0&#8243; global_colors_info=&#8220;{}&#8220; sticky_enabled=&#8220;0&#8243;]<\/p>\n<h2>PDAP8 ist die aktuellste Version<\/h2>\n<p><strong>Informationen f\u00fcr Kunden<\/strong><\/p>\n<p>Hinweis f\u00fcr Nutzer der Version PDAP7.5:<br \/>Die regelm\u00e4\u00dfigen Downloads f\u00fcr PDAP7.5 wurden eingestellt, da wir nur noch f\u00fcr die Nachfolgerversion PDAP8 Weiterentwicklungen betreiben.<\/p>\n<p>\u00dcber Upgrade-M\u00f6glichkeiten f\u00fcr Ihre bestehende PDAP7.5 &#8211; L\u00f6sung informieren wir Sie gerne und planen mit Ihnen gemeinsam den Umstieg auf die neuste Version.<\/p>\n<p>[\/et_pb_text][et_pb_button button_url=&#8220;https:\/\/pdap.de\/kontakt\/&#8220; button_text=&#8220;Kontakt aufnehmen&#8220; _builder_version=&#8220;4.21.0&#8243; _module_preset=&#8220;default&#8220; custom_button=&#8220;on&#8220; button_text_size=&#8220;17px&#8220; button_bg_color=&#8220;#003087&#8243; button_border_radius=&#8220;5px&#8220; background_layout=&#8220;dark&#8220; hover_enabled=&#8220;0&#8243; global_colors_info=&#8220;{}&#8220; sticky_enabled=&#8220;0&#8243;][\/et_pb_button][\/et_pb_column][\/et_pb_row][\/et_pb_section]<\/p>","protected":false},"excerpt":{"rendered":"<p><div class=\"et_pb_module lwp_divi_breadcrumbs lwp_divi_breadcrumbs_0\">\n\t\t\t\t\n\t\t\t\t\n\t\t\t\t\n\t\t\t\t\n\t\t\t\t\n\t\t\t\t\n\t\t\t\t<div class=\"et_pb_module_inner\">\n\t\t\t\t\t<div class=\"lwp-breadcrumbs\"> <span class=\"before\"><\/span> <span vocab=\"https:\/\/schema.org\/\" typeof=\"BreadcrumbList\"><span property=\"itemListElement\" typeof=\"ListItem\"><a property=\"item\" typeof=\"WebPage\" href=\"https:\/\/pdap.de\/en\/\" class=\"home\"><span property=\"name\">Start<\/span><\/a><meta property=\"position\" content=\"1\"><\/span> <span class=\"separator et-pb-icon\">9<\/span> <\/span><\/div>\n\t\t\t\t<\/div>\n\t\t\t<\/div>Fernwartung Wir unterst\u00fctzen Sie gerne! Mit dem TeamViewer l\u00f6sen wir Ihre Probleme, w\u00e4hrend Sie ganz bequem an Ihrem Arbeitsplatz oder zu Hause sind. So k\u00f6nnen wir Ihnen einen besonders schnellen Service gew\u00e4hrleisten. Laden Sie das entsprechende Programm f\u00fcr Mac oder Windows runter und teilen Sie uns telefonisch Ihre ID sowie das [&hellip;]<\/p>","protected":false},"author":2,"featured_media":0,"parent":0,"menu_order":0,"comment_status":"closed","ping_status":"closed","template":"","meta":{"_et_pb_use_builder":"on","_et_pb_old_content":"","_et_gb_content_width":""},"yoast_head":"<!-- This site is optimized with the Yoast SEO plugin v20.6 - https:\/\/yoast.com\/wordpress\/plugins\/seo\/ -->\n<title>Service &ndash; PDAP - Qualit\u00e4tsmanagement &amp; Digitalisierung<\/title>\n<meta name=\"description\" content=\"Sie ben\u00f6tigen Hilfe? Unsere Service Mitarbeiter bieten Ihnen ganz bequem per Fernwartung die n\u00f6tige Unterst\u00fctzung an.\" \/>\n<meta name=\"robots\" content=\"index, follow, max-snippet:-1, max-image-preview:large, max-video-preview:-1\" \/>\n<link rel=\"canonical\" href=\"https:\/\/pdap.de\/en\/service\/\" \/>\n<meta property=\"og:locale\" content=\"en_US\" \/>\n<meta property=\"og:type\" content=\"article\" \/>\n<meta property=\"og:title\" content=\"Service &ndash; PDAP - Qualit\u00e4tsmanagement &amp; Digitalisierung\" \/>\n<meta property=\"og:description\" content=\"Sie ben\u00f6tigen Hilfe? Unsere Service Mitarbeiter bieten Ihnen ganz bequem per Fernwartung die n\u00f6tige Unterst\u00fctzung an.\" \/>\n<meta property=\"og:url\" content=\"https:\/\/pdap.de\/en\/service\/\" \/>\n<meta property=\"og:site_name\" content=\"PDAP - Qualit\u00e4tsmanagement &amp; Digitalisierung\" \/>\n<meta property=\"article:modified_time\" content=\"2024-09-05T13:43:35+00:00\" \/>\n<meta name=\"twitter:card\" content=\"summary_large_image\" \/>\n<script type=\"application\/ld+json\" class=\"yoast-schema-graph\">{\"@context\":\"https:\/\/schema.org\",\"@graph\":[{\"@type\":\"WebPage\",\"@id\":\"https:\/\/pdap.de\/service\/\",\"url\":\"https:\/\/pdap.de\/service\/\",\"name\":\"Service &ndash; PDAP - Qualit\u00e4tsmanagement &amp; Digitalisierung\",\"isPartOf\":{\"@id\":\"https:\/\/pdap.de\/#website\"},\"datePublished\":\"2021-10-14T11:54:18+00:00\",\"dateModified\":\"2024-09-05T13:43:35+00:00\",\"description\":\"Sie ben\u00f6tigen Hilfe? Unsere Service Mitarbeiter bieten Ihnen ganz bequem per Fernwartung die n\u00f6tige Unterst\u00fctzung an.\",\"breadcrumb\":{\"@id\":\"https:\/\/pdap.de\/service\/#breadcrumb\"},\"inLanguage\":\"en-US\",\"potentialAction\":[{\"@type\":\"ReadAction\",\"target\":[\"https:\/\/pdap.de\/service\/\"]}]},{\"@type\":\"BreadcrumbList\",\"@id\":\"https:\/\/pdap.de\/service\/#breadcrumb\",\"itemListElement\":[{\"@type\":\"ListItem\",\"position\":1,\"name\":\"Startseite\",\"item\":\"https:\/\/pdap.de\/\"},{\"@type\":\"ListItem\",\"position\":2,\"name\":\"Service\"}]},{\"@type\":\"WebSite\",\"@id\":\"https:\/\/pdap.de\/#website\",\"url\":\"https:\/\/pdap.de\/\",\"name\":\"PDAP - Qualit\u00e4tsmanagement &amp; Digitalisierung\",\"description\":\"by JessenLenz\",\"publisher\":{\"@id\":\"https:\/\/pdap.de\/#organization\"},\"potentialAction\":[{\"@type\":\"SearchAction\",\"target\":{\"@type\":\"EntryPoint\",\"urlTemplate\":\"https:\/\/pdap.de\/?s={search_term_string}\"},\"query-input\":\"required name=search_term_string\"}],\"inLanguage\":\"en-US\"},{\"@type\":\"Organization\",\"@id\":\"https:\/\/pdap.de\/#organization\",\"name\":\"PDAP by JessenLenz\",\"url\":\"https:\/\/pdap.de\/\",\"logo\":{\"@type\":\"ImageObject\",\"inLanguage\":\"en-US\",\"@id\":\"https:\/\/pdap.de\/#\/schema\/logo\/image\/\",\"url\":\"https:\/\/pdap.de\/wp-content\/uploads\/2021\/08\/pdap-logo-1.png\",\"contentUrl\":\"https:\/\/pdap.de\/wp-content\/uploads\/2021\/08\/pdap-logo-1.png\",\"width\":800,\"height\":377,\"caption\":\"PDAP by JessenLenz\"},\"image\":{\"@id\":\"https:\/\/pdap.de\/#\/schema\/logo\/image\/\"}}]}<\/script>\n<!-- \/ Yoast SEO plugin. -->","yoast_head_json":{"title":"Service &ndash; PDAP - Qualit\u00e4tsmanagement &amp; Digitalisierung","description":"Sie ben\u00f6tigen Hilfe? Unsere Service Mitarbeiter bieten Ihnen ganz bequem per Fernwartung die n\u00f6tige Unterst\u00fctzung an.","robots":{"index":"index","follow":"follow","max-snippet":"max-snippet:-1","max-image-preview":"max-image-preview:large","max-video-preview":"max-video-preview:-1"},"canonical":"https:\/\/pdap.de\/en\/service\/","og_locale":"en_US","og_type":"article","og_title":"Service &ndash; PDAP - Qualit\u00e4tsmanagement &amp; Digitalisierung","og_description":"Sie ben\u00f6tigen Hilfe? Unsere Service Mitarbeiter bieten Ihnen ganz bequem per Fernwartung die n\u00f6tige Unterst\u00fctzung an.","og_url":"https:\/\/pdap.de\/en\/service\/","og_site_name":"PDAP - Qualit\u00e4tsmanagement &amp; Digitalisierung","article_modified_time":"2024-09-05T13:43:35+00:00","twitter_card":"summary_large_image","schema":{"@context":"https:\/\/schema.org","@graph":[{"@type":"WebPage","@id":"https:\/\/pdap.de\/service\/","url":"https:\/\/pdap.de\/service\/","name":"Service &ndash; PDAP - Qualit\u00e4tsmanagement &amp; Digitalisierung","isPartOf":{"@id":"https:\/\/pdap.de\/#website"},"datePublished":"2021-10-14T11:54:18+00:00","dateModified":"2024-09-05T13:43:35+00:00","description":"Sie ben\u00f6tigen Hilfe? Unsere Service Mitarbeiter bieten Ihnen ganz bequem per Fernwartung die n\u00f6tige Unterst\u00fctzung an.","breadcrumb":{"@id":"https:\/\/pdap.de\/service\/#breadcrumb"},"inLanguage":"en-US","potentialAction":[{"@type":"ReadAction","target":["https:\/\/pdap.de\/service\/"]}]},{"@type":"BreadcrumbList","@id":"https:\/\/pdap.de\/service\/#breadcrumb","itemListElement":[{"@type":"ListItem","position":1,"name":"Startseite","item":"https:\/\/pdap.de\/"},{"@type":"ListItem","position":2,"name":"Service"}]},{"@type":"WebSite","@id":"https:\/\/pdap.de\/#website","url":"https:\/\/pdap.de\/","name":"PDAP - Qualit\u00e4tsmanagement &amp; Digitalisierung","description":"by JessenLenz","publisher":{"@id":"https:\/\/pdap.de\/#organization"},"potentialAction":[{"@type":"SearchAction","target":{"@type":"EntryPoint","urlTemplate":"https:\/\/pdap.de\/?s={search_term_string}"},"query-input":"required name=search_term_string"}],"inLanguage":"en-US"},{"@type":"Organization","@id":"https:\/\/pdap.de\/#organization","name":"PDAP by JessenLenz","url":"https:\/\/pdap.de\/","logo":{"@type":"ImageObject","inLanguage":"en-US","@id":"https:\/\/pdap.de\/#\/schema\/logo\/image\/","url":"https:\/\/pdap.de\/wp-content\/uploads\/2021\/08\/pdap-logo-1.png","contentUrl":"https:\/\/pdap.de\/wp-content\/uploads\/2021\/08\/pdap-logo-1.png","width":800,"height":377,"caption":"PDAP by JessenLenz"},"image":{"@id":"https:\/\/pdap.de\/#\/schema\/logo\/image\/"}}]}},"_links":{"self":[{"href":"https:\/\/pdap.de\/en\/wp-json\/wp\/v2\/pages\/12518"}],"collection":[{"href":"https:\/\/pdap.de\/en\/wp-json\/wp\/v2\/pages"}],"about":[{"href":"https:\/\/pdap.de\/en\/wp-json\/wp\/v2\/types\/page"}],"author":[{"embeddable":true,"href":"https:\/\/pdap.de\/en\/wp-json\/wp\/v2\/users\/2"}],"replies":[{"embeddable":true,"href":"https:\/\/pdap.de\/en\/wp-json\/wp\/v2\/comments?post=12518"}],"version-history":[{"count":25,"href":"https:\/\/pdap.de\/en\/wp-json\/wp\/v2\/pages\/12518\/revisions"}],"predecessor-version":[{"id":15846,"href":"https:\/\/pdap.de\/en\/wp-json\/wp\/v2\/pages\/12518\/revisions\/15846"}],"wp:attachment":[{"href":"https:\/\/pdap.de\/en\/wp-json\/wp\/v2\/media?parent=12518"}],"curies":[{"name":"wp","href":"https:\/\/api.w.org\/{rel}","templated":true}]}}