{"id":11202,"date":"2021-09-10T10:35:23","date_gmt":"2021-09-10T08:35:23","guid":{"rendered":"http:\/\/test.pdap.de\/?page_id=11202"},"modified":"2021-09-23T13:55:13","modified_gmt":"2021-09-23T11:55:13","slug":"pdap-setup-datei-fuer-die-vollversion","status":"publish","type":"page","link":"https:\/\/pdap.de\/en\/pdap-setup-datei-fuer-die-vollversion\/","title":{"rendered":"PDAP setup file for the full version"},"content":{"rendered":"<p>[et_pb_section fb_built=&#8220;1&#8243; _builder_version=&#8220;4.10.5&#8243; _module_preset=&#8220;default&#8220; background_color=&#8220;#003087&#8243; custom_padding=&#8220;21px||21px||false|false&#8220; global_colors_info=&#8220;{}&#8220;][et_pb_row _builder_version=&#8220;4.10.5&#8243; _module_preset=&#8220;default&#8220; global_colors_info=&#8220;{}&#8220;][et_pb_column type=&#8220;4_4&#8243; _builder_version=&#8220;4.10.5&#8243; _module_preset=&#8220;default&#8220; global_colors_info=&#8220;{}&#8220;][et_pb_text _builder_version=&#8220;4.10.5&#8243; _module_preset=&#8220;default&#8220; text_font=&#8220;Open Sans||||||||&#8220; header_font=&#8220;Open Sans||||||||&#8220; header_text_color=&#8220;#FFFFFF&#8220; header_font_size=&#8220;24px&#8220; header_3_font=&#8220;Open Sans||||||||&#8220; header_3_text_color=&#8220;#FFFFFF&#8220; global_colors_info=&#8220;{}&#8220;]<\/p>\n<h1 style=\"text-align: center;\">PDAP setup file for the full version<\/h1>\n<p>[\/et_pb_text][\/et_pb_column][\/et_pb_row][\/et_pb_section][et_pb_section fb_built=&#8220;1&#8243; _builder_version=&#8220;4.9.7&#8243; _module_preset=&#8220;default&#8220; custom_padding=&#8220;0px|||||&#8220; global_colors_info=&#8220;{}&#8220;][et_pb_row _builder_version=&#8220;4.9.7&#8243; _module_preset=&#8220;default&#8220; global_colors_info=&#8220;{}&#8220;][et_pb_column type=&#8220;4_4&#8243; _builder_version=&#8220;4.9.7&#8243; _module_preset=&#8220;default&#8220; global_colors_info=&#8220;{}&#8220;][et_pb_text _builder_version=&#8220;4.10.5&#8243; _module_preset=&#8220;default&#8220; custom_padding=&#8220;20px|||||&#8220; hover_enabled=&#8220;0&#8243; global_colors_info=&#8220;{}&#8220; sticky_enabled=&#8220;0&#8243;]<\/p>\n<p>For the installation of the PDAP application. It is recommended to install this setup on the server and to grant the PDAP user group read access to this directory. The PDAP Client (Loader) setup can then be used to install the clients. The first time the application is started on the clients, which should be done under a local Windows admin account, the application will ask for the server-side share for the program files. The share name of the server-side installation directory must then be selected here. For future updates, setup is thus only necessary on the server. The application on the clients then automatically checks at startup whether and which new files are available in the share and copies them to the local application directory.<\/p>\n<p><a href=\"https:\/\/www.pdap.de\/wp-content\/uploads\/2016\/01\/PDAP7_Client_Setup.zip\">Download<\/a><\/p>\n<p>[\/et_pb_text][\/et_pb_column][\/et_pb_row][\/et_pb_section]<\/p>","protected":false},"excerpt":{"rendered":"<p>PDAP Setup-Datei f\u00fcr die VollversionF\u00fcr die Installation der PDAP-Anwendung. Es empfiehlt es sich, dieses Setup auf dem Server zu installieren und der PDAP-Anwendergruppe lesenden Zugriff auf dieses Verzeichnis zu gew\u00e4hren. F\u00fcr die Installation der Clients kann dann das PDAP Client (Loader) Setup verwendet werden. Beim ersten Start, der Anwendung an den Clients,\u00a0der unter einem lokalen [&hellip;]<\/p>","protected":false},"author":2,"featured_media":0,"parent":0,"menu_order":0,"comment_status":"closed","ping_status":"closed","template":"","meta":{"_et_pb_use_builder":"on","_et_pb_old_content":"","_et_gb_content_width":""},"yoast_head":"<!-- This site is optimized with the Yoast SEO plugin v20.6 - https:\/\/yoast.com\/wordpress\/plugins\/seo\/ -->\n<title>Setup-Datei f\u00fcr die Vollversion &ndash; PDAP - Qualit\u00e4tsmanagement &amp; Digitalisierung<\/title>\n<meta name=\"description\" content=\"Laden Sie hier die Setup-Datei f\u00fcr die CAQ-Software PDAP7 herunter, um die Vollversion zu installieren. Erfahren Sie mehr &gt;\" \/>\n<meta name=\"robots\" content=\"index, follow, max-snippet:-1, max-image-preview:large, max-video-preview:-1\" \/>\n<link rel=\"canonical\" href=\"https:\/\/pdap.de\/en\/pdap-setup-datei-fuer-die-vollversion\/\" \/>\n<meta property=\"og:locale\" content=\"en_US\" \/>\n<meta property=\"og:type\" content=\"article\" \/>\n<meta property=\"og:title\" content=\"Setup-Datei f\u00fcr die Vollversion &ndash; PDAP - Qualit\u00e4tsmanagement &amp; Digitalisierung\" \/>\n<meta property=\"og:description\" content=\"Laden Sie hier die Setup-Datei f\u00fcr die CAQ-Software PDAP7 herunter, um die Vollversion zu installieren. Erfahren Sie mehr &gt;\" \/>\n<meta property=\"og:url\" content=\"https:\/\/pdap.de\/en\/pdap-setup-datei-fuer-die-vollversion\/\" \/>\n<meta property=\"og:site_name\" content=\"PDAP - Qualit\u00e4tsmanagement &amp; Digitalisierung\" \/>\n<meta property=\"article:modified_time\" content=\"2021-09-23T11:55:13+00:00\" \/>\n<meta name=\"twitter:card\" content=\"summary_large_image\" \/>\n<script type=\"application\/ld+json\" class=\"yoast-schema-graph\">{\"@context\":\"https:\/\/schema.org\",\"@graph\":[{\"@type\":\"WebPage\",\"@id\":\"https:\/\/pdap.de\/en\/pdap-setup-datei-fuer-die-vollversion\/\",\"url\":\"https:\/\/pdap.de\/en\/pdap-setup-datei-fuer-die-vollversion\/\",\"name\":\"Setup-Datei f\u00fcr die Vollversion &ndash; PDAP - Qualit\u00e4tsmanagement &amp; Digitalisierung\",\"isPartOf\":{\"@id\":\"https:\/\/pdap.de\/#website\"},\"datePublished\":\"2021-09-10T08:35:23+00:00\",\"dateModified\":\"2021-09-23T11:55:13+00:00\",\"description\":\"Laden Sie hier die Setup-Datei f\u00fcr die CAQ-Software PDAP7 herunter, um die Vollversion zu installieren. Erfahren Sie mehr >\",\"breadcrumb\":{\"@id\":\"https:\/\/pdap.de\/en\/pdap-setup-datei-fuer-die-vollversion\/#breadcrumb\"},\"inLanguage\":\"en-US\",\"potentialAction\":[{\"@type\":\"ReadAction\",\"target\":[\"https:\/\/pdap.de\/en\/pdap-setup-datei-fuer-die-vollversion\/\"]}]},{\"@type\":\"BreadcrumbList\",\"@id\":\"https:\/\/pdap.de\/en\/pdap-setup-datei-fuer-die-vollversion\/#breadcrumb\",\"itemListElement\":[{\"@type\":\"ListItem\",\"position\":1,\"name\":\"Startseite\",\"item\":\"https:\/\/pdap.de\/\"},{\"@type\":\"ListItem\",\"position\":2,\"name\":\"PDAP Setup-Datei f\u00fcr die Vollversion\"}]},{\"@type\":\"WebSite\",\"@id\":\"https:\/\/pdap.de\/#website\",\"url\":\"https:\/\/pdap.de\/\",\"name\":\"PDAP - Qualit\u00e4tsmanagement &amp; Digitalisierung\",\"description\":\"by JessenLenz\",\"publisher\":{\"@id\":\"https:\/\/pdap.de\/#organization\"},\"potentialAction\":[{\"@type\":\"SearchAction\",\"target\":{\"@type\":\"EntryPoint\",\"urlTemplate\":\"https:\/\/pdap.de\/?s={search_term_string}\"},\"query-input\":\"required name=search_term_string\"}],\"inLanguage\":\"en-US\"},{\"@type\":\"Organization\",\"@id\":\"https:\/\/pdap.de\/#organization\",\"name\":\"PDAP by JessenLenz\",\"url\":\"https:\/\/pdap.de\/\",\"logo\":{\"@type\":\"ImageObject\",\"inLanguage\":\"en-US\",\"@id\":\"https:\/\/pdap.de\/#\/schema\/logo\/image\/\",\"url\":\"https:\/\/pdap.de\/wp-content\/uploads\/2021\/08\/pdap-logo-1.png\",\"contentUrl\":\"https:\/\/pdap.de\/wp-content\/uploads\/2021\/08\/pdap-logo-1.png\",\"width\":800,\"height\":377,\"caption\":\"PDAP by JessenLenz\"},\"image\":{\"@id\":\"https:\/\/pdap.de\/#\/schema\/logo\/image\/\"}}]}<\/script>\n<!-- \/ Yoast SEO plugin. -->","yoast_head_json":{"title":"Setup-Datei f\u00fcr die Vollversion &ndash; PDAP - Qualit\u00e4tsmanagement &amp; Digitalisierung","description":"Laden Sie hier die Setup-Datei f\u00fcr die CAQ-Software PDAP7 herunter, um die Vollversion zu installieren. Erfahren Sie mehr >","robots":{"index":"index","follow":"follow","max-snippet":"max-snippet:-1","max-image-preview":"max-image-preview:large","max-video-preview":"max-video-preview:-1"},"canonical":"https:\/\/pdap.de\/en\/pdap-setup-datei-fuer-die-vollversion\/","og_locale":"en_US","og_type":"article","og_title":"Setup-Datei f\u00fcr die Vollversion &ndash; PDAP - Qualit\u00e4tsmanagement &amp; Digitalisierung","og_description":"Laden Sie hier die Setup-Datei f\u00fcr die CAQ-Software PDAP7 herunter, um die Vollversion zu installieren. Erfahren Sie mehr >","og_url":"https:\/\/pdap.de\/en\/pdap-setup-datei-fuer-die-vollversion\/","og_site_name":"PDAP - Qualit\u00e4tsmanagement &amp; Digitalisierung","article_modified_time":"2021-09-23T11:55:13+00:00","twitter_card":"summary_large_image","schema":{"@context":"https:\/\/schema.org","@graph":[{"@type":"WebPage","@id":"https:\/\/pdap.de\/en\/pdap-setup-datei-fuer-die-vollversion\/","url":"https:\/\/pdap.de\/en\/pdap-setup-datei-fuer-die-vollversion\/","name":"Setup-Datei f\u00fcr die Vollversion &ndash; PDAP - Qualit\u00e4tsmanagement &amp; Digitalisierung","isPartOf":{"@id":"https:\/\/pdap.de\/#website"},"datePublished":"2021-09-10T08:35:23+00:00","dateModified":"2021-09-23T11:55:13+00:00","description":"Laden Sie hier die Setup-Datei f\u00fcr die CAQ-Software PDAP7 herunter, um die Vollversion zu installieren. Erfahren Sie mehr >","breadcrumb":{"@id":"https:\/\/pdap.de\/en\/pdap-setup-datei-fuer-die-vollversion\/#breadcrumb"},"inLanguage":"en-US","potentialAction":[{"@type":"ReadAction","target":["https:\/\/pdap.de\/en\/pdap-setup-datei-fuer-die-vollversion\/"]}]},{"@type":"BreadcrumbList","@id":"https:\/\/pdap.de\/en\/pdap-setup-datei-fuer-die-vollversion\/#breadcrumb","itemListElement":[{"@type":"ListItem","position":1,"name":"Startseite","item":"https:\/\/pdap.de\/"},{"@type":"ListItem","position":2,"name":"PDAP Setup-Datei f\u00fcr die Vollversion"}]},{"@type":"WebSite","@id":"https:\/\/pdap.de\/#website","url":"https:\/\/pdap.de\/","name":"PDAP - Qualit\u00e4tsmanagement &amp; Digitalisierung","description":"by JessenLenz","publisher":{"@id":"https:\/\/pdap.de\/#organization"},"potentialAction":[{"@type":"SearchAction","target":{"@type":"EntryPoint","urlTemplate":"https:\/\/pdap.de\/?s={search_term_string}"},"query-input":"required name=search_term_string"}],"inLanguage":"en-US"},{"@type":"Organization","@id":"https:\/\/pdap.de\/#organization","name":"PDAP by JessenLenz","url":"https:\/\/pdap.de\/","logo":{"@type":"ImageObject","inLanguage":"en-US","@id":"https:\/\/pdap.de\/#\/schema\/logo\/image\/","url":"https:\/\/pdap.de\/wp-content\/uploads\/2021\/08\/pdap-logo-1.png","contentUrl":"https:\/\/pdap.de\/wp-content\/uploads\/2021\/08\/pdap-logo-1.png","width":800,"height":377,"caption":"PDAP by JessenLenz"},"image":{"@id":"https:\/\/pdap.de\/#\/schema\/logo\/image\/"}}]}},"_links":{"self":[{"href":"https:\/\/pdap.de\/en\/wp-json\/wp\/v2\/pages\/11202"}],"collection":[{"href":"https:\/\/pdap.de\/en\/wp-json\/wp\/v2\/pages"}],"about":[{"href":"https:\/\/pdap.de\/en\/wp-json\/wp\/v2\/types\/page"}],"author":[{"embeddable":true,"href":"https:\/\/pdap.de\/en\/wp-json\/wp\/v2\/users\/2"}],"replies":[{"embeddable":true,"href":"https:\/\/pdap.de\/en\/wp-json\/wp\/v2\/comments?post=11202"}],"version-history":[{"count":16,"href":"https:\/\/pdap.de\/en\/wp-json\/wp\/v2\/pages\/11202\/revisions"}],"predecessor-version":[{"id":12018,"href":"https:\/\/pdap.de\/en\/wp-json\/wp\/v2\/pages\/11202\/revisions\/12018"}],"wp:attachment":[{"href":"https:\/\/pdap.de\/en\/wp-json\/wp\/v2\/media?parent=11202"}],"curies":[{"name":"wp","href":"https:\/\/api.w.org\/{rel}","templated":true}]}}