{"id":10890,"date":"2021-09-08T13:39:14","date_gmt":"2021-09-08T11:39:14","guid":{"rendered":"http:\/\/test.pdap.de\/?page_id=10890"},"modified":"2023-03-15T09:22:17","modified_gmt":"2023-03-15T08:22:17","slug":"pruef-betriebsmittel","status":"publish","type":"page","link":"https:\/\/pdap.de\/en\/qualitaetsmanagement\/pruef-betriebsmittel\/","title":{"rendered":"Pr\u00fcf- &#038; Betriebsmittel"},"content":{"rendered":"<p>[et_pb_section fb_built=&#8220;1&#8243; fullwidth=&#8220;on&#8220; _builder_version=&#8220;4.19.5&#8243; _module_preset=&#8220;default&#8220; global_colors_info=&#8220;{}&#8220; theme_builder_area=&#8220;post_content&#8220;][et_pb_fullwidth_slider use_bg_overlay=&#8220;off&#8220; use_text_overlay=&#8220;off&#8220; _builder_version=&#8220;4.19.5&#8243; _module_preset=&#8220;default&#8220; header_level=&#8220;h1&#8243; header_font=&#8220;||||||||&#8220; header_text_color=&#8220;#686868&#8243; header_font_size=&#8220;26px&#8220; body_font_size=&#8220;20px&#8220; custom_button=&#8220;on&#8220; button_text_size=&#8220;18px&#8220; button_text_color=&#8220;#868686&#8243; button_bg_color=&#8220;rgba(255,255,255,0.62)&#8220; button_border_width=&#8220;2px&#8220; button_border_color=&#8220;#ffffff&#8220; button_alignment=&#8220;right&#8220; content_width_tablet=&#8220;55%&#8220; content_width_phone=&#8220;100%&#8220; content_width_last_edited=&#8220;on|phone&#8220; height_tablet=&#8220;410px&#8220; height_phone=&#8220;380px&#8220; height_last_edited=&#8220;on|phone&#8220; max_height_last_edited=&#8220;off|desktop&#8220; custom_margin=&#8220;||||false|false&#8220; custom_padding=&#8220;||||false|false&#8220; auto=&#8220;on&#8220; auto_speed=&#8220;4500&#8243; hover_enabled=&#8220;0&#8243; header_font_size_tablet=&#8220;18px&#8220; header_font_size_phone=&#8220;16px&#8220; header_font_size_last_edited=&#8220;on|phone&#8220; button_text_size_tablet=&#8220;15px&#8220; button_text_size_phone=&#8220;14px&#8220; button_text_size_last_edited=&#8220;on|tablet&#8220; custom_css_slide_description=&#8220;animation-name: none; !important&#8220; header_text_shadow_style=&#8220;preset1&#8243; header_text_shadow_color=&#8220;rgba(127,127,127,0.4)&#8220; global_colors_info=&#8220;{}&#8220; custom_css_slide_description_last_edited=&#8220;off|tablet&#8220; theme_builder_area=&#8220;post_content&#8220; sticky_enabled=&#8220;0&#8243;][et_pb_slide heading_last_edited=&#8220;off|tablet&#8220; _builder_version=&#8220;4.19.5&#8243; _module_preset=&#8220;default&#8220; background_enable_color=&#8220;off&#8220; background_image=&#8220;https:\/\/pdap.de\/wp-content\/uploads\/2023\/03\/banner-pruefmittel-betriebsmittel.jpg&#8220; background_enable_image=&#8220;on&#8220; custom_button=&#8220;on&#8220; button_text_color=&#8220;#ffffff&#8220; button_alignment=&#8220;center&#8220; hover_enabled=&#8220;0&#8243; background_last_edited=&#8220;on|phone&#8220; background_image_phone=&#8220;https:\/\/pdap.de\/wp-content\/uploads\/2023\/03\/banner-pruefmittel-betriebsmittel-mobil.jpg&#8220; background_enable_image_phone=&#8220;on&#8220; custom_css_slide_button=&#8220;position: absolute;||left: 10;||right: 0;||bottom: 0;||margin-left: 400px;||margin-right: 80px;||margin-bottom: 100px&#8220; global_colors_info=&#8220;{}&#8220; custom_css_slide_button_last_edited=&#8220;on|phone&#8220; custom_css_slide_button_tablet=&#8220;position: absolute;||left: 0;||right: 0;||bottom: 0;||margin-left: 100px;||margin-right: 100px;||margin-bottom: 130px;&#8220; custom_css_slide_button_phone=&#8220;position: absolute;||left: 0;||right: 0;||bottom: 0;||margin-left: 100px;||margin-right: 100px;||margin-bottom: 130px;&#8220; sticky_transition=&#8220;on&#8220; theme_builder_area=&#8220;post_content&#8220; title_text=&#8220;Quality,Control,Manufacturing.hands,Of,An,Engineer,Measures,A,Metal,Part&#8220; sticky_enabled=&#8220;0&#8243;][\/et_pb_slide][\/et_pb_fullwidth_slider][\/et_pb_section][et_pb_section fb_built=&#8220;1&#8243; _builder_version=&#8220;4.19.5&#8243; _module_preset=&#8220;default&#8220; custom_padding=&#8220;||||false|false&#8220; hover_enabled=&#8220;0&#8243; global_colors_info=&#8220;{}&#8220; sticky_enabled=&#8220;0&#8243;][et_pb_row _builder_version=&#8220;4.19.5&#8243; _module_preset=&#8220;default&#8220; global_colors_info=&#8220;{}&#8220; custom_padding=&#8220;0px||||false|false&#8220;][et_pb_column type=&#8220;4_4&#8243; _builder_version=&#8220;4.16&#8243; _module_preset=&#8220;default&#8220; global_colors_info=&#8220;{}&#8220;][lwp_divi_breadcrumbs home_text=&#8220;Start&#8220; _builder_version=&#8220;4.19.5&#8243; _module_preset=&#8220;default&#8220; hover_enabled=&#8220;0&#8243; global_colors_info=&#8220;{}&#8220; sticky_enabled=&#8220;0&#8243;][\/lwp_divi_breadcrumbs][et_pb_text _builder_version=&#8220;4.16&#8243; _module_preset=&#8220;default&#8220; custom_padding=&#8220;||||false|false&#8220; global_colors_info=&#8220;{}&#8220;]<\/p>\n<h2>Nachweissystem f\u00fcr F\u00e4higkeit und Wartungshistorie<\/h2>\n<p>[\/et_pb_text][\/et_pb_column][\/et_pb_row][et_pb_row column_structure=&#8220;1_2,1_2&#8243; _builder_version=&#8220;4.16&#8243; _module_preset=&#8220;default&#8220; global_colors_info=&#8220;{}&#8220;][et_pb_column type=&#8220;1_2&#8243; _builder_version=&#8220;4.16&#8243; _module_preset=&#8220;default&#8220; global_colors_info=&#8220;{}&#8220;][et_pb_testimonial quote_icon=&#8220;off&#8220; use_icon_font_size=&#8220;on&#8220; icon_font_size=&#8220;1px&#8220; _builder_version=&#8220;4.16&#8243; _module_preset=&#8220;default&#8220; body_font=&#8220;Open Sans||on||||||&#8220; custom_padding=&#8220;18px||6px||false|false&#8220; global_colors_info=&#8220;{}&#8220;]<\/p>\n<p style=\"text-align: center;\">Das Pr\u00fcf- und Betriebsmittelmanagement unterst\u00fctzt bei der Planung, Verwaltung und \u00dcberwachung aller relevanten Aufgaben.<\/p>\n<p>[\/et_pb_testimonial][et_pb_text _builder_version=&#8220;4.16&#8243; _module_preset=&#8220;default&#8220; global_colors_info=&#8220;{}&#8220;]<\/p>\n<p><span>Das Management der Pr\u00fcf- und Betriebsmittel unterst\u00fctzt bei der Planung, Verwaltung und \u00dcberwachung aller relevanten Aufgaben. F\u00fcr Betriebsmittel, Mess- und Pr\u00fcfmittel, Werkzeuge, Maschinen k\u00f6nnen unabh\u00e4ngige \u00dcberwachungszyklen wie z. B. Wartungen, Service-, Eichtermine und Kalibrierungen definiert werden. Die Aus- und R\u00fcckgabe von Pr\u00fcf- und Betriebsmitteln wird vom System \u00fcberwacht. Ferner sorgt ein <\/span><span>Reminder<\/span><span> bei Terminf\u00e4lligkeit f\u00fcr\u00a0 automatisierte Erinnerungen per E-Mail und SMS. Dar\u00fcber hinaus wird nach Abschluss von Service, Test, Wartung oder Kalibrierung ein Systemprotokoll, ein Servicebericht oder Werkskalibrierschein erstellt und als PDF-Dokument hinterlegt.<\/span><\/p>\n<p>[\/et_pb_text][\/et_pb_column][et_pb_column type=&#8220;1_2&#8243; _builder_version=&#8220;4.16&#8243; _module_preset=&#8220;default&#8220; global_colors_info=&#8220;{}&#8220;][et_pb_image src=&#8220;https:\/\/pdap.de\/wp-content\/uploads\/2021\/09\/betriebsmittelbericht-im-browser.png&#8220; alt=&#8220;Pr\u00fcf- und Betriebsmittel: browserbasierter Pr\u00fcfmittelbericht&#8220; title_text=&#8220;Betriebsmittelbericht&#8220; show_in_lightbox=&#8220;on&#8220; _builder_version=&#8220;4.16&#8243; _module_preset=&#8220;default&#8220; global_colors_info=&#8220;{}&#8220;][\/et_pb_image][et_pb_text _builder_version=&#8220;4.16&#8243; _module_preset=&#8220;default&#8220; text_font=&#8220;Open Sans||on||||||&#8220; custom_margin=&#8220;-20px||||false|false&#8220; global_colors_info=&#8220;{}&#8220;]<\/p>\n<p style=\"text-align: center;\">Betriebsmittelbericht in der Browseransicht<\/p>\n<p>[\/et_pb_text][\/et_pb_column][\/et_pb_row][et_pb_row column_structure=&#8220;1_2,1_2&#8243; _builder_version=&#8220;4.16&#8243; _module_preset=&#8220;default&#8220; custom_padding=&#8220;29px|||||&#8220; global_colors_info=&#8220;{}&#8220;][et_pb_column type=&#8220;1_2&#8243; _builder_version=&#8220;4.16&#8243; _module_preset=&#8220;default&#8220; global_colors_info=&#8220;{}&#8220;][et_pb_image src=&#8220;https:\/\/pdap.de\/wp-content\/uploads\/2021\/09\/import-viewer.png&#8220; alt=&#8220;Pr\u00fcf- und Betriebsmittel: Import Viewer&#8220; title_text=&#8220;Import Viewer&#8220; show_in_lightbox=&#8220;on&#8220; _builder_version=&#8220;4.16&#8243; _module_preset=&#8220;default&#8220; global_colors_info=&#8220;{}&#8220;][\/et_pb_image][et_pb_text _builder_version=&#8220;4.16&#8243; _module_preset=&#8220;default&#8220; text_font=&#8220;Open Sans||on||||||&#8220; custom_margin=&#8220;-20px||||false|false&#8220; global_colors_info=&#8220;{}&#8220;]<\/p>\n<p style=\"text-align: center;\">Protokoll Import Viewer<\/p>\n<p>[\/et_pb_text][\/et_pb_column][et_pb_column type=&#8220;1_2&#8243; _builder_version=&#8220;4.16&#8243; _module_preset=&#8220;default&#8220; global_colors_info=&#8220;{}&#8220;][et_pb_text _builder_version=&#8220;4.16&#8243; _module_preset=&#8220;default&#8220; global_colors_info=&#8220;{}&#8220;]<\/p>\n<p>Ebenfalls ist eine \u00dcberwachung nach Ausbringungsmengen aufgrund schwankender Volumen m\u00f6glich. Das bedeutet, die Ausbringungsmengen werden regelm\u00e4\u00dfig vom System verbucht und sobald die angegebene Menge erreicht ist, wird ein \u00dcberwachungstermin erzeugt.<\/p>\n<p>Nutzen Sie den Erinnerungsdienst, um die Pr\u00fcfer-Gruppen automatisch zu anstehenden \u00dcberwachungsterminen informieren zu lassen.<\/p>\n<p>Verwenden Sie einen Import zur Anbindung von Protokollen f\u00fcr Eichungs- und Wartungsauftr\u00e4ge, die Sie \u00fcber externe Labore vergeben.<\/p>\n<p>Nutzen Sie das Anlagenmanagement, um externe Berichte und Protokolle zu Wartungen und \u00dcberwachungen zum Wartungsauftrag zu speichern.<\/p>\n<p>[\/et_pb_text][\/et_pb_column][\/et_pb_row][et_pb_row column_structure=&#8220;1_2,1_2&#8243; _builder_version=&#8220;4.16&#8243; _module_preset=&#8220;default&#8220; custom_padding=&#8220;23px||20px||false|false&#8220; global_colors_info=&#8220;{}&#8220;][et_pb_column type=&#8220;1_2&#8243; _builder_version=&#8220;4.16&#8243; _module_preset=&#8220;default&#8220; global_colors_info=&#8220;{}&#8220;][et_pb_testimonial quote_icon=&#8220;off&#8220; use_icon_font_size=&#8220;on&#8220; icon_font_size=&#8220;1px&#8220; _builder_version=&#8220;4.16&#8243; _module_preset=&#8220;default&#8220; body_font=&#8220;Open Sans||on||||||&#8220; custom_padding=&#8220;18px||6px||false|false&#8220; global_colors_info=&#8220;{}&#8220;]<\/p>\n<p style=\"text-align: center;\">Wie stellen Sie sicher, dass zu extern erfassten Wartungsauftr\u00e4gen die notwendigen Protokolle in allen F\u00e4llen beigef\u00fcgt wurden?<\/p>\n<p>[\/et_pb_testimonial][et_pb_text _builder_version=&#8220;4.16&#8243; _module_preset=&#8220;default&#8220; global_colors_info=&#8220;{}&#8220;]<\/p>\n<p>Ein automatischer Erinnerungsdienst informiert Sie bei Bedarf dar\u00fcber, bei welchen durchgef\u00fchrten Wartungen vergessen wurde, wichtige Dokumente anzuh\u00e4ngen.<\/p>\n<p>[\/et_pb_text][et_pb_testimonial quote_icon=&#8220;off&#8220; use_icon_font_size=&#8220;on&#8220; icon_font_size=&#8220;1px&#8220; _builder_version=&#8220;4.16&#8243; _module_preset=&#8220;default&#8220; body_font=&#8220;Open Sans||on||||||&#8220; custom_padding=&#8220;18px||6px||false|false&#8220; global_colors_info=&#8220;{}&#8220;]<\/p>\n<p style=\"text-align: center;\">Das Lebenslauf-Audit f\u00fcr die Stammdaten erm\u00f6glicht Ihnen den Nachweis der \u00c4nderungshistorie an Ihren Pr\u00fcf- und Betriebsmitteln (IFS-Anforderung).<\/p>\n<p>[\/et_pb_testimonial][\/et_pb_column][et_pb_column type=&#8220;1_2&#8243; _builder_version=&#8220;4.16&#8243; _module_preset=&#8220;default&#8220; global_colors_info=&#8220;{}&#8220;][et_pb_image src=&#8220;https:\/\/pdap.de\/wp-content\/uploads\/2021\/09\/pruef-und-betriebsmittel-wartungsprognosen.png&#8220; alt=&#8220;Pr\u00fcf- und Betriebsmittel: Wartung berechnen&#8220; title_text=&#8220;Wartungsprognosen berechnen&#8220; show_in_lightbox=&#8220;on&#8220; _builder_version=&#8220;4.16&#8243; _module_preset=&#8220;default&#8220; global_colors_info=&#8220;{}&#8220;][\/et_pb_image][et_pb_text _builder_version=&#8220;4.16&#8243; _module_preset=&#8220;default&#8220; text_font=&#8220;Open Sans||on||||||&#8220; custom_margin=&#8220;-20px||0px||false|false&#8220; global_colors_info=&#8220;{}&#8220;]<\/p>\n<p style=\"text-align: center;\">Konzept f\u00fcr Wartungsprognosen<\/p>\n<p>[\/et_pb_text][\/et_pb_column][\/et_pb_row][et_pb_row column_structure=&#8220;1_2,1_2&#8243; _builder_version=&#8220;4.16&#8243; _module_preset=&#8220;default&#8220; custom_margin=&#8220;-20px||||false|false&#8220; custom_padding=&#8220;22px||||false|false&#8220; global_colors_info=&#8220;{}&#8220;][et_pb_column type=&#8220;1_2&#8243; _builder_version=&#8220;4.16&#8243; _module_preset=&#8220;default&#8220; global_colors_info=&#8220;{}&#8220;][et_pb_text _builder_version=&#8220;4.16&#8243; _module_preset=&#8220;default&#8220; custom_margin=&#8220;||0px|||&#8220; global_colors_info=&#8220;{}&#8220;]<\/p>\n<h3>Key Features<\/h3>\n<p>[\/et_pb_text][et_pb_text _builder_version=&#8220;4.16&#8243; _module_preset=&#8220;default&#8220; global_colors_info=&#8220;{}&#8220;]<\/p>\n<ul>\n<li>\n<div><span>Pr\u00fcfmittellebenslauf<\/span><\/div>\n<\/li>\n<li>\n<div><span><\/span><span>Import von Normentexten und Pr\u00fcfnormen<\/span><\/div>\n<\/li>\n<li>\n<div><span><\/span><span>Berechnung von Messtoleranzen- und F\u00e4higkeiten<\/span><\/div>\n<\/li>\n<li>\n<div><span><\/span><span>Automatisches Sperren bei Termin\u00fcberschreitungen<\/span><\/div>\n<\/li>\n<li>\n<div><span><\/span><span>Eigene Kataloge f\u00fcr Hersteller und Lieferanten<\/span><\/div>\n<\/li>\n<li>\n<div><span><\/span><span>Planung, Controlling, V<\/span><span>erwaltung<\/span><\/div>\n<\/li>\n<li>\n<div><span><\/span><span>Kostenerfassung<\/span><\/div>\n<\/li>\n<\/ul>\n<p>[\/et_pb_text][\/et_pb_column][et_pb_column type=&#8220;1_2&#8243; _builder_version=&#8220;4.16&#8243; _module_preset=&#8220;default&#8220; global_colors_info=&#8220;{}&#8220;][et_pb_text _builder_version=&#8220;4.16&#8243; _module_preset=&#8220;default&#8220; custom_margin=&#8220;||1px|||&#8220; global_colors_info=&#8220;{}&#8220;]<\/p>\n<h3>Wichtige Vorteile<\/h3>\n<p>[\/et_pb_text][et_pb_text _builder_version=&#8220;4.16&#8243; _module_preset=&#8220;default&#8220; global_colors_info=&#8220;{}&#8220;]<\/p>\n<ul>\n<li>Anbindung von Pr\u00fcfprotokollen aus externen Laboren<\/li>\n<li>Ausgabe- und R\u00fcckgabebuchungen mit Zustandshistorie<\/li>\n<li>Anbindung an Pr\u00fcf- und Messmittel-Schranksysteme<\/li>\n<li>Anlagenmanagement f\u00fcr Pr\u00fcf- und Wartungsauftr\u00e4ge<\/li>\n<li>Regelm\u00e4\u00dfige oder prognosenbasierte Pr\u00fcfintervalle<\/li>\n<li>Wartungsintervalle nach Ausbringungsmengen bei schwankendem Volumen<\/li>\n<li>Automatischer Erinnerungsdienst<\/li>\n<li>Lebenslauf-Audit f\u00fcr Stammdatenver\u00e4nderungen<\/li>\n<li>Betriebsmittelberichte im Browser<\/li>\n<\/ul>\n<p>[\/et_pb_text][et_pb_text _builder_version=&#8220;4.16&#8243; _module_preset=&#8220;default&#8220; global_colors_info=&#8220;{}&#8220;][\/et_pb_text][\/et_pb_column][\/et_pb_row][\/et_pb_section]<\/p>\n","protected":false},"excerpt":{"rendered":"<p><div class=\"et_pb_module lwp_divi_breadcrumbs lwp_divi_breadcrumbs_0\">\n\t\t\t\t\n\t\t\t\t\n\t\t\t\t\n\t\t\t\t\n\t\t\t\t\n\t\t\t\t\n\t\t\t\t<div class=\"et_pb_module_inner\">\n\t\t\t\t\t<div class=\"lwp-breadcrumbs\"> <span class=\"before\"><\/span> <span vocab=\"https:\/\/schema.org\/\" typeof=\"BreadcrumbList\"><span property=\"itemListElement\" typeof=\"ListItem\"><a property=\"item\" typeof=\"WebPage\" href=\"https:\/\/pdap.de\/en\/\" class=\"home\"><span property=\"name\">Start<\/span><\/a><meta property=\"position\" content=\"1\"><\/span> <span class=\"separator et-pb-icon\">&#x39;<\/span> <\/span><\/div>\n\t\t\t\t<\/div>\n\t\t\t<\/div>Nachweissystem f\u00fcr F\u00e4higkeit und WartungshistorieDas Pr\u00fcf- und Betriebsmittelmanagement unterst\u00fctzt bei der Planung, Verwaltung und \u00dcberwachung aller relevanten Aufgaben.Das Management der Pr\u00fcf- und Betriebsmittel unterst\u00fctzt bei der Planung, Verwaltung und \u00dcberwachung aller relevanten Aufgaben. F\u00fcr Betriebsmittel, Mess- und Pr\u00fcfmittel, Werkzeuge, Maschinen k\u00f6nnen unabh\u00e4ngige \u00dcberwachungszyklen wie z. B. Wartungen, Service-, Eichtermine [&hellip;]<\/p>\n","protected":false},"author":2,"featured_media":0,"parent":7717,"menu_order":0,"comment_status":"closed","ping_status":"closed","template":"","meta":{"_et_pb_use_builder":"on","_et_pb_old_content":"","_et_gb_content_width":"","footnotes":""},"class_list":["post-10890","page","type-page","status-publish","hentry"],"yoast_head":"<!-- This site is optimized with the Yoast SEO plugin v27.5 - https:\/\/yoast.com\/product\/yoast-seo-wordpress\/ -->\n<title>Pr\u00fcf- &amp; Betriebsmittel mit CAQ-Software managen &#8211; PDAP - Qualit\u00e4tsmanagement &amp; Digitalisierung<\/title>\n<meta name=\"description\" content=\"Mehr als Pr\u00fcf- und Betriebsmittel verwalten: Sparen Sie mit einem effizienten, automatisierten Management Kosten ein. Mehr erfahren &gt;\" \/>\n<meta name=\"robots\" content=\"index, follow, max-snippet:-1, max-image-preview:large, max-video-preview:-1\" \/>\n<link rel=\"canonical\" href=\"https:\/\/pdap.de\/en\/qualitaetsmanagement\/pruef-betriebsmittel\/\" \/>\n<meta property=\"og:locale\" content=\"en_US\" \/>\n<meta property=\"og:type\" content=\"article\" \/>\n<meta property=\"og:title\" content=\"Pr\u00fcf- &amp; Betriebsmittel mit CAQ-Software managen &#8211; PDAP - Qualit\u00e4tsmanagement &amp; Digitalisierung\" \/>\n<meta property=\"og:description\" content=\"Mehr als Pr\u00fcf- und Betriebsmittel verwalten: Sparen Sie mit einem effizienten, automatisierten Management Kosten ein. Mehr erfahren &gt;\" \/>\n<meta property=\"og:url\" content=\"https:\/\/pdap.de\/en\/qualitaetsmanagement\/pruef-betriebsmittel\/\" \/>\n<meta property=\"og:site_name\" content=\"PDAP - Qualit\u00e4tsmanagement &amp; Digitalisierung\" \/>\n<meta property=\"article:modified_time\" content=\"2023-03-15T08:22:17+00:00\" \/>\n<meta name=\"twitter:card\" content=\"summary_large_image\" \/>\n<script type=\"application\/ld+json\" class=\"yoast-schema-graph\">{\"@context\":\"https:\\\/\\\/schema.org\",\"@graph\":[{\"@type\":\"WebPage\",\"@id\":\"https:\\\/\\\/pdap.de\\\/qualitaetsmanagement\\\/pruef-betriebsmittel\\\/\",\"url\":\"https:\\\/\\\/pdap.de\\\/qualitaetsmanagement\\\/pruef-betriebsmittel\\\/\",\"name\":\"Pr\u00fcf- & Betriebsmittel mit CAQ-Software managen &#8211; PDAP - Qualit\u00e4tsmanagement &amp; Digitalisierung\",\"isPartOf\":{\"@id\":\"https:\\\/\\\/pdap.de\\\/#website\"},\"datePublished\":\"2021-09-08T11:39:14+00:00\",\"dateModified\":\"2023-03-15T08:22:17+00:00\",\"description\":\"Mehr als Pr\u00fcf- und Betriebsmittel verwalten: Sparen Sie mit einem effizienten, automatisierten Management Kosten ein. Mehr erfahren >\",\"breadcrumb\":{\"@id\":\"https:\\\/\\\/pdap.de\\\/qualitaetsmanagement\\\/pruef-betriebsmittel\\\/#breadcrumb\"},\"inLanguage\":\"en-US\",\"potentialAction\":[{\"@type\":\"ReadAction\",\"target\":[\"https:\\\/\\\/pdap.de\\\/qualitaetsmanagement\\\/pruef-betriebsmittel\\\/\"]}]},{\"@type\":\"BreadcrumbList\",\"@id\":\"https:\\\/\\\/pdap.de\\\/qualitaetsmanagement\\\/pruef-betriebsmittel\\\/#breadcrumb\",\"itemListElement\":[{\"@type\":\"ListItem\",\"position\":1,\"name\":\"Startseite\",\"item\":\"https:\\\/\\\/pdap.de\\\/\"},{\"@type\":\"ListItem\",\"position\":2,\"name\":\"Qualit\u00e4tsmanagement\",\"item\":\"https:\\\/\\\/pdap.de\\\/qualitaetsmanagement\\\/\"},{\"@type\":\"ListItem\",\"position\":3,\"name\":\"Pr\u00fcf- &#038; Betriebsmittel\"}]},{\"@type\":\"WebSite\",\"@id\":\"https:\\\/\\\/pdap.de\\\/#website\",\"url\":\"https:\\\/\\\/pdap.de\\\/\",\"name\":\"PDAP - Qualit\u00e4tsmanagement &amp; Digitalisierung\",\"description\":\"by JessenLenz\",\"publisher\":{\"@id\":\"https:\\\/\\\/pdap.de\\\/#organization\"},\"potentialAction\":[{\"@type\":\"SearchAction\",\"target\":{\"@type\":\"EntryPoint\",\"urlTemplate\":\"https:\\\/\\\/pdap.de\\\/?s={search_term_string}\"},\"query-input\":{\"@type\":\"PropertyValueSpecification\",\"valueRequired\":true,\"valueName\":\"search_term_string\"}}],\"inLanguage\":\"en-US\"},{\"@type\":\"Organization\",\"@id\":\"https:\\\/\\\/pdap.de\\\/#organization\",\"name\":\"PDAP by JessenLenz\",\"url\":\"https:\\\/\\\/pdap.de\\\/\",\"logo\":{\"@type\":\"ImageObject\",\"inLanguage\":\"en-US\",\"@id\":\"https:\\\/\\\/pdap.de\\\/#\\\/schema\\\/logo\\\/image\\\/\",\"url\":\"https:\\\/\\\/pdap.de\\\/wp-content\\\/uploads\\\/2021\\\/08\\\/pdap-logo-1.png\",\"contentUrl\":\"https:\\\/\\\/pdap.de\\\/wp-content\\\/uploads\\\/2021\\\/08\\\/pdap-logo-1.png\",\"width\":800,\"height\":377,\"caption\":\"PDAP by JessenLenz\"},\"image\":{\"@id\":\"https:\\\/\\\/pdap.de\\\/#\\\/schema\\\/logo\\\/image\\\/\"}}]}<\/script>\n<!-- \/ Yoast SEO plugin. -->","yoast_head_json":{"title":"Pr\u00fcf- & Betriebsmittel mit CAQ-Software managen &#8211; PDAP - Qualit\u00e4tsmanagement &amp; Digitalisierung","description":"Mehr als Pr\u00fcf- und Betriebsmittel verwalten: Sparen Sie mit einem effizienten, automatisierten Management Kosten ein. Mehr erfahren >","robots":{"index":"index","follow":"follow","max-snippet":"max-snippet:-1","max-image-preview":"max-image-preview:large","max-video-preview":"max-video-preview:-1"},"canonical":"https:\/\/pdap.de\/en\/qualitaetsmanagement\/pruef-betriebsmittel\/","og_locale":"en_US","og_type":"article","og_title":"Pr\u00fcf- & Betriebsmittel mit CAQ-Software managen &#8211; PDAP - Qualit\u00e4tsmanagement &amp; Digitalisierung","og_description":"Mehr als Pr\u00fcf- und Betriebsmittel verwalten: Sparen Sie mit einem effizienten, automatisierten Management Kosten ein. Mehr erfahren >","og_url":"https:\/\/pdap.de\/en\/qualitaetsmanagement\/pruef-betriebsmittel\/","og_site_name":"PDAP - Qualit\u00e4tsmanagement &amp; Digitalisierung","article_modified_time":"2023-03-15T08:22:17+00:00","twitter_card":"summary_large_image","schema":{"@context":"https:\/\/schema.org","@graph":[{"@type":"WebPage","@id":"https:\/\/pdap.de\/qualitaetsmanagement\/pruef-betriebsmittel\/","url":"https:\/\/pdap.de\/qualitaetsmanagement\/pruef-betriebsmittel\/","name":"Pr\u00fcf- & Betriebsmittel mit CAQ-Software managen &#8211; PDAP - Qualit\u00e4tsmanagement &amp; Digitalisierung","isPartOf":{"@id":"https:\/\/pdap.de\/#website"},"datePublished":"2021-09-08T11:39:14+00:00","dateModified":"2023-03-15T08:22:17+00:00","description":"Mehr als Pr\u00fcf- und Betriebsmittel verwalten: Sparen Sie mit einem effizienten, automatisierten Management Kosten ein. Mehr erfahren >","breadcrumb":{"@id":"https:\/\/pdap.de\/qualitaetsmanagement\/pruef-betriebsmittel\/#breadcrumb"},"inLanguage":"en-US","potentialAction":[{"@type":"ReadAction","target":["https:\/\/pdap.de\/qualitaetsmanagement\/pruef-betriebsmittel\/"]}]},{"@type":"BreadcrumbList","@id":"https:\/\/pdap.de\/qualitaetsmanagement\/pruef-betriebsmittel\/#breadcrumb","itemListElement":[{"@type":"ListItem","position":1,"name":"Startseite","item":"https:\/\/pdap.de\/"},{"@type":"ListItem","position":2,"name":"Qualit\u00e4tsmanagement","item":"https:\/\/pdap.de\/qualitaetsmanagement\/"},{"@type":"ListItem","position":3,"name":"Pr\u00fcf- &#038; Betriebsmittel"}]},{"@type":"WebSite","@id":"https:\/\/pdap.de\/#website","url":"https:\/\/pdap.de\/","name":"PDAP - Qualit\u00e4tsmanagement &amp; Digitalisierung","description":"by JessenLenz","publisher":{"@id":"https:\/\/pdap.de\/#organization"},"potentialAction":[{"@type":"SearchAction","target":{"@type":"EntryPoint","urlTemplate":"https:\/\/pdap.de\/?s={search_term_string}"},"query-input":{"@type":"PropertyValueSpecification","valueRequired":true,"valueName":"search_term_string"}}],"inLanguage":"en-US"},{"@type":"Organization","@id":"https:\/\/pdap.de\/#organization","name":"PDAP by JessenLenz","url":"https:\/\/pdap.de\/","logo":{"@type":"ImageObject","inLanguage":"en-US","@id":"https:\/\/pdap.de\/#\/schema\/logo\/image\/","url":"https:\/\/pdap.de\/wp-content\/uploads\/2021\/08\/pdap-logo-1.png","contentUrl":"https:\/\/pdap.de\/wp-content\/uploads\/2021\/08\/pdap-logo-1.png","width":800,"height":377,"caption":"PDAP by JessenLenz"},"image":{"@id":"https:\/\/pdap.de\/#\/schema\/logo\/image\/"}}]}},"_links":{"self":[{"href":"https:\/\/pdap.de\/en\/wp-json\/wp\/v2\/pages\/10890","targetHints":{"allow":["GET"]}}],"collection":[{"href":"https:\/\/pdap.de\/en\/wp-json\/wp\/v2\/pages"}],"about":[{"href":"https:\/\/pdap.de\/en\/wp-json\/wp\/v2\/types\/page"}],"author":[{"embeddable":true,"href":"https:\/\/pdap.de\/en\/wp-json\/wp\/v2\/users\/2"}],"replies":[{"embeddable":true,"href":"https:\/\/pdap.de\/en\/wp-json\/wp\/v2\/comments?post=10890"}],"version-history":[{"count":16,"href":"https:\/\/pdap.de\/en\/wp-json\/wp\/v2\/pages\/10890\/revisions"}],"predecessor-version":[{"id":14654,"href":"https:\/\/pdap.de\/en\/wp-json\/wp\/v2\/pages\/10890\/revisions\/14654"}],"up":[{"embeddable":true,"href":"https:\/\/pdap.de\/en\/wp-json\/wp\/v2\/pages\/7717"}],"wp:attachment":[{"href":"https:\/\/pdap.de\/en\/wp-json\/wp\/v2\/media?parent=10890"}],"curies":[{"name":"wp","href":"https:\/\/api.w.org\/{rel}","templated":true}]}}