{"id":10886,"date":"2021-09-08T13:38:46","date_gmt":"2021-09-08T11:38:46","guid":{"rendered":"http:\/\/test.pdap.de\/?page_id=10886"},"modified":"2023-03-15T09:17:15","modified_gmt":"2023-03-15T08:17:15","slug":"massnahmen","status":"publish","type":"page","link":"https:\/\/pdap.de\/en\/qualitaetsmanagement\/massnahmen\/","title":{"rendered":"Measures"},"content":{"rendered":"<p>[et_pb_section fb_built=&#8220;1&#8243; fullwidth=&#8220;on&#8220; _builder_version=&#8220;4.19.5&#8243; _module_preset=&#8220;default&#8220; global_colors_info=&#8220;{}&#8220; theme_builder_area=&#8220;post_content&#8220;][et_pb_fullwidth_slider use_bg_overlay=&#8220;off&#8220; use_text_overlay=&#8220;off&#8220; _builder_version=&#8220;4.19.5&#8243; _module_preset=&#8220;default&#8220; header_level=&#8220;h1&#8243; header_font=&#8220;||||||||&#8220; header_text_color=&#8220;#686868&#8243; header_font_size=&#8220;26px&#8220; body_font_size=&#8220;20px&#8220; custom_button=&#8220;on&#8220; button_text_size=&#8220;18px&#8220; button_text_color=&#8220;#868686&#8243; button_bg_color=&#8220;rgba(255,255,255,0.62)&#8220; button_border_width=&#8220;2px&#8220; button_border_color=&#8220;#ffffff&#8220; button_alignment=&#8220;right&#8220; content_width_tablet=&#8220;55%&#8220; content_width_phone=&#8220;100%&#8220; content_width_last_edited=&#8220;on|phone&#8220; height_tablet=&#8220;410px&#8220; height_phone=&#8220;380px&#8220; height_last_edited=&#8220;on|phone&#8220; max_height_last_edited=&#8220;off|desktop&#8220; custom_margin=&#8220;||||false|false&#8220; custom_padding=&#8220;||||false|false&#8220; auto=&#8220;on&#8220; auto_speed=&#8220;4500&#8243; hover_enabled=&#8220;0&#8243; header_font_size_tablet=&#8220;18px&#8220; header_font_size_phone=&#8220;16px&#8220; header_font_size_last_edited=&#8220;on|phone&#8220; button_text_size_tablet=&#8220;15px&#8220; button_text_size_phone=&#8220;14px&#8220; button_text_size_last_edited=&#8220;on|tablet&#8220; custom_css_slide_description=&#8220;animation-name: none; !important&#8220; header_text_shadow_style=&#8220;preset1&#8243; header_text_shadow_color=&#8220;rgba(127,127,127,0.4)&#8220; global_colors_info=&#8220;{}&#8220; custom_css_slide_description_last_edited=&#8220;off|tablet&#8220; theme_builder_area=&#8220;post_content&#8220; sticky_enabled=&#8220;0&#8243;][et_pb_slide heading_last_edited=&#8220;off|tablet&#8220; _builder_version=&#8220;4.19.5&#8243; _module_preset=&#8220;default&#8220; background_enable_color=&#8220;off&#8220; background_image=&#8220;https:\/\/pdap.de\/wp-content\/uploads\/2023\/03\/banner-massnahmen.jpg&#8220; background_enable_image=&#8220;on&#8220; custom_button=&#8220;on&#8220; button_text_color=&#8220;#ffffff&#8220; button_alignment=&#8220;center&#8220; hover_enabled=&#8220;0&#8243; background_last_edited=&#8220;on|phone&#8220; background_image_phone=&#8220;https:\/\/pdap.de\/wp-content\/uploads\/2023\/03\/banner-massnahmen-mobil.jpg&#8220; background_enable_image_phone=&#8220;on&#8220; custom_css_slide_button=&#8220;position: absolute;||left: 10;||right: 0;||bottom: 0;||margin-left: 400px;||margin-right: 80px;||margin-bottom: 100px&#8220; global_colors_info=&#8220;{}&#8220; custom_css_slide_button_last_edited=&#8220;on|phone&#8220; custom_css_slide_button_tablet=&#8220;position: absolute;||left: 0;||right: 0;||bottom: 0;||margin-left: 100px;||margin-right: 100px;||margin-bottom: 130px;&#8220; custom_css_slide_button_phone=&#8220;position: absolute;||left: 0;||right: 0;||bottom: 0;||margin-left: 100px;||margin-right: 100px;||margin-bottom: 130px;&#8220; sticky_transition=&#8220;on&#8220; theme_builder_area=&#8220;post_content&#8220; title_text=&#8220;Businesswoman,Standing,And,Leading,Business,Presentation.,Female,Executive,Putting,Her&#8220; sticky_enabled=&#8220;0&#8243;][\/et_pb_slide][\/et_pb_fullwidth_slider][\/et_pb_section][et_pb_section fb_built=&#8220;1&#8243; _builder_version=&#8220;4.19.5&#8243; _module_preset=&#8220;default&#8220; custom_padding=&#8220;||||false|false&#8220; global_colors_info=&#8220;{}&#8220;][et_pb_row _builder_version=&#8220;4.19.5&#8243; _module_preset=&#8220;default&#8220; global_colors_info=&#8220;{}&#8220; custom_padding=&#8220;0px||||false|false&#8220;][et_pb_column type=&#8220;4_4&#8243; _builder_version=&#8220;4.16&#8243; _module_preset=&#8220;default&#8220; global_colors_info=&#8220;{}&#8220;][lwp_divi_breadcrumbs home_text=&#8220;Start&#8220; _builder_version=&#8220;4.19.5&#8243; _module_preset=&#8220;default&#8220; hover_enabled=&#8220;0&#8243; global_colors_info=&#8220;{}&#8220; sticky_enabled=&#8220;0&#8243;][\/lwp_divi_breadcrumbs][et_pb_text _builder_version=&#8220;4.16&#8243; _module_preset=&#8220;default&#8220; custom_padding=&#8220;||||false|false&#8220; global_colors_info=&#8220;{}&#8220;]<\/p>\n<h2>Measures and qualification management incl. risk assessment<\/h2>\n<p>[\/et_pb_text][\/et_pb_column][\/et_pb_row][et_pb_row column_structure=&#8220;2_5,3_5&#8243; _builder_version=&#8220;4.16&#8243; _module_preset=&#8220;default&#8220; global_colors_info=&#8220;{}&#8220;][et_pb_column type=&#8220;2_5&#8243; _builder_version=&#8220;4.16&#8243; _module_preset=&#8220;default&#8220; global_colors_info=&#8220;{}&#8220;][et_pb_testimonial quote_icon=&#8220;off&#8220; use_icon_font_size=&#8220;on&#8220; icon_font_size=&#8220;1px&#8220; _builder_version=&#8220;4.16&#8243; _module_preset=&#8220;default&#8220; body_font=&#8220;Open Sans||on||||||&#8220; custom_padding=&#8220;18px||6px||false|false&#8220; global_colors_info=&#8220;{}&#8220;]<\/p>\n<p style=\"text-align: center;\">Measures management, in which all process participants are connected<\/p>\n<p>[\/et_pb_testimonial][et_pb_text _builder_version=&#8220;4.16&#8243; _module_preset=&#8220;default&#8220; global_colors_info=&#8220;{}&#8220;]<\/p>\n<p>An important building block in the <a href=\"https:\/\/pdap.de\/en\/digitalisierung\/\">Digitalization<\/a> is the measure management. PDAP provides a common, browser-based platform through which measures can be quickly recorded and the current status of measure plans can be viewed at any time.<\/p>\n<p>Task management can be evaluated across departments and locations. A reminder supports those responsible in tracking deadlines and thus ensures deadline reliability.<\/p>\n<p>[\/et_pb_text][et_pb_testimonial quote_icon=&#8220;off&#8220; use_icon_font_size=&#8220;on&#8220; icon_font_size=&#8220;1px&#8220; _builder_version=&#8220;4.16&#8243; _module_preset=&#8220;default&#8220; body_font=&#8220;Open Sans||on||||||&#8220; custom_padding=&#8220;18px||6px||false|false&#8220; global_colors_info=&#8220;{}&#8220;]<\/p>\n<p style=\"text-align: center;\">The right function always gets to the right decision-maker at the right time.<\/p>\n<p>[\/et_pb_testimonial][\/et_pb_column][et_pb_column type=&#8220;3_5&#8243; _builder_version=&#8220;4.16&#8243; _module_preset=&#8220;default&#8220; global_colors_info=&#8220;{}&#8220;][et_pb_image src=&#8220;https:\/\/pdap.de\/wp-content\/uploads\/2021\/09\/reklamation-offene-vorgaenge-prioritaet.png&#8220; alt=&#8220;Ma\u00dfnahmen: Graphische Darstellung der offenen Vorg\u00e4nge nach Priorit\u00e4t&#8220; title_text=&#8220;Graphische Darstellung nach Priorit\u00e4t&#8220; show_in_lightbox=&#8220;on&#8220; _builder_version=&#8220;4.16&#8243; _module_preset=&#8220;default&#8220; global_colors_info=&#8220;{}&#8220;][\/et_pb_image][et_pb_text _builder_version=&#8220;4.16&#8243; _module_preset=&#8220;default&#8220; text_font=&#8220;Open Sans||on||||||&#8220; custom_margin=&#8220;-20px||||false|false&#8220; global_colors_info=&#8220;{}&#8220;]<\/p>\n<p style=\"text-align: center;\">Open operations by priority<\/p>\n<p>[\/et_pb_text][\/et_pb_column][\/et_pb_row][et_pb_row column_structure=&#8220;3_5,2_5&#8243; _builder_version=&#8220;4.16&#8243; _module_preset=&#8220;default&#8220; custom_padding=&#8220;29px|||||&#8220; global_colors_info=&#8220;{}&#8220;][et_pb_column type=&#8220;3_5&#8243; _builder_version=&#8220;4.16&#8243; _module_preset=&#8220;default&#8220; global_colors_info=&#8220;{}&#8220;][et_pb_image src=&#8220;https:\/\/pdap.de\/wp-content\/uploads\/2021\/09\/kostenanalyse.png&#8220; alt=&#8220;Ma\u00dfnahmen: \u00dcbersicht der Ma\u00dfnahmenkosten&#8220; title_text=&#8220;Kostenanalyse mit Kostenmatrix&#8220; show_in_lightbox=&#8220;on&#8220; _builder_version=&#8220;4.16&#8243; _module_preset=&#8220;default&#8220; global_colors_info=&#8220;{}&#8220;][\/et_pb_image][et_pb_text _builder_version=&#8220;4.16&#8243; _module_preset=&#8220;default&#8220; text_font=&#8220;Open Sans||on||||||&#8220; custom_margin=&#8220;-20px||||false|false&#8220; global_colors_info=&#8220;{}&#8220;]<\/p>\n<p style=\"text-align: center;\">Measures and cost analysis<\/p>\n<p>[\/et_pb_text][\/et_pb_column][et_pb_column type=&#8220;2_5&#8243; _builder_version=&#8220;4.16&#8243; _module_preset=&#8220;default&#8220; global_colors_info=&#8220;{}&#8220;][et_pb_text _builder_version=&#8220;4.16&#8243; _module_preset=&#8220;default&#8220; global_colors_info=&#8220;{}&#8220;]<\/p>\n<p>If required, action management can be linked with other <a href=\"https:\/\/pdap.de\/en\/qualitaetsmanagement\/\">modules<\/a> be linked under a holistic approach. For example, in the context of ISO-IATF-16949 requirements, this is an important point for tracking inspection orders that contain critical or significant features when there is a violation of intervention or specification limits.<\/p>\n<p>[\/et_pb_text][et_pb_testimonial quote_icon=&#8220;off&#8220; use_icon_font_size=&#8220;on&#8220; icon_font_size=&#8220;1px&#8220; _builder_version=&#8220;4.16&#8243; _module_preset=&#8220;default&#8220; body_font=&#8220;Open Sans||on||||||&#8220; custom_padding=&#8220;18px||6px||false|false&#8220; global_colors_info=&#8220;{}&#8220;]<\/p>\n<p style=\"text-align: center;\">How do you ensure that a specification or intervention limit violation is tracked for critical features?<\/p>\n<p>[\/et_pb_testimonial][et_pb_text _builder_version=&#8220;4.16&#8243; _module_preset=&#8220;default&#8220; global_colors_info=&#8220;{}&#8220;]<\/p>\n<h3>Key Features<\/h3>\n<ul>\n<li>\n<div><span>Task, service management<\/span><\/div>\n<\/li>\n<li>\n<div><span><\/span><span>Training, qualification management<\/span><\/div>\n<\/li>\n<li>\n<div><span><\/span><span>Risk assessment<\/span><\/div>\n<\/li>\n<\/ul>\n<p>[\/et_pb_text][\/et_pb_column][\/et_pb_row][et_pb_row column_structure=&#8220;2_5,3_5&#8243; _builder_version=&#8220;4.16&#8243; _module_preset=&#8220;default&#8220; custom_padding=&#8220;28px|||||&#8220; global_colors_info=&#8220;{}&#8220;][et_pb_column type=&#8220;2_5&#8243; _builder_version=&#8220;4.16&#8243; _module_preset=&#8220;default&#8220; global_colors_info=&#8220;{}&#8220;][et_pb_text _builder_version=&#8220;4.16&#8243; _module_preset=&#8220;default&#8220; global_colors_info=&#8220;{}&#8220;]<\/p>\n<h3>Highlights<\/h3>\n<ul>\n<li>Integrate measures for customers, suppliers and internal operations<\/li>\n<li>Automatic reminder service for appointments<\/li>\n<li>Own task lists for agents and persons responsible for confirmation<\/li>\n<li>Performance evaluation for departments and locations<\/li>\n<li>Analysis of planned and actual costs<\/li>\n<li>Evaluation of the runtimes in the Gantt chart<\/li>\n<li>Linking to training and qualification management<\/li>\n<\/ul>\n<p>[\/et_pb_text][\/et_pb_column][et_pb_column type=&#8220;3_5&#8243; _builder_version=&#8220;4.16&#8243; _module_preset=&#8220;default&#8220; global_colors_info=&#8220;{}&#8220;][et_pb_image src=&#8220;https:\/\/pdap.de\/wp-content\/uploads\/2021\/09\/qualifizierungsmatrix.png&#8220; alt=&#8220;Ma\u00dfnahmen: Qualifikationsmatrix&#8220; title_text=&#8220;Die Qualifikationen der Mitarbeiter direkt erkennen&#8220; show_in_lightbox=&#8220;on&#8220; _builder_version=&#8220;4.16&#8243; _module_preset=&#8220;default&#8220; global_colors_info=&#8220;{}&#8220;][\/et_pb_image][et_pb_text _builder_version=&#8220;4.16&#8243; _module_preset=&#8220;default&#8220; text_font=&#8220;Open Sans||on||||||&#8220; custom_margin=&#8220;-20px||||false|false&#8220; global_colors_info=&#8220;{}&#8220;]<\/p>\n<p style=\"text-align: center;\">Qualification matrix<\/p>\n<p>[\/et_pb_text][\/et_pb_column][\/et_pb_row][\/et_pb_section]<\/p>","protected":false},"excerpt":{"rendered":"<p><div class=\"et_pb_module lwp_divi_breadcrumbs lwp_divi_breadcrumbs_0\">\n\t\t\t\t\n\t\t\t\t\n\t\t\t\t\n\t\t\t\t\n\t\t\t\t\n\t\t\t\t\n\t\t\t\t<div class=\"et_pb_module_inner\">\n\t\t\t\t\t<div class=\"lwp-breadcrumbs\"> <span class=\"before\"><\/span> <span vocab=\"https:\/\/schema.org\/\" typeof=\"BreadcrumbList\"><span property=\"itemListElement\" typeof=\"ListItem\"><a property=\"item\" typeof=\"WebPage\" href=\"https:\/\/pdap.de\/en\/\" class=\"home\"><span property=\"name\">Start<\/span><\/a><meta property=\"position\" content=\"1\"><\/span> <span class=\"separator et-pb-icon\">9<\/span> <\/span><\/div>\n\t\t\t\t<\/div>\n\t\t\t<\/div>Ma\u00dfnahmen- und Qualifizierungsmanagement inkl. Gef\u00e4hrdungsbeurteilungMa\u00dfnahmenmanagement, bei dem alle Prozessbeteiligten angebunden sindEin wichtiger Baustein im Rahmen der Digitalisierung ist das Ma\u00dfnahmenmanagement. PDAP bietet eine gemeinsame, browserbasierte Plattform, \u00fcber die Ma\u00dfnahmen schnell erfasst und der aktuelle Stand der Ma\u00dfnahmenpl\u00e4ne jederzeit einsehbar ist. Das Ma\u00dfnahmenmanagement ist abteilungs- und standort\u00fcbergreifend auswertbar. Ein Reminder [&hellip;]<\/p>","protected":false},"author":2,"featured_media":0,"parent":7717,"menu_order":0,"comment_status":"closed","ping_status":"closed","template":"","meta":{"_et_pb_use_builder":"on","_et_pb_old_content":"","_et_gb_content_width":""},"yoast_head":"<!-- This site is optimized with the Yoast SEO plugin v20.6 - https:\/\/yoast.com\/wordpress\/plugins\/seo\/ -->\n<title>Ma\u00dfnahmen zur Qualit\u00e4tssicherung managen &ndash; PDAP - Qualit\u00e4tsmanagement &amp; Digitalisierung<\/title>\n<meta name=\"description\" content=\"Ma\u00dfnahmen zur Weiterbildung der Mitarbeiter koordinieren: Sorgen Sie f\u00fcr ein effizientes Qualifizierungsmanagement f\u00fcr qualitative Erfolge.\" \/>\n<meta name=\"robots\" content=\"index, follow, max-snippet:-1, max-image-preview:large, max-video-preview:-1\" \/>\n<link rel=\"canonical\" href=\"https:\/\/pdap.de\/en\/qualitaetsmanagement\/massnahmen\/\" \/>\n<meta property=\"og:locale\" content=\"en_US\" \/>\n<meta property=\"og:type\" content=\"article\" \/>\n<meta property=\"og:title\" content=\"Ma\u00dfnahmen zur Qualit\u00e4tssicherung managen &ndash; PDAP - Qualit\u00e4tsmanagement &amp; Digitalisierung\" \/>\n<meta property=\"og:description\" content=\"Ma\u00dfnahmen zur Weiterbildung der Mitarbeiter koordinieren: Sorgen Sie f\u00fcr ein effizientes Qualifizierungsmanagement f\u00fcr qualitative Erfolge.\" \/>\n<meta property=\"og:url\" content=\"https:\/\/pdap.de\/en\/qualitaetsmanagement\/massnahmen\/\" \/>\n<meta property=\"og:site_name\" content=\"PDAP - Qualit\u00e4tsmanagement &amp; Digitalisierung\" \/>\n<meta property=\"article:modified_time\" content=\"2023-03-15T08:17:15+00:00\" \/>\n<meta name=\"twitter:card\" content=\"summary_large_image\" \/>\n<script type=\"application\/ld+json\" class=\"yoast-schema-graph\">{\"@context\":\"https:\/\/schema.org\",\"@graph\":[{\"@type\":\"WebPage\",\"@id\":\"https:\/\/pdap.de\/qualitaetsmanagement\/massnahmen\/\",\"url\":\"https:\/\/pdap.de\/qualitaetsmanagement\/massnahmen\/\",\"name\":\"Ma\u00dfnahmen zur Qualit\u00e4tssicherung managen &ndash; PDAP - Qualit\u00e4tsmanagement &amp; Digitalisierung\",\"isPartOf\":{\"@id\":\"https:\/\/pdap.de\/#website\"},\"datePublished\":\"2021-09-08T11:38:46+00:00\",\"dateModified\":\"2023-03-15T08:17:15+00:00\",\"description\":\"Ma\u00dfnahmen zur Weiterbildung der Mitarbeiter koordinieren: Sorgen Sie f\u00fcr ein effizientes Qualifizierungsmanagement f\u00fcr qualitative Erfolge.\",\"breadcrumb\":{\"@id\":\"https:\/\/pdap.de\/qualitaetsmanagement\/massnahmen\/#breadcrumb\"},\"inLanguage\":\"en-US\",\"potentialAction\":[{\"@type\":\"ReadAction\",\"target\":[\"https:\/\/pdap.de\/qualitaetsmanagement\/massnahmen\/\"]}]},{\"@type\":\"BreadcrumbList\",\"@id\":\"https:\/\/pdap.de\/qualitaetsmanagement\/massnahmen\/#breadcrumb\",\"itemListElement\":[{\"@type\":\"ListItem\",\"position\":1,\"name\":\"Startseite\",\"item\":\"https:\/\/pdap.de\/\"},{\"@type\":\"ListItem\",\"position\":2,\"name\":\"Qualit\u00e4tsmanagement\",\"item\":\"https:\/\/pdap.de\/qualitaetsmanagement\/\"},{\"@type\":\"ListItem\",\"position\":3,\"name\":\"Ma\u00dfnahmen\"}]},{\"@type\":\"WebSite\",\"@id\":\"https:\/\/pdap.de\/#website\",\"url\":\"https:\/\/pdap.de\/\",\"name\":\"PDAP - Qualit\u00e4tsmanagement &amp; Digitalisierung\",\"description\":\"by JessenLenz\",\"publisher\":{\"@id\":\"https:\/\/pdap.de\/#organization\"},\"potentialAction\":[{\"@type\":\"SearchAction\",\"target\":{\"@type\":\"EntryPoint\",\"urlTemplate\":\"https:\/\/pdap.de\/?s={search_term_string}\"},\"query-input\":\"required name=search_term_string\"}],\"inLanguage\":\"en-US\"},{\"@type\":\"Organization\",\"@id\":\"https:\/\/pdap.de\/#organization\",\"name\":\"PDAP by JessenLenz\",\"url\":\"https:\/\/pdap.de\/\",\"logo\":{\"@type\":\"ImageObject\",\"inLanguage\":\"en-US\",\"@id\":\"https:\/\/pdap.de\/#\/schema\/logo\/image\/\",\"url\":\"https:\/\/pdap.de\/wp-content\/uploads\/2021\/08\/pdap-logo-1.png\",\"contentUrl\":\"https:\/\/pdap.de\/wp-content\/uploads\/2021\/08\/pdap-logo-1.png\",\"width\":800,\"height\":377,\"caption\":\"PDAP by JessenLenz\"},\"image\":{\"@id\":\"https:\/\/pdap.de\/#\/schema\/logo\/image\/\"}}]}<\/script>\n<!-- \/ Yoast SEO plugin. -->","yoast_head_json":{"title":"Ma\u00dfnahmen zur Qualit\u00e4tssicherung managen &ndash; PDAP - Qualit\u00e4tsmanagement &amp; Digitalisierung","description":"Ma\u00dfnahmen zur Weiterbildung der Mitarbeiter koordinieren: Sorgen Sie f\u00fcr ein effizientes Qualifizierungsmanagement f\u00fcr qualitative Erfolge.","robots":{"index":"index","follow":"follow","max-snippet":"max-snippet:-1","max-image-preview":"max-image-preview:large","max-video-preview":"max-video-preview:-1"},"canonical":"https:\/\/pdap.de\/en\/qualitaetsmanagement\/massnahmen\/","og_locale":"en_US","og_type":"article","og_title":"Ma\u00dfnahmen zur Qualit\u00e4tssicherung managen &ndash; PDAP - Qualit\u00e4tsmanagement &amp; Digitalisierung","og_description":"Ma\u00dfnahmen zur Weiterbildung der Mitarbeiter koordinieren: Sorgen Sie f\u00fcr ein effizientes Qualifizierungsmanagement f\u00fcr qualitative Erfolge.","og_url":"https:\/\/pdap.de\/en\/qualitaetsmanagement\/massnahmen\/","og_site_name":"PDAP - Qualit\u00e4tsmanagement &amp; Digitalisierung","article_modified_time":"2023-03-15T08:17:15+00:00","twitter_card":"summary_large_image","schema":{"@context":"https:\/\/schema.org","@graph":[{"@type":"WebPage","@id":"https:\/\/pdap.de\/qualitaetsmanagement\/massnahmen\/","url":"https:\/\/pdap.de\/qualitaetsmanagement\/massnahmen\/","name":"Ma\u00dfnahmen zur Qualit\u00e4tssicherung managen &ndash; PDAP - Qualit\u00e4tsmanagement &amp; Digitalisierung","isPartOf":{"@id":"https:\/\/pdap.de\/#website"},"datePublished":"2021-09-08T11:38:46+00:00","dateModified":"2023-03-15T08:17:15+00:00","description":"Ma\u00dfnahmen zur Weiterbildung der Mitarbeiter koordinieren: Sorgen Sie f\u00fcr ein effizientes Qualifizierungsmanagement f\u00fcr qualitative Erfolge.","breadcrumb":{"@id":"https:\/\/pdap.de\/qualitaetsmanagement\/massnahmen\/#breadcrumb"},"inLanguage":"en-US","potentialAction":[{"@type":"ReadAction","target":["https:\/\/pdap.de\/qualitaetsmanagement\/massnahmen\/"]}]},{"@type":"BreadcrumbList","@id":"https:\/\/pdap.de\/qualitaetsmanagement\/massnahmen\/#breadcrumb","itemListElement":[{"@type":"ListItem","position":1,"name":"Startseite","item":"https:\/\/pdap.de\/"},{"@type":"ListItem","position":2,"name":"Qualit\u00e4tsmanagement","item":"https:\/\/pdap.de\/qualitaetsmanagement\/"},{"@type":"ListItem","position":3,"name":"Ma\u00dfnahmen"}]},{"@type":"WebSite","@id":"https:\/\/pdap.de\/#website","url":"https:\/\/pdap.de\/","name":"PDAP - Qualit\u00e4tsmanagement &amp; Digitalisierung","description":"by JessenLenz","publisher":{"@id":"https:\/\/pdap.de\/#organization"},"potentialAction":[{"@type":"SearchAction","target":{"@type":"EntryPoint","urlTemplate":"https:\/\/pdap.de\/?s={search_term_string}"},"query-input":"required name=search_term_string"}],"inLanguage":"en-US"},{"@type":"Organization","@id":"https:\/\/pdap.de\/#organization","name":"PDAP by JessenLenz","url":"https:\/\/pdap.de\/","logo":{"@type":"ImageObject","inLanguage":"en-US","@id":"https:\/\/pdap.de\/#\/schema\/logo\/image\/","url":"https:\/\/pdap.de\/wp-content\/uploads\/2021\/08\/pdap-logo-1.png","contentUrl":"https:\/\/pdap.de\/wp-content\/uploads\/2021\/08\/pdap-logo-1.png","width":800,"height":377,"caption":"PDAP by JessenLenz"},"image":{"@id":"https:\/\/pdap.de\/#\/schema\/logo\/image\/"}}]}},"_links":{"self":[{"href":"https:\/\/pdap.de\/en\/wp-json\/wp\/v2\/pages\/10886"}],"collection":[{"href":"https:\/\/pdap.de\/en\/wp-json\/wp\/v2\/pages"}],"about":[{"href":"https:\/\/pdap.de\/en\/wp-json\/wp\/v2\/types\/page"}],"author":[{"embeddable":true,"href":"https:\/\/pdap.de\/en\/wp-json\/wp\/v2\/users\/2"}],"replies":[{"embeddable":true,"href":"https:\/\/pdap.de\/en\/wp-json\/wp\/v2\/comments?post=10886"}],"version-history":[{"count":33,"href":"https:\/\/pdap.de\/en\/wp-json\/wp\/v2\/pages\/10886\/revisions"}],"predecessor-version":[{"id":14650,"href":"https:\/\/pdap.de\/en\/wp-json\/wp\/v2\/pages\/10886\/revisions\/14650"}],"up":[{"embeddable":true,"href":"https:\/\/pdap.de\/en\/wp-json\/wp\/v2\/pages\/7717"}],"wp:attachment":[{"href":"https:\/\/pdap.de\/en\/wp-json\/wp\/v2\/media?parent=10886"}],"curies":[{"name":"wp","href":"https:\/\/api.w.org\/{rel}","templated":true}]}}