{"id":10884,"date":"2021-09-08T13:38:23","date_gmt":"2021-09-08T11:38:23","guid":{"rendered":"http:\/\/test.pdap.de\/?page_id=10884"},"modified":"2023-03-15T08:52:05","modified_gmt":"2023-03-15T07:52:05","slug":"fertigungsbegleitung","status":"publish","type":"page","link":"https:\/\/pdap.de\/en\/qualitaetsmanagement\/fertigungsbegleitung\/","title":{"rendered":"Production support"},"content":{"rendered":"<p>[et_pb_section fb_built=&#8220;1&#8243; fullwidth=&#8220;on&#8220; _builder_version=&#8220;4.19.5&#8243; _module_preset=&#8220;default&#8220; global_colors_info=&#8220;{}&#8220; theme_builder_area=&#8220;post_content&#8220;][et_pb_fullwidth_slider use_bg_overlay=&#8220;off&#8220; use_text_overlay=&#8220;off&#8220; _builder_version=&#8220;4.19.5&#8243; _module_preset=&#8220;default&#8220; header_level=&#8220;h1&#8243; header_font=&#8220;||||||||&#8220; header_text_color=&#8220;#686868&#8243; header_font_size=&#8220;26px&#8220; body_font_size=&#8220;20px&#8220; custom_button=&#8220;on&#8220; button_text_size=&#8220;18px&#8220; button_text_color=&#8220;#868686&#8243; button_bg_color=&#8220;rgba(255,255,255,0.62)&#8220; button_border_width=&#8220;2px&#8220; button_border_color=&#8220;#ffffff&#8220; button_alignment=&#8220;right&#8220; content_width_tablet=&#8220;55%&#8220; content_width_phone=&#8220;100%&#8220; content_width_last_edited=&#8220;on|phone&#8220; height_tablet=&#8220;410px&#8220; height_phone=&#8220;380px&#8220; height_last_edited=&#8220;on|phone&#8220; max_height_last_edited=&#8220;off|desktop&#8220; custom_margin=&#8220;||||false|false&#8220; custom_padding=&#8220;||||false|false&#8220; auto=&#8220;on&#8220; auto_speed=&#8220;4500&#8243; hover_enabled=&#8220;0&#8243; header_font_size_tablet=&#8220;18px&#8220; header_font_size_phone=&#8220;16px&#8220; header_font_size_last_edited=&#8220;on|phone&#8220; button_text_size_tablet=&#8220;15px&#8220; button_text_size_phone=&#8220;14px&#8220; button_text_size_last_edited=&#8220;on|tablet&#8220; custom_css_slide_description=&#8220;animation-name: none; !important&#8220; header_text_shadow_style=&#8220;preset1&#8243; header_text_shadow_color=&#8220;rgba(127,127,127,0.4)&#8220; global_colors_info=&#8220;{}&#8220; custom_css_slide_description_last_edited=&#8220;off|tablet&#8220; theme_builder_area=&#8220;post_content&#8220; sticky_enabled=&#8220;0&#8243;][et_pb_slide heading_last_edited=&#8220;off|tablet&#8220; _builder_version=&#8220;4.19.5&#8243; _module_preset=&#8220;default&#8220; background_enable_color=&#8220;off&#8220; background_image=&#8220;https:\/\/pdap.de\/wp-content\/uploads\/2023\/02\/slider-fertigungsbegleitung.jpg&#8220; background_enable_image=&#8220;on&#8220; custom_button=&#8220;on&#8220; button_text_color=&#8220;#ffffff&#8220; button_alignment=&#8220;center&#8220; hover_enabled=&#8220;0&#8243; background_last_edited=&#8220;on|phone&#8220; background_image_phone=&#8220;https:\/\/pdap.de\/wp-content\/uploads\/2023\/02\/slider-fertigungsbegleitung-mobil.jpg&#8220; background_enable_image_phone=&#8220;on&#8220; custom_css_slide_button=&#8220;position: absolute;||left: 10;||right: 0;||bottom: 0;||margin-left: 400px;||margin-right: 80px;||margin-bottom: 100px&#8220; global_colors_info=&#8220;{}&#8220; custom_css_slide_button_last_edited=&#8220;on|phone&#8220; custom_css_slide_button_tablet=&#8220;position: absolute;||left: 0;||right: 0;||bottom: 0;||margin-left: 100px;||margin-right: 100px;||margin-bottom: 130px;&#8220; custom_css_slide_button_phone=&#8220;position: absolute;||left: 0;||right: 0;||bottom: 0;||margin-left: 100px;||margin-right: 100px;||margin-bottom: 130px;&#8220; sticky_transition=&#8220;on&#8220; theme_builder_area=&#8220;post_content&#8220; title_text=&#8220;Car,Factory:,Female,Automotive,Engineer,Wearing,Hard,Hat,,Standing,,Using&#8220; sticky_enabled=&#8220;0&#8243;][\/et_pb_slide][\/et_pb_fullwidth_slider][\/et_pb_section][et_pb_section fb_built=&#8220;1&#8243; _builder_version=&#8220;4.19.5&#8243; _module_preset=&#8220;default&#8220; custom_padding=&#8220;||||false|false&#8220; global_colors_info=&#8220;{}&#8220;][et_pb_row _builder_version=&#8220;4.19.5&#8243; _module_preset=&#8220;default&#8220; global_colors_info=&#8220;{}&#8220; custom_padding=&#8220;0px||||false|false&#8220;][et_pb_column type=&#8220;4_4&#8243; _builder_version=&#8220;4.16&#8243; _module_preset=&#8220;default&#8220; global_colors_info=&#8220;{}&#8220;][lwp_divi_breadcrumbs home_text=&#8220;Start&#8220; _builder_version=&#8220;4.19.5&#8243; _module_preset=&#8220;default&#8220; hover_enabled=&#8220;0&#8243; global_colors_info=&#8220;{}&#8220; sticky_enabled=&#8220;0&#8243;][\/lwp_divi_breadcrumbs][et_pb_text _builder_version=&#8220;4.16&#8243; _module_preset=&#8220;default&#8220; custom_padding=&#8220;||||false|false&#8220; global_colors_info=&#8220;{}&#8220;]<\/p>\n<h2>Detection of process deviations with SPC methods<\/h2>\n<p>[\/et_pb_text][\/et_pb_column][\/et_pb_row][et_pb_row column_structure=&#8220;2_5,3_5&#8243; _builder_version=&#8220;4.16&#8243; _module_preset=&#8220;default&#8220; global_colors_info=&#8220;{}&#8220;][et_pb_column type=&#8220;2_5&#8243; _builder_version=&#8220;4.16&#8243; _module_preset=&#8220;default&#8220; global_colors_info=&#8220;{}&#8220;][et_pb_testimonial quote_icon=&#8220;off&#8220; use_icon_font_size=&#8220;on&#8220; icon_font_size=&#8220;1px&#8220; _builder_version=&#8220;4.16&#8243; _module_preset=&#8220;default&#8220; body_font=&#8220;Open Sans||on||||||&#8220; custom_padding=&#8220;18px||6px||false|false&#8220; global_colors_info=&#8220;{}&#8220;]<\/p>\n<p style=\"text-align: center;\">Respond to process changes in a timely manner and identify systematic influences in manufacturing support before rejects occur<\/p>\n<p>[\/et_pb_testimonial][et_pb_text _builder_version=&#8220;4.16&#8243; _module_preset=&#8220;default&#8220; global_colors_info=&#8220;{}&#8220;]<\/p>\n<p><span>Statistical <\/span><span>Process<\/span><span> Control (SPC) offers comprehensive manufacturing support with digital connection to processes and manufacturing stations as well as automatic testing machines and measuring equipment. Use analyses <\/span><span>with <\/span><span>Link into capacity and production planning. Use standardized evaluation methods and control charts to prove your normative requirements. The knowledge gained from your process data flows into continuous improvement management.\u00a0<\/span>For example, use the 5S method to evaluate workplace organization. Extensive analysis options show you trends and potential for improvement.<\/p>\n<p>[\/et_pb_text][\/et_pb_column][et_pb_column type=&#8220;3_5&#8243; _builder_version=&#8220;4.16&#8243; _module_preset=&#8220;default&#8220; global_colors_info=&#8220;{}&#8220;][et_pb_code raw_content_tablet=&#8220;<\/p>\n<p style=\"%22text-align:\" right;%22><iframe width=\"%22600%22\" height=\"%22380%22\" src=\"%22https:\/\/app.powerbi.com\/view?r=eyJrIjoiZGEwY2I0NGEtZjkxMi00ZGE0LWIwMjAtZDNhNTI3YTZlMzU5IiwidCI6ImI4NzM2Y2Q1LTI2YTItNDA0YS05ZjY4LTViMDkyZDA5OGMwNyIsImMiOjl9&#038;pageName=ReportSection%22\" frameborder=\"%220%22\" allowfullscreen=\"%22true%22\"><\/iframe>&#8220; raw_content_phone=&#8220;<\/p>\n<p style=\"%22text-align:\" right;%22><iframe width=\"%22600%22\" height=\"%22220%22\" src=\"%22https:\/\/app.powerbi.com\/view?r=eyJrIjoiZGEwY2I0NGEtZjkxMi00ZGE0LWIwMjAtZDNhNTI3YTZlMzU5IiwidCI6ImI4NzM2Y2Q1LTI2YTItNDA0YS05ZjY4LTViMDkyZDA5OGMwNyIsImMiOjl9&#038;pageName=ReportSection%22\" frameborder=\"%220%22\" allowfullscreen=\"%22true%22\"><\/iframe>&#8220; raw_content_last_edited=&#8220;on|phone&#8220; _builder_version=&#8220;4.16&#8243; _module_preset=&#8220;default&#8220; link_option_url=&#8220;https:\/\/app.powerbi.com\/view?r=eyJrIjoiZGEwY2I0NGEtZjkxMi00ZGE0LWIwMjAtZDNhNTI3YTZlMzU5IiwidCI6ImI4NzM2Y2Q1LTI2YTItNDA0YS05ZjY4LTViMDkyZDA5OGMwNyIsImMiOjl9&#038;pageName=ReportSection&#8220; link_option_url_new_window=&#8220;on&#8220; global_colors_info=&#8220;{}&#8220;]<pee style=\"text-align: center;\"><iframe loading=\"lazy\" width=\"700\" height=\"380\" src=\"https:\/\/app.powerbi.com\/view?r=eyJrIjoiZGEwY2I0NGEtZjkxMi00ZGE0LWIwMjAtZDNhNTI3YTZlMzU5IiwidCI6ImI4NzM2Y2Q1LTI2YTItNDA0YS05ZjY4LTViMDkyZDA5OGMwNyIsImMiOjl9&#038;pageName=ReportSection\" frameborder=\"0\" allowfullscreen=\"true\"><\/iframe>[\/et_pb_code][et_pb_text _builder_version=&#8220;4.16&#8243; _module_preset=&#8220;default&#8220; text_font=&#8220;Open Sans||on||||||&#8220; custom_margin=&#8220;-20px||||false|false&#8220; global_colors_info=&#8220;{}&#8220;]<\/p>\n<p style=\"text-align: center;\">Online SPC monitoring in live evaluation (<a href=\"https:\/\/app.powerbi.com\/view?r=eyJrIjoiZGEwY2I0NGEtZjkxMi00ZGE0LWIwMjAtZDNhNTI3YTZlMzU5IiwidCI6ImI4NzM2Y2Q1LTI2YTItNDA0YS05ZjY4LTViMDkyZDA5OGMwNyIsImMiOjl9&amp;pageName=ReportSection\" target=\"_blank\" rel=\"noopener\">for application<\/a>)<\/p>\n<p>[\/et_pb_text][\/et_pb_column][\/et_pb_row][et_pb_row column_structure=&#8220;1_2,1_2&#8243; _builder_version=&#8220;4.16&#8243; _module_preset=&#8220;default&#8220; custom_padding=&#8220;29px|||||&#8220; global_colors_info=&#8220;{}&#8220;][et_pb_column type=&#8220;1_2&#8243; _builder_version=&#8220;4.16&#8243; _module_preset=&#8220;default&#8220; global_colors_info=&#8220;{}&#8220;][et_pb_image src=&#8220;https:\/\/pdap.de\/wp-content\/uploads\/2021\/09\/fehleranalyse-fehlersammelkartenuebersicht.png&#8220; alt=&#8220;Fertigungsbegleitung: Fehleranalyse in der Fehlersammelkarten\u00fcbersicht&#8220; title_text=&#8220;Fehleranalyse in PDAP8&#8243; show_in_lightbox=&#8220;on&#8220; _builder_version=&#8220;4.16&#8243; _module_preset=&#8220;default&#8220; global_colors_info=&#8220;{}&#8220;][\/et_pb_image][et_pb_text _builder_version=&#8220;4.16&#8243; _module_preset=&#8220;default&#8220; text_font=&#8220;Open Sans||on||||||&#8220; custom_margin=&#8220;-20px||||false|false&#8220; global_colors_info=&#8220;{}&#8220;]<\/p>\n<p style=\"text-align: center;\">Fault Collection Card with Analysis Function and Drill Through<\/p>\n<p>[\/et_pb_text][\/et_pb_column][et_pb_column type=&#8220;1_2&#8243; _builder_version=&#8220;4.16&#8243; _module_preset=&#8220;default&#8220; global_colors_info=&#8220;{}&#8220;][et_pb_testimonial quote_icon=&#8220;off&#8220; use_icon_font_size=&#8220;on&#8220; icon_font_size=&#8220;1px&#8220; _builder_version=&#8220;4.16&#8243; _module_preset=&#8220;default&#8220; body_font=&#8220;Open Sans||on||||||&#8220; custom_padding=&#8220;18px||6px||false|false&#8220; global_colors_info=&#8220;{}&#8220;]<\/p>\n<p style=\"text-align: center;\">How do you ensure that violations of intervention limits are always tracked for critical features?<\/p>\n<p>[\/et_pb_testimonial][et_pb_text _builder_version=&#8220;4.16&#8243; _module_preset=&#8220;default&#8220; global_colors_info=&#8220;{}&#8220;]<\/p>\n<p>With PDAP, automatic system responses link action management with process monitoring and automatically inform you of deviations in critical process and product characteristics.<\/p>\n<h2><\/h2>\n<h3>Key Features<\/h3>\n<ul>\n<li>\n<div><span>Statistical Process Control (SPC)<\/span><\/div>\n<\/li>\n<li>\n<div><span><\/span><span>Test plan management \/ test order control<\/span><\/div>\n<\/li>\n<li>\n<div><span><\/span><span>Shewhart-<\/span><span>Control cards<\/span><\/div>\n<\/li>\n<li>\n<div><span><\/span><span>5S method for evaluating the organization<\/span><\/div>\n<\/li>\n<\/ul>\n<h3>Shewhart control cards<\/h3>\n<ul>\n<li>Test for normal distribution<\/li>\n<li>Extensions for logarithmic normal distribution<\/li>\n<li>Median, single value, coefficient of variation, cusum and acceptance value charts<\/li>\n<li>Pre-Control Card<\/li>\n<li>Test report comparing the informative value of the different methods<\/li>\n<\/ul>\n<p>[\/et_pb_text][\/et_pb_column][\/et_pb_row][et_pb_row column_structure=&#8220;2_3,1_3&#8243; _builder_version=&#8220;4.16&#8243; _module_preset=&#8220;default&#8220; custom_padding=&#8220;28px|||||&#8220; global_colors_info=&#8220;{}&#8220;][et_pb_column type=&#8220;2_3&#8243; _builder_version=&#8220;4.16&#8243; _module_preset=&#8220;default&#8220; global_colors_info=&#8220;{}&#8220;][et_pb_text _builder_version=&#8220;4.16&#8243; _module_preset=&#8220;default&#8220; global_colors_info=&#8220;{}&#8220;]<\/p>\n<h3>Attributive control charts<\/h3>\n<ul>\n<li>u card -&gt; number of errors<\/li>\n<li>p card -&gt; number of faulty units<\/li>\n<\/ul>\n<h3>Highlights<\/h3>\n<p>Online SPC: The example of a machine interface enables integrated process control in practical use<\/p>\n<h4>Implementation of process improvement at the customer<\/h4>\n<p>The inspection data recording was largely integrated across all machines via an automatic log import. The majority of the characteristics flow into the CAQ database in automatically running orders. Finally, the inspectors check the orders as required and confirm them in a final characteristic by visual inspection. Automatic warning systems provide rule-based information about relevant deviations in production. In addition, a central online monitoring portal provides browser-based and continuous information about the current status of the key figures and the failure rate.<\/p>\n<p>[\/et_pb_text][\/et_pb_column][et_pb_column type=&#8220;1_3&#8243; _builder_version=&#8220;4.16&#8243; _module_preset=&#8220;default&#8220; global_colors_info=&#8220;{}&#8220;][et_pb_image src=&#8220;https:\/\/pdap.de\/wp-content\/uploads\/2021\/09\/fehlerschwerpunkte-sunburst.png&#8220; alt=&#8220;Fertigungsbegleitung: Fehlerschwerpunkte nach Produktkategorien im Sunburst-Chart&#8220; title_text=&#8220;Fehlerschwerpunkte graphisch aufbereitet&#8220; show_in_lightbox=&#8220;on&#8220; _builder_version=&#8220;4.16&#8243; _module_preset=&#8220;default&#8220; global_colors_info=&#8220;{}&#8220;][\/et_pb_image][et_pb_text _builder_version=&#8220;4.16&#8243; _module_preset=&#8220;default&#8220; text_font=&#8220;Open Sans||on||||||&#8220; custom_margin=&#8220;-20px||||false|false&#8220; global_colors_info=&#8220;{}&#8220;]<\/p>\n<p style=\"text-align: center;\">Focal points of errors by product category in the sunburst chart<\/p>\n<p>[\/et_pb_text][\/et_pb_column][\/et_pb_row][\/et_pb_section]<\/p>","protected":false},"excerpt":{"rendered":"<p><div class=\"et_pb_module lwp_divi_breadcrumbs lwp_divi_breadcrumbs_0\">\n\t\t\t\t\n\t\t\t\t\n\t\t\t\t\n\t\t\t\t\n\t\t\t\t\n\t\t\t\t\n\t\t\t\t<div class=\"et_pb_module_inner\">\n\t\t\t\t\t<div class=\"lwp-breadcrumbs\"> <span class=\"before\"><\/span> <span vocab=\"https:\/\/schema.org\/\" typeof=\"BreadcrumbList\"><span property=\"itemListElement\" typeof=\"ListItem\"><a property=\"item\" typeof=\"WebPage\" href=\"https:\/\/pdap.de\/en\/\" class=\"home\"><span property=\"name\">Start<\/span><\/a><meta property=\"position\" content=\"1\"><\/span> <span class=\"separator et-pb-icon\">9<\/span> <\/span><\/div>\n\t\t\t\t<\/div>\n\t\t\t<\/div>Erkennen von Prozessabweichungen mit SPC-VerfahrenRechtzeitig auf Prozessver\u00e4nderungen reagieren und systematische Einfl\u00fcsse in der Fertigungsbegleitung erkennen, bevor es zu Ausschuss kommtStatistical Process Control (SPC) bietet umfassende Fertigungsbegleitung mit digitaler Anbindung an Prozesse und Fertigungsstationen sowie Pr\u00fcfautomaten und Messmittel. Nutzen Sie Analysen mit der Verkn\u00fcpfung in die Kapazit\u00e4ts- und Produktionsplanung. Verwenden [&hellip;]<\/p>","protected":false},"author":2,"featured_media":0,"parent":7717,"menu_order":0,"comment_status":"closed","ping_status":"closed","template":"","meta":{"_et_pb_use_builder":"on","_et_pb_old_content":"","_et_gb_content_width":""},"yoast_head":"<!-- This site is optimized with the Yoast SEO plugin v20.6 - https:\/\/yoast.com\/wordpress\/plugins\/seo\/ -->\n<title>Fertigungsbegleitung zur Qualit\u00e4tssicherung &ndash; PDAP - Qualit\u00e4tsmanagement &amp; Digitalisierung<\/title>\n<meta name=\"description\" content=\"Fertigungsbegleitung mit SPC-Verfahren: Erkennen Sie fr\u00fchzeitig Prozessabweichungen, um Fehlproduktionen vorzubeugen und Kosten einzusparen.\" \/>\n<meta name=\"robots\" content=\"index, follow, max-snippet:-1, max-image-preview:large, max-video-preview:-1\" \/>\n<link rel=\"canonical\" href=\"https:\/\/pdap.de\/en\/qualitaetsmanagement\/fertigungsbegleitung\/\" \/>\n<meta property=\"og:locale\" content=\"en_US\" \/>\n<meta property=\"og:type\" content=\"article\" \/>\n<meta property=\"og:title\" content=\"Fertigungsbegleitung zur Qualit\u00e4tssicherung &ndash; PDAP - Qualit\u00e4tsmanagement &amp; Digitalisierung\" \/>\n<meta property=\"og:description\" content=\"Fertigungsbegleitung mit SPC-Verfahren: Erkennen Sie fr\u00fchzeitig Prozessabweichungen, um Fehlproduktionen vorzubeugen und Kosten einzusparen.\" \/>\n<meta property=\"og:url\" content=\"https:\/\/pdap.de\/en\/qualitaetsmanagement\/fertigungsbegleitung\/\" \/>\n<meta property=\"og:site_name\" content=\"PDAP - Qualit\u00e4tsmanagement &amp; Digitalisierung\" \/>\n<meta property=\"article:modified_time\" content=\"2023-03-15T07:52:05+00:00\" \/>\n<meta name=\"twitter:card\" content=\"summary_large_image\" \/>\n<script type=\"application\/ld+json\" class=\"yoast-schema-graph\">{\"@context\":\"https:\/\/schema.org\",\"@graph\":[{\"@type\":\"WebPage\",\"@id\":\"https:\/\/pdap.de\/qualitaetsmanagement\/fertigungsbegleitung\/\",\"url\":\"https:\/\/pdap.de\/qualitaetsmanagement\/fertigungsbegleitung\/\",\"name\":\"Fertigungsbegleitung zur Qualit\u00e4tssicherung &ndash; PDAP - Qualit\u00e4tsmanagement &amp; Digitalisierung\",\"isPartOf\":{\"@id\":\"https:\/\/pdap.de\/#website\"},\"datePublished\":\"2021-09-08T11:38:23+00:00\",\"dateModified\":\"2023-03-15T07:52:05+00:00\",\"description\":\"Fertigungsbegleitung mit SPC-Verfahren: Erkennen Sie fr\u00fchzeitig Prozessabweichungen, um Fehlproduktionen vorzubeugen und Kosten einzusparen.\",\"breadcrumb\":{\"@id\":\"https:\/\/pdap.de\/qualitaetsmanagement\/fertigungsbegleitung\/#breadcrumb\"},\"inLanguage\":\"en-US\",\"potentialAction\":[{\"@type\":\"ReadAction\",\"target\":[\"https:\/\/pdap.de\/qualitaetsmanagement\/fertigungsbegleitung\/\"]}]},{\"@type\":\"BreadcrumbList\",\"@id\":\"https:\/\/pdap.de\/qualitaetsmanagement\/fertigungsbegleitung\/#breadcrumb\",\"itemListElement\":[{\"@type\":\"ListItem\",\"position\":1,\"name\":\"Startseite\",\"item\":\"https:\/\/pdap.de\/\"},{\"@type\":\"ListItem\",\"position\":2,\"name\":\"Qualit\u00e4tsmanagement\",\"item\":\"https:\/\/pdap.de\/qualitaetsmanagement\/\"},{\"@type\":\"ListItem\",\"position\":3,\"name\":\"Fertigungsbegleitung\"}]},{\"@type\":\"WebSite\",\"@id\":\"https:\/\/pdap.de\/#website\",\"url\":\"https:\/\/pdap.de\/\",\"name\":\"PDAP - Qualit\u00e4tsmanagement &amp; Digitalisierung\",\"description\":\"by JessenLenz\",\"publisher\":{\"@id\":\"https:\/\/pdap.de\/#organization\"},\"potentialAction\":[{\"@type\":\"SearchAction\",\"target\":{\"@type\":\"EntryPoint\",\"urlTemplate\":\"https:\/\/pdap.de\/?s={search_term_string}\"},\"query-input\":\"required name=search_term_string\"}],\"inLanguage\":\"en-US\"},{\"@type\":\"Organization\",\"@id\":\"https:\/\/pdap.de\/#organization\",\"name\":\"PDAP by JessenLenz\",\"url\":\"https:\/\/pdap.de\/\",\"logo\":{\"@type\":\"ImageObject\",\"inLanguage\":\"en-US\",\"@id\":\"https:\/\/pdap.de\/#\/schema\/logo\/image\/\",\"url\":\"https:\/\/pdap.de\/wp-content\/uploads\/2021\/08\/pdap-logo-1.png\",\"contentUrl\":\"https:\/\/pdap.de\/wp-content\/uploads\/2021\/08\/pdap-logo-1.png\",\"width\":800,\"height\":377,\"caption\":\"PDAP by JessenLenz\"},\"image\":{\"@id\":\"https:\/\/pdap.de\/#\/schema\/logo\/image\/\"}}]}<\/script>\n<!-- \/ Yoast SEO plugin. -->","yoast_head_json":{"title":"Fertigungsbegleitung zur Qualit\u00e4tssicherung &ndash; PDAP - Qualit\u00e4tsmanagement &amp; Digitalisierung","description":"Fertigungsbegleitung mit SPC-Verfahren: Erkennen Sie fr\u00fchzeitig Prozessabweichungen, um Fehlproduktionen vorzubeugen und Kosten einzusparen.","robots":{"index":"index","follow":"follow","max-snippet":"max-snippet:-1","max-image-preview":"max-image-preview:large","max-video-preview":"max-video-preview:-1"},"canonical":"https:\/\/pdap.de\/en\/qualitaetsmanagement\/fertigungsbegleitung\/","og_locale":"en_US","og_type":"article","og_title":"Fertigungsbegleitung zur Qualit\u00e4tssicherung &ndash; PDAP - Qualit\u00e4tsmanagement &amp; Digitalisierung","og_description":"Fertigungsbegleitung mit SPC-Verfahren: Erkennen Sie fr\u00fchzeitig Prozessabweichungen, um Fehlproduktionen vorzubeugen und Kosten einzusparen.","og_url":"https:\/\/pdap.de\/en\/qualitaetsmanagement\/fertigungsbegleitung\/","og_site_name":"PDAP - Qualit\u00e4tsmanagement &amp; Digitalisierung","article_modified_time":"2023-03-15T07:52:05+00:00","twitter_card":"summary_large_image","schema":{"@context":"https:\/\/schema.org","@graph":[{"@type":"WebPage","@id":"https:\/\/pdap.de\/qualitaetsmanagement\/fertigungsbegleitung\/","url":"https:\/\/pdap.de\/qualitaetsmanagement\/fertigungsbegleitung\/","name":"Fertigungsbegleitung zur Qualit\u00e4tssicherung &ndash; PDAP - Qualit\u00e4tsmanagement &amp; Digitalisierung","isPartOf":{"@id":"https:\/\/pdap.de\/#website"},"datePublished":"2021-09-08T11:38:23+00:00","dateModified":"2023-03-15T07:52:05+00:00","description":"Fertigungsbegleitung mit SPC-Verfahren: Erkennen Sie fr\u00fchzeitig Prozessabweichungen, um Fehlproduktionen vorzubeugen und Kosten einzusparen.","breadcrumb":{"@id":"https:\/\/pdap.de\/qualitaetsmanagement\/fertigungsbegleitung\/#breadcrumb"},"inLanguage":"en-US","potentialAction":[{"@type":"ReadAction","target":["https:\/\/pdap.de\/qualitaetsmanagement\/fertigungsbegleitung\/"]}]},{"@type":"BreadcrumbList","@id":"https:\/\/pdap.de\/qualitaetsmanagement\/fertigungsbegleitung\/#breadcrumb","itemListElement":[{"@type":"ListItem","position":1,"name":"Startseite","item":"https:\/\/pdap.de\/"},{"@type":"ListItem","position":2,"name":"Qualit\u00e4tsmanagement","item":"https:\/\/pdap.de\/qualitaetsmanagement\/"},{"@type":"ListItem","position":3,"name":"Fertigungsbegleitung"}]},{"@type":"WebSite","@id":"https:\/\/pdap.de\/#website","url":"https:\/\/pdap.de\/","name":"PDAP - Qualit\u00e4tsmanagement &amp; Digitalisierung","description":"by JessenLenz","publisher":{"@id":"https:\/\/pdap.de\/#organization"},"potentialAction":[{"@type":"SearchAction","target":{"@type":"EntryPoint","urlTemplate":"https:\/\/pdap.de\/?s={search_term_string}"},"query-input":"required name=search_term_string"}],"inLanguage":"en-US"},{"@type":"Organization","@id":"https:\/\/pdap.de\/#organization","name":"PDAP by JessenLenz","url":"https:\/\/pdap.de\/","logo":{"@type":"ImageObject","inLanguage":"en-US","@id":"https:\/\/pdap.de\/#\/schema\/logo\/image\/","url":"https:\/\/pdap.de\/wp-content\/uploads\/2021\/08\/pdap-logo-1.png","contentUrl":"https:\/\/pdap.de\/wp-content\/uploads\/2021\/08\/pdap-logo-1.png","width":800,"height":377,"caption":"PDAP by JessenLenz"},"image":{"@id":"https:\/\/pdap.de\/#\/schema\/logo\/image\/"}}]}},"_links":{"self":[{"href":"https:\/\/pdap.de\/en\/wp-json\/wp\/v2\/pages\/10884"}],"collection":[{"href":"https:\/\/pdap.de\/en\/wp-json\/wp\/v2\/pages"}],"about":[{"href":"https:\/\/pdap.de\/en\/wp-json\/wp\/v2\/types\/page"}],"author":[{"embeddable":true,"href":"https:\/\/pdap.de\/en\/wp-json\/wp\/v2\/users\/2"}],"replies":[{"embeddable":true,"href":"https:\/\/pdap.de\/en\/wp-json\/wp\/v2\/comments?post=10884"}],"version-history":[{"count":85,"href":"https:\/\/pdap.de\/en\/wp-json\/wp\/v2\/pages\/10884\/revisions"}],"predecessor-version":[{"id":14631,"href":"https:\/\/pdap.de\/en\/wp-json\/wp\/v2\/pages\/10884\/revisions\/14631"}],"up":[{"embeddable":true,"href":"https:\/\/pdap.de\/en\/wp-json\/wp\/v2\/pages\/7717"}],"wp:attachment":[{"href":"https:\/\/pdap.de\/en\/wp-json\/wp\/v2\/media?parent=10884"}],"curies":[{"name":"wp","href":"https:\/\/api.w.org\/{rel}","templated":true}]}}