{"id":10882,"date":"2021-09-08T13:38:03","date_gmt":"2021-09-08T11:38:03","guid":{"rendered":"http:\/\/test.pdap.de\/?page_id=10882"},"modified":"2023-04-12T11:57:20","modified_gmt":"2023-04-12T09:57:20","slug":"qualitaetsvorausplanung","status":"publish","type":"page","link":"https:\/\/pdap.de\/en\/qualitaetsmanagement\/qualitaetsvorausplanung\/","title":{"rendered":"Advance quality planning"},"content":{"rendered":"<p>[et_pb_section fb_built=&#8220;1&#8243; fullwidth=&#8220;on&#8220; _builder_version=&#8220;4.19.5&#8243; _module_preset=&#8220;default&#8220; global_colors_info=&#8220;{}&#8220;][et_pb_fullwidth_slider use_bg_overlay=&#8220;off&#8220; use_text_overlay=&#8220;off&#8220; _builder_version=&#8220;4.19.5&#8243; _module_preset=&#8220;default&#8220; header_level=&#8220;h1&#8243; header_font=&#8220;||||||||&#8220; header_text_color=&#8220;#686868&#8243; header_font_size=&#8220;26px&#8220; body_font_size=&#8220;20px&#8220; custom_button=&#8220;on&#8220; button_text_size=&#8220;18px&#8220; button_text_color=&#8220;#868686&#8243; button_bg_color=&#8220;rgba(255,255,255,0.62)&#8220; button_border_width=&#8220;2px&#8220; button_border_color=&#8220;#ffffff&#8220; button_alignment=&#8220;right&#8220; content_width_tablet=&#8220;55%&#8220; content_width_phone=&#8220;100%&#8220; content_width_last_edited=&#8220;on|phone&#8220; height_tablet=&#8220;410px&#8220; height_phone=&#8220;380px&#8220; height_last_edited=&#8220;on|phone&#8220; max_height_last_edited=&#8220;off|desktop&#8220; custom_margin=&#8220;||||false|false&#8220; custom_padding=&#8220;||||false|false&#8220; auto=&#8220;on&#8220; auto_speed=&#8220;4500&#8243; header_font_size_tablet=&#8220;18px&#8220; header_font_size_phone=&#8220;16px&#8220; header_font_size_last_edited=&#8220;on|phone&#8220; button_text_size_tablet=&#8220;15px&#8220; button_text_size_phone=&#8220;14px&#8220; button_text_size_last_edited=&#8220;on|tablet&#8220; custom_css_slide_description=&#8220;animation-name: none; !important&#8220; header_text_shadow_style=&#8220;preset1&#8243; header_text_shadow_color=&#8220;rgba(127,127,127,0.4)&#8220; global_colors_info=&#8220;{}&#8220; custom_css_slide_description_last_edited=&#8220;off|tablet&#8220;][et_pb_slide heading_last_edited=&#8220;off|tablet&#8220; _builder_version=&#8220;4.19.5&#8243; _module_preset=&#8220;default&#8220; background_enable_color=&#8220;off&#8220; background_image=&#8220;https:\/\/pdap.de\/wp-content\/uploads\/2023\/02\/slider-qualitaetsvorausplanung.jpg&#8220; background_enable_image=&#8220;on&#8220; custom_button=&#8220;on&#8220; button_text_color=&#8220;#ffffff&#8220; button_alignment=&#8220;center&#8220; background_last_edited=&#8220;on|phone&#8220; background_image_phone=&#8220;https:\/\/pdap.de\/wp-content\/uploads\/2023\/02\/slider-qualitaetsvorausplanung-mobil.jpg&#8220; background_enable_image_phone=&#8220;on&#8220; custom_css_slide_button=&#8220;position: absolute;||left: 10;||right: 0;||bottom: 0;||margin-left: 400px;||margin-right: 80px;||margin-bottom: 100px&#8220; global_colors_info=&#8220;{}&#8220; custom_css_slide_button_last_edited=&#8220;on|phone&#8220; custom_css_slide_button_tablet=&#8220;position: absolute;||left: 0;||right: 0;||bottom: 0;||margin-left: 100px;||margin-right: 100px;||margin-bottom: 130px;&#8220; custom_css_slide_button_phone=&#8220;position: absolute;||left: 0;||right: 0;||bottom: 0;||margin-left: 100px;||margin-right: 100px;||margin-bottom: 130px;&#8220; sticky_transition=&#8220;on&#8220;][\/et_pb_slide][\/et_pb_fullwidth_slider][\/et_pb_section][et_pb_section fb_built=&#8220;1&#8243; _builder_version=&#8220;4.19.5&#8243; _module_preset=&#8220;default&#8220; custom_padding=&#8220;||||false|false&#8220; global_colors_info=&#8220;{}&#8220;][et_pb_row _builder_version=&#8220;4.19.5&#8243; _module_preset=&#8220;default&#8220; custom_padding=&#8220;0px||||false|false&#8220; global_colors_info=&#8220;{}&#8220;][et_pb_column type=&#8220;4_4&#8243; _builder_version=&#8220;4.16&#8243; _module_preset=&#8220;default&#8220; global_colors_info=&#8220;{}&#8220;][lwp_divi_breadcrumbs home_text=&#8220;Start&#8220; _builder_version=&#8220;4.19.5&#8243; _module_preset=&#8220;default&#8220; global_colors_info=&#8220;{}&#8220;][\/lwp_divi_breadcrumbs][et_pb_text _builder_version=&#8220;4.16&#8243; _module_preset=&#8220;default&#8220; custom_padding=&#8220;||||false|false&#8220; global_colors_info=&#8220;{}&#8220;]<\/p>\n<h2>Produktion auf Basis von APQP Qualit\u00e4tsstandards definieren<\/h2>\n<p>[\/et_pb_text][\/et_pb_column][\/et_pb_row][et_pb_row column_structure=&#8220;1_2,1_2&#8243; _builder_version=&#8220;4.16&#8243; _module_preset=&#8220;default&#8220; global_colors_info=&#8220;{}&#8220;][et_pb_column type=&#8220;1_2&#8243; _builder_version=&#8220;4.16&#8243; _module_preset=&#8220;default&#8220; global_colors_info=&#8220;{}&#8220;][et_pb_testimonial quote_icon=&#8220;off&#8220; use_icon_font_size=&#8220;on&#8220; icon_font_size=&#8220;1px&#8220; _builder_version=&#8220;4.16&#8243; _module_preset=&#8220;default&#8220; body_font=&#8220;Open Sans||on||||||&#8220; custom_padding=&#8220;18px||6px||false|false&#8220; global_colors_info=&#8220;{}&#8220;]<\/p>\n<p style=\"text-align: center;\">Harmonisierung VDA und AIAG:<\/p>\n<p style=\"text-align: center;\">Die internationale Standardisierung f\u00fcr eine robuste, genaue und vollst\u00e4ndige FMEA<\/p>\n<p>[\/et_pb_testimonial][et_pb_text _builder_version=&#8220;4.16&#8243; _module_preset=&#8220;default&#8220; global_colors_info=&#8220;{}&#8220;]<\/p>\n<h3>Key Features<\/h3>\n<ul>\n<li>\n<div><span>Fehlerm\u00f6glichkeits- &amp; Einflussanalyse (FMEA)<\/span><\/div>\n<\/li>\n<li>\n<div><span><\/span><span>Grafischer Strukturplaner und Funktionsanalyse<\/span><\/div>\n<\/li>\n<li>\n<div><span><\/span><span>Browserbasierter <\/span><span>Process<\/span><span> Flow Designer<\/span><\/div>\n<\/li>\n<li>\n<div><span><\/span><span>Fertigungsbegleitpl\u00e4ne und Pr\u00fcfpl\u00e4ne<\/span><\/div>\n<\/li>\n<li>\n<div><span><\/span><span>Erstmusterpr\u00fcfbericht<\/span><\/div>\n<\/li>\n<li>\n<div><span><\/span><span>Risikomatrix mit Ampelfaktor<\/span><\/div>\n<\/li>\n<\/ul>\n<p><span>Mit APQP definieren Sie die Qualit\u00e4tsstandards vor Beginn der Produktion. APQP bildet in PDAP 8 eine integrierte Kette im CAQ, begleitend mit der Erstellung der FMEA, der Fertigungsbegleit- und Pr\u00fcfpl\u00e4ne und mit Bezug zum Gew\u00e4hrleistungsmanagement.<\/span><\/p>\n<p>[\/et_pb_text][et_pb_text _builder_version=&#8220;4.16&#8243; _module_preset=&#8220;default&#8220; global_colors_info=&#8220;{}&#8220;]<\/p>\n<p><span>Mit PDAP 8\u00a0sind die R\u00fcckkopplung von APQP, SPC sowie\u00a0Reklamationen im CAQ-System und die\u00a0automatische Ma\u00dfnahmenerzeugung organisiert. Die Verkn\u00fcpfung von FMEA, Pr\u00fcf- und Prozessbegleitung, die Bildung neuer Revisionen sowie der Prozess- und der arbeits\u00fcbergreifende Informationszufluss sind von gro\u00dfem Vorteil.<\/span><\/p>\n<p>[\/et_pb_text][\/et_pb_column][et_pb_column type=&#8220;1_2&#8243; _builder_version=&#8220;4.16&#8243; _module_preset=&#8220;default&#8220; global_colors_info=&#8220;{}&#8220;][et_pb_image src=&#8220;https:\/\/pdap.de\/wp-content\/uploads\/2022\/11\/prozessplan-hebel-spc.png&#8220; alt=&#8220;Qualit\u00e4tsvorausplanung: Prozesse mit PDAP8 koordinieren&#8220; title_text=&#8220;prozessplan-hebel-spc&#8220; show_in_lightbox=&#8220;on&#8220; align=&#8220;center&#8220; _builder_version=&#8220;4.18.0&#8243; _module_preset=&#8220;default&#8220; height=&#8220;600px&#8220; global_colors_info=&#8220;{}&#8220;][\/et_pb_image][et_pb_text _builder_version=&#8220;4.16&#8243; _module_preset=&#8220;default&#8220; text_font=&#8220;Open Sans||on||||||&#8220; text_text_color=&#8220;#666666&#8243; custom_margin=&#8220;-30px||||false|false&#8220; global_colors_info=&#8220;{}&#8220;]<\/p>\n<p style=\"text-align: center;\">Prozess\u00fcbersicht im Browser<\/p>\n<p>[\/et_pb_text][\/et_pb_column][\/et_pb_row][et_pb_row column_structure=&#8220;1_2,1_2&#8243; _builder_version=&#8220;4.16&#8243; _module_preset=&#8220;default&#8220; global_colors_info=&#8220;{}&#8220;][et_pb_column type=&#8220;1_2&#8243; _builder_version=&#8220;4.16&#8243; _module_preset=&#8220;default&#8220; global_colors_info=&#8220;{}&#8220;][et_pb_image src=&#8220;https:\/\/pdap.de\/wp-content\/uploads\/2021\/09\/risk-cube.png&#8220; alt=&#8220;Risk Cube zur Qualit\u00e4tsvorausplanung&#8220; title_text=&#8220;Risk Cube&#8220; show_in_lightbox=&#8220;on&#8220; align=&#8220;center&#8220; _builder_version=&#8220;4.16&#8243; _module_preset=&#8220;default&#8220; max_width=&#8220;75%&#8220; global_colors_info=&#8220;{}&#8220;][\/et_pb_image][et_pb_text _builder_version=&#8220;4.16&#8243; _module_preset=&#8220;default&#8220; text_font=&#8220;Open Sans||on||||||&#8220; text_text_color=&#8220;#666666&#8243; custom_margin=&#8220;-30px||||false|false&#8220; global_colors_info=&#8220;{}&#8220;]<\/p>\n<p style=\"text-align: center;\">Risk Matrix<\/p>\n<p>[\/et_pb_text][\/et_pb_column][et_pb_column type=&#8220;1_2&#8243; _builder_version=&#8220;4.16&#8243; _module_preset=&#8220;default&#8220; global_colors_info=&#8220;{}&#8220;][et_pb_text _builder_version=&#8220;4.16&#8243; _module_preset=&#8220;default&#8220; global_colors_info=&#8220;{}&#8220;]<\/p>\n<h3>Wichtige Vorteile<\/h3>\n<ul>\n<li>R\u00fcckkopplungen APQP, <a href=\"https:\/\/pdap.de\/qualitaetsmanagement\/fertigungsbegleitung\/\">SPC<\/a> und REKL im CAQ-System<\/li>\n<li>Systemreaktionen mit Remindern und automatischer Ma\u00dfnahmenerzeugung<\/li>\n<li>Verkn\u00fcpfung bei Bildung neuer Revisionen<\/li>\n<li>Zeitersparnis bei der Datenpflege<\/li>\n<li>Prozess- und workflow\u00fcbergreifende Informationsgewinnnung<\/li>\n<li>Klassischer und integrierter Ansatz<\/li>\n<li>Verkn\u00fcpfung von FMEA, Pr\u00fcf- und Ablaufplanung mit Gew\u00e4hrleistung<\/li>\n<li>Kontinuierliche <a href=\"https:\/\/pdap.de\/faq-2\/kontinuierliche-risikobegleitung-mit-3d-risk-matrix-dashboard-inkl-indikator-ampel\/\">Risikoanalyse<\/a> in der Prozessbegleitung<\/li>\n<li>8D-Verkn\u00fcpfung von Qualit\u00e4tsplanung und Aftermarket<\/li>\n<\/ul>\n<h3>Highlights<\/h3>\n<p>Prozesse und Systeme in Risikobereichen beurteilen<\/p>\n<p>[\/et_pb_text][\/et_pb_column][\/et_pb_row][et_pb_row _builder_version=&#8220;4.16&#8243; _module_preset=&#8220;default&#8220; custom_margin=&#8220;20px||||false|false&#8220; custom_padding=&#8220;|100px||||&#8220; global_colors_info=&#8220;{}&#8220;][et_pb_column type=&#8220;4_4&#8243; _builder_version=&#8220;4.16&#8243; _module_preset=&#8220;default&#8220; global_colors_info=&#8220;{}&#8220;][et_pb_gallery gallery_ids=&#8220;14887,14886,11511&#8243; fullwidth=&#8220;on&#8220; _builder_version=&#8220;4.20.2&#8243; _module_preset=&#8220;default&#8220; title_level=&#8220;h4&#8243; title_font=&#8220;Open Sans||||||||&#8220; title_text_align=&#8220;center&#8220; caption_text_align=&#8220;center&#8220; text_orientation=&#8220;center&#8220; custom_padding=&#8220;|||100px|false|false&#8220; auto=&#8220;on&#8220; auto_speed=&#8220;5000&#8243; hover_enabled=&#8220;0&#8243; module_alignment_last_edited=&#8220;off|desktop&#8220; global_colors_info=&#8220;{}&#8220; sticky_enabled=&#8220;0&#8243;][\/et_pb_gallery][\/et_pb_column][\/et_pb_row][\/et_pb_section]<\/p>\n","protected":false},"excerpt":{"rendered":"<p><div class=\"et_pb_module lwp_divi_breadcrumbs lwp_divi_breadcrumbs_0\">\n\t\t\t\t\n\t\t\t\t\n\t\t\t\t\n\t\t\t\t\n\t\t\t\t\n\t\t\t\t\n\t\t\t\t<div class=\"et_pb_module_inner\">\n\t\t\t\t\t<div class=\"lwp-breadcrumbs\"> <span class=\"before\"><\/span> <span vocab=\"https:\/\/schema.org\/\" typeof=\"BreadcrumbList\"><span property=\"itemListElement\" typeof=\"ListItem\"><a property=\"item\" typeof=\"WebPage\" href=\"https:\/\/pdap.de\/en\/\" class=\"home\"><span property=\"name\">Start<\/span><\/a><meta property=\"position\" content=\"1\"><\/span> <span class=\"separator et-pb-icon\">&#x39;<\/span> <\/span><\/div>\n\t\t\t\t<\/div>\n\t\t\t<\/div>Produktion auf Basis von APQP Qualit\u00e4tsstandards definierenHarmonisierung VDA und AIAG: Die internationale Standardisierung f\u00fcr eine robuste, genaue und vollst\u00e4ndige FMEAKey Features Fehlerm\u00f6glichkeits- &amp; Einflussanalyse (FMEA) Grafischer Strukturplaner und Funktionsanalyse Browserbasierter Process Flow Designer Fertigungsbegleitpl\u00e4ne und Pr\u00fcfpl\u00e4ne Erstmusterpr\u00fcfbericht Risikomatrix mit Ampelfaktor Mit APQP definieren Sie die Qualit\u00e4tsstandards vor Beginn der Produktion. APQP [&hellip;]<\/p>\n","protected":false},"author":2,"featured_media":0,"parent":7717,"menu_order":0,"comment_status":"closed","ping_status":"closed","template":"","meta":{"_et_pb_use_builder":"on","_et_pb_old_content":"","_et_gb_content_width":"","footnotes":""},"class_list":["post-10882","page","type-page","status-publish","hentry"],"yoast_head":"<!-- This site is optimized with the Yoast SEO plugin v27.5 - https:\/\/yoast.com\/product\/yoast-seo-wordpress\/ -->\n<title>Qualit\u00e4tsvorausplanung f\u00fcr gesicherte Qualit\u00e4tsstandards &#8211; PDAP - Qualit\u00e4tsmanagement &amp; Digitalisierung<\/title>\n<meta name=\"description\" content=\"Qualit\u00e4tsvorausplanung mit APQP: Schon vor Beginn der Produktion Qualit\u00e4tsstandards definieren und Produktionsrisiken senken. Mehr lesen &gt;\" \/>\n<meta name=\"robots\" content=\"index, follow, max-snippet:-1, max-image-preview:large, max-video-preview:-1\" \/>\n<link rel=\"canonical\" href=\"https:\/\/pdap.de\/en\/qualitaetsmanagement\/qualitaetsvorausplanung\/\" \/>\n<meta property=\"og:locale\" content=\"en_US\" \/>\n<meta property=\"og:type\" content=\"article\" \/>\n<meta property=\"og:title\" content=\"Qualit\u00e4tsvorausplanung f\u00fcr gesicherte Qualit\u00e4tsstandards &#8211; PDAP - Qualit\u00e4tsmanagement &amp; Digitalisierung\" \/>\n<meta property=\"og:description\" content=\"Qualit\u00e4tsvorausplanung mit APQP: Schon vor Beginn der Produktion Qualit\u00e4tsstandards definieren und Produktionsrisiken senken. Mehr lesen &gt;\" \/>\n<meta property=\"og:url\" content=\"https:\/\/pdap.de\/en\/qualitaetsmanagement\/qualitaetsvorausplanung\/\" \/>\n<meta property=\"og:site_name\" content=\"PDAP - Qualit\u00e4tsmanagement &amp; Digitalisierung\" \/>\n<meta property=\"article:modified_time\" content=\"2023-04-12T09:57:20+00:00\" \/>\n<meta name=\"twitter:card\" content=\"summary_large_image\" \/>\n<script type=\"application\/ld+json\" class=\"yoast-schema-graph\">{\"@context\":\"https:\\\/\\\/schema.org\",\"@graph\":[{\"@type\":\"WebPage\",\"@id\":\"https:\\\/\\\/pdap.de\\\/qualitaetsmanagement\\\/qualitaetsvorausplanung\\\/\",\"url\":\"https:\\\/\\\/pdap.de\\\/qualitaetsmanagement\\\/qualitaetsvorausplanung\\\/\",\"name\":\"Qualit\u00e4tsvorausplanung f\u00fcr gesicherte Qualit\u00e4tsstandards &#8211; PDAP - Qualit\u00e4tsmanagement &amp; Digitalisierung\",\"isPartOf\":{\"@id\":\"https:\\\/\\\/pdap.de\\\/#website\"},\"datePublished\":\"2021-09-08T11:38:03+00:00\",\"dateModified\":\"2023-04-12T09:57:20+00:00\",\"description\":\"Qualit\u00e4tsvorausplanung mit APQP: Schon vor Beginn der Produktion Qualit\u00e4tsstandards definieren und Produktionsrisiken senken. Mehr lesen >\",\"breadcrumb\":{\"@id\":\"https:\\\/\\\/pdap.de\\\/qualitaetsmanagement\\\/qualitaetsvorausplanung\\\/#breadcrumb\"},\"inLanguage\":\"en-US\",\"potentialAction\":[{\"@type\":\"ReadAction\",\"target\":[\"https:\\\/\\\/pdap.de\\\/qualitaetsmanagement\\\/qualitaetsvorausplanung\\\/\"]}]},{\"@type\":\"BreadcrumbList\",\"@id\":\"https:\\\/\\\/pdap.de\\\/qualitaetsmanagement\\\/qualitaetsvorausplanung\\\/#breadcrumb\",\"itemListElement\":[{\"@type\":\"ListItem\",\"position\":1,\"name\":\"Startseite\",\"item\":\"https:\\\/\\\/pdap.de\\\/\"},{\"@type\":\"ListItem\",\"position\":2,\"name\":\"Qualit\u00e4tsmanagement\",\"item\":\"https:\\\/\\\/pdap.de\\\/qualitaetsmanagement\\\/\"},{\"@type\":\"ListItem\",\"position\":3,\"name\":\"Qualit\u00e4tsvorausplanung\"}]},{\"@type\":\"WebSite\",\"@id\":\"https:\\\/\\\/pdap.de\\\/#website\",\"url\":\"https:\\\/\\\/pdap.de\\\/\",\"name\":\"PDAP - Qualit\u00e4tsmanagement &amp; Digitalisierung\",\"description\":\"by JessenLenz\",\"publisher\":{\"@id\":\"https:\\\/\\\/pdap.de\\\/#organization\"},\"potentialAction\":[{\"@type\":\"SearchAction\",\"target\":{\"@type\":\"EntryPoint\",\"urlTemplate\":\"https:\\\/\\\/pdap.de\\\/?s={search_term_string}\"},\"query-input\":{\"@type\":\"PropertyValueSpecification\",\"valueRequired\":true,\"valueName\":\"search_term_string\"}}],\"inLanguage\":\"en-US\"},{\"@type\":\"Organization\",\"@id\":\"https:\\\/\\\/pdap.de\\\/#organization\",\"name\":\"PDAP by JessenLenz\",\"url\":\"https:\\\/\\\/pdap.de\\\/\",\"logo\":{\"@type\":\"ImageObject\",\"inLanguage\":\"en-US\",\"@id\":\"https:\\\/\\\/pdap.de\\\/#\\\/schema\\\/logo\\\/image\\\/\",\"url\":\"https:\\\/\\\/pdap.de\\\/wp-content\\\/uploads\\\/2021\\\/08\\\/pdap-logo-1.png\",\"contentUrl\":\"https:\\\/\\\/pdap.de\\\/wp-content\\\/uploads\\\/2021\\\/08\\\/pdap-logo-1.png\",\"width\":800,\"height\":377,\"caption\":\"PDAP by JessenLenz\"},\"image\":{\"@id\":\"https:\\\/\\\/pdap.de\\\/#\\\/schema\\\/logo\\\/image\\\/\"}}]}<\/script>\n<!-- \/ Yoast SEO plugin. -->","yoast_head_json":{"title":"Qualit\u00e4tsvorausplanung f\u00fcr gesicherte Qualit\u00e4tsstandards &#8211; PDAP - Qualit\u00e4tsmanagement &amp; Digitalisierung","description":"Qualit\u00e4tsvorausplanung mit APQP: Schon vor Beginn der Produktion Qualit\u00e4tsstandards definieren und Produktionsrisiken senken. Mehr lesen >","robots":{"index":"index","follow":"follow","max-snippet":"max-snippet:-1","max-image-preview":"max-image-preview:large","max-video-preview":"max-video-preview:-1"},"canonical":"https:\/\/pdap.de\/en\/qualitaetsmanagement\/qualitaetsvorausplanung\/","og_locale":"en_US","og_type":"article","og_title":"Qualit\u00e4tsvorausplanung f\u00fcr gesicherte Qualit\u00e4tsstandards &#8211; PDAP - Qualit\u00e4tsmanagement &amp; Digitalisierung","og_description":"Qualit\u00e4tsvorausplanung mit APQP: Schon vor Beginn der Produktion Qualit\u00e4tsstandards definieren und Produktionsrisiken senken. Mehr lesen >","og_url":"https:\/\/pdap.de\/en\/qualitaetsmanagement\/qualitaetsvorausplanung\/","og_site_name":"PDAP - Qualit\u00e4tsmanagement &amp; Digitalisierung","article_modified_time":"2023-04-12T09:57:20+00:00","twitter_card":"summary_large_image","schema":{"@context":"https:\/\/schema.org","@graph":[{"@type":"WebPage","@id":"https:\/\/pdap.de\/qualitaetsmanagement\/qualitaetsvorausplanung\/","url":"https:\/\/pdap.de\/qualitaetsmanagement\/qualitaetsvorausplanung\/","name":"Qualit\u00e4tsvorausplanung f\u00fcr gesicherte Qualit\u00e4tsstandards &#8211; PDAP - Qualit\u00e4tsmanagement &amp; Digitalisierung","isPartOf":{"@id":"https:\/\/pdap.de\/#website"},"datePublished":"2021-09-08T11:38:03+00:00","dateModified":"2023-04-12T09:57:20+00:00","description":"Qualit\u00e4tsvorausplanung mit APQP: Schon vor Beginn der Produktion Qualit\u00e4tsstandards definieren und Produktionsrisiken senken. Mehr lesen >","breadcrumb":{"@id":"https:\/\/pdap.de\/qualitaetsmanagement\/qualitaetsvorausplanung\/#breadcrumb"},"inLanguage":"en-US","potentialAction":[{"@type":"ReadAction","target":["https:\/\/pdap.de\/qualitaetsmanagement\/qualitaetsvorausplanung\/"]}]},{"@type":"BreadcrumbList","@id":"https:\/\/pdap.de\/qualitaetsmanagement\/qualitaetsvorausplanung\/#breadcrumb","itemListElement":[{"@type":"ListItem","position":1,"name":"Startseite","item":"https:\/\/pdap.de\/"},{"@type":"ListItem","position":2,"name":"Qualit\u00e4tsmanagement","item":"https:\/\/pdap.de\/qualitaetsmanagement\/"},{"@type":"ListItem","position":3,"name":"Qualit\u00e4tsvorausplanung"}]},{"@type":"WebSite","@id":"https:\/\/pdap.de\/#website","url":"https:\/\/pdap.de\/","name":"PDAP - Qualit\u00e4tsmanagement &amp; Digitalisierung","description":"by JessenLenz","publisher":{"@id":"https:\/\/pdap.de\/#organization"},"potentialAction":[{"@type":"SearchAction","target":{"@type":"EntryPoint","urlTemplate":"https:\/\/pdap.de\/?s={search_term_string}"},"query-input":{"@type":"PropertyValueSpecification","valueRequired":true,"valueName":"search_term_string"}}],"inLanguage":"en-US"},{"@type":"Organization","@id":"https:\/\/pdap.de\/#organization","name":"PDAP by JessenLenz","url":"https:\/\/pdap.de\/","logo":{"@type":"ImageObject","inLanguage":"en-US","@id":"https:\/\/pdap.de\/#\/schema\/logo\/image\/","url":"https:\/\/pdap.de\/wp-content\/uploads\/2021\/08\/pdap-logo-1.png","contentUrl":"https:\/\/pdap.de\/wp-content\/uploads\/2021\/08\/pdap-logo-1.png","width":800,"height":377,"caption":"PDAP by JessenLenz"},"image":{"@id":"https:\/\/pdap.de\/#\/schema\/logo\/image\/"}}]}},"_links":{"self":[{"href":"https:\/\/pdap.de\/en\/wp-json\/wp\/v2\/pages\/10882","targetHints":{"allow":["GET"]}}],"collection":[{"href":"https:\/\/pdap.de\/en\/wp-json\/wp\/v2\/pages"}],"about":[{"href":"https:\/\/pdap.de\/en\/wp-json\/wp\/v2\/types\/page"}],"author":[{"embeddable":true,"href":"https:\/\/pdap.de\/en\/wp-json\/wp\/v2\/users\/2"}],"replies":[{"embeddable":true,"href":"https:\/\/pdap.de\/en\/wp-json\/wp\/v2\/comments?post=10882"}],"version-history":[{"count":72,"href":"https:\/\/pdap.de\/en\/wp-json\/wp\/v2\/pages\/10882\/revisions"}],"predecessor-version":[{"id":14889,"href":"https:\/\/pdap.de\/en\/wp-json\/wp\/v2\/pages\/10882\/revisions\/14889"}],"up":[{"embeddable":true,"href":"https:\/\/pdap.de\/en\/wp-json\/wp\/v2\/pages\/7717"}],"wp:attachment":[{"href":"https:\/\/pdap.de\/en\/wp-json\/wp\/v2\/media?parent=10882"}],"curies":[{"name":"wp","href":"https:\/\/api.w.org\/{rel}","templated":true}]}}